{"id":2397,"date":"2020-09-05T08:43:40","date_gmt":"2020-09-05T08:43:40","guid":{"rendered":"https:\/\/poderetrafonti.com\/?page_id=2397"},"modified":"2024-02-24T10:25:34","modified_gmt":"2024-02-24T09:25:34","slug":"etre","status":"publish","type":"page","link":"https:\/\/www.poderetrafonti.com\/fr\/etre\/","title":{"rendered":"\u00catre"},"content":{"rendered":"\t\t<div data-elementor-type=\"wp-page\" data-elementor-id=\"2397\" class=\"elementor elementor-2397 elementor-130\" data-elementor-post-type=\"page\">\n\t\t\t\t<div class=\"elementor-element elementor-element-ca598d5 e-flex e-con-boxed e-con e-parent\" data-id=\"ca598d5\" data-element_type=\"container\" data-e-type=\"container\">\n\t\t\t\t\t<div class=\"e-con-inner\">\n\t\t\t\t<div class=\"elementor-element elementor-element-affbfcf elementor-widget elementor-widget-image\" data-id=\"affbfcf\" data-element_type=\"widget\" data-e-type=\"widget\" data-widget_type=\"image.default\">\n\t\t\t\t<div class=\"elementor-widget-container\">\n\t\t\t\t\t\t\t\t\t\t\t\t\t\t\t<img fetchpriority=\"high\" decoding=\"async\" width=\"1920\" height=\"850\" src=\"https:\/\/www.poderetrafonti.com\/wp-content\/uploads\/2024\/02\/placeholder-hero-1ad02e76-1.webp\" class=\"attachment-full size-full wp-image-4256\" alt=\"\" srcset=\"https:\/\/www.poderetrafonti.com\/wp-content\/uploads\/2024\/02\/placeholder-hero-1ad02e76-1.webp 1920w, https:\/\/www.poderetrafonti.com\/wp-content\/uploads\/2024\/02\/placeholder-hero-1ad02e76-1-300x133.webp 300w, https:\/\/www.poderetrafonti.com\/wp-content\/uploads\/2024\/02\/placeholder-hero-1ad02e76-1-1024x453.webp 1024w, https:\/\/www.poderetrafonti.com\/wp-content\/uploads\/2024\/02\/placeholder-hero-1ad02e76-1-768x340.webp 768w, https:\/\/www.poderetrafonti.com\/wp-content\/uploads\/2024\/02\/placeholder-hero-1ad02e76-1-1536x680.webp 1536w\" sizes=\"(max-width: 1920px) 100vw, 1920px\" \/>\t\t\t\t\t\t\t\t\t\t\t\t\t\t\t<\/div>\n\t\t\t\t<\/div>\n\t\t\t\t\t<\/div>\n\t\t\t\t<\/div>\n\t\t<div class=\"elementor-element elementor-element-a13ece5 e-flex e-con-boxed e-con e-parent\" data-id=\"a13ece5\" data-element_type=\"container\" data-e-type=\"container\">\n\t\t\t\t\t<div class=\"e-con-inner\">\n\t\t\t\t<div class=\"elementor-element elementor-element-579e05a elementor-widget elementor-widget-heading\" data-id=\"579e05a\" data-element_type=\"widget\" data-e-type=\"widget\" data-widget_type=\"heading.default\">\n\t\t\t\t<div class=\"elementor-widget-container\">\n\t\t\t\t\t<h2 class=\"elementor-heading-title elementor-size-default\">\u00caTRE, TOUT SIMPLEMENT\n\n<\/h2>\t\t\t\t<\/div>\n\t\t\t\t<\/div>\n\t\t\t\t\t<\/div>\n\t\t\t\t<\/div>\n\t\t<div class=\"elementor-element elementor-element-41e5c28 e-flex e-con-boxed e-con e-parent\" data-id=\"41e5c28\" data-element_type=\"container\" data-e-type=\"container\">\n\t\t\t\t\t<div class=\"e-con-inner\">\n\t\t\t\t<div class=\"elementor-element elementor-element-5643968 elementor-widget elementor-widget-text-editor\" data-id=\"5643968\" data-element_type=\"widget\" data-e-type=\"widget\" data-widget_type=\"text-editor.default\">\n\t\t\t\t<div class=\"elementor-widget-container\">\n\t\t\t\t\t\t\t\t\t<p>On a parfois besoin de ralentir le rythme dans la course effr\u00e9n\u00e9e de la vie. De s\u2019entourer de beaut\u00e9 et de tranquillit\u00e9 pour retrouver le plaisir d\u2019\u00eatre, tout simplement.<\/p><p>Pour certains, c\u2019est l\u2019envie de se ressourcer physiquement au travers d\u2019activit\u00e9s sportives au plus pr\u00e8s de la nature, ou de s\u2019\u00e9lever l\u2019\u00e2me et l\u2019esprit au contact des richesses culturelles de la Toscane.<\/p><p>Pour d\u2019autres, c\u2019est le plaisir de se retrouver en famille pour marquer un \u00e9v\u00e9nement, un anniversaire, une \u00e9tape de la vie, en partageant des moments de complicit\u00e9 dans un cadre exceptionnel.<\/p><p>Pour d\u2019autres encore, le besoin de se retirer en petit comit\u00e9 pour faire m\u00fbrir un projet professionnel, dans un lieu \u00e0 la fois paisible et stimulant, \u00e0 mille lieues du bureau.<br \/><br \/>Que vous veniez avec vos proches, vos amis ou vos coll\u00e8gues, l\u2019\u00e9quipe de Podere Trafonti s\u2019empresse de faire de votre s\u00e9jour un moment inoubliable.<\/p>\t\t\t\t\t\t\t\t<\/div>\n\t\t\t\t<\/div>\n\t\t\t\t\t<\/div>\n\t\t\t\t<\/div>\n\t\t<div class=\"elementor-element elementor-element-32c07ca e-flex e-con-boxed e-con e-parent\" data-id=\"32c07ca\" data-element_type=\"container\" data-e-type=\"container\">\n\t\t\t\t\t<div class=\"e-con-inner\">\n\t\t<div class=\"elementor-element elementor-element-4765708 e-con-full e-flex e-con e-child\" data-id=\"4765708\" data-element_type=\"container\" data-e-type=\"container\">\n\t\t\t\t<div class=\"elementor-element elementor-element-0c0774f elementor-widget elementor-widget-image\" data-id=\"0c0774f\" data-element_type=\"widget\" data-e-type=\"widget\" data-widget_type=\"image.default\">\n\t\t\t\t<div class=\"elementor-widget-container\">\n\t\t\t\t\t\t\t\t\t\t\t\t\t\t\t<img decoding=\"async\" width=\"560\" height=\"760\" src=\"https:\/\/www.poderetrafonti.com\/wp-content\/uploads\/2024\/02\/1-1.gif\" class=\"attachment-large size-large wp-image-4259\" alt=\"\" \/>\t\t\t\t\t\t\t\t\t\t\t\t\t\t\t<\/div>\n\t\t\t\t<\/div>\n\t\t\t\t<\/div>\n\t\t<div class=\"elementor-element elementor-element-2b4ff6c e-con-full e-flex e-con e-child\" data-id=\"2b4ff6c\" data-element_type=\"container\" data-e-type=\"container\">\n\t\t\t\t<div class=\"elementor-element elementor-element-be1c9d3 elementor-widget elementor-widget-image\" data-id=\"be1c9d3\" data-element_type=\"widget\" data-e-type=\"widget\" data-widget_type=\"image.default\">\n\t\t\t\t<div class=\"elementor-widget-container\">\n\t\t\t\t\t\t\t\t\t\t\t\t\t\t\t<img decoding=\"async\" width=\"560\" height=\"760\" src=\"https:\/\/www.poderetrafonti.com\/wp-content\/uploads\/2024\/02\/2-3-1.webp\" class=\"attachment-large size-large wp-image-4262\" alt=\"\" srcset=\"https:\/\/www.poderetrafonti.com\/wp-content\/uploads\/2024\/02\/2-3-1.webp 560w, https:\/\/www.poderetrafonti.com\/wp-content\/uploads\/2024\/02\/2-3-1-221x300.webp 221w\" sizes=\"(max-width: 560px) 100vw, 560px\" \/>\t\t\t\t\t\t\t\t\t\t\t\t\t\t\t<\/div>\n\t\t\t\t<\/div>\n\t\t\t\t<\/div>\n\t\t<div class=\"elementor-element elementor-element-b52df44 e-con-full e-flex e-con e-child\" data-id=\"b52df44\" data-element_type=\"container\" data-e-type=\"container\">\n\t\t\t\t<div class=\"elementor-element elementor-element-1465ba3 elementor-widget elementor-widget-image\" data-id=\"1465ba3\" data-element_type=\"widget\" data-e-type=\"widget\" data-widget_type=\"image.default\">\n\t\t\t\t<div class=\"elementor-widget-container\">\n\t\t\t\t\t\t\t\t\t\t\t\t\t\t\t<img loading=\"lazy\" decoding=\"async\" width=\"755\" height=\"1024\" src=\"https:\/\/www.poderetrafonti.com\/wp-content\/uploads\/2024\/02\/3-3-1-755x1024.webp\" class=\"attachment-large size-large wp-image-4265\" alt=\"\" srcset=\"https:\/\/www.poderetrafonti.com\/wp-content\/uploads\/2024\/02\/3-3-1-755x1024.webp 755w, https:\/\/www.poderetrafonti.com\/wp-content\/uploads\/2024\/02\/3-3-1-221x300.webp 221w, https:\/\/www.poderetrafonti.com\/wp-content\/uploads\/2024\/02\/3-3-1-768x1042.webp 768w, https:\/\/www.poderetrafonti.com\/wp-content\/uploads\/2024\/02\/3-3-1.webp 1120w\" sizes=\"(max-width: 755px) 100vw, 755px\" \/>\t\t\t\t\t\t\t\t\t\t\t\t\t\t\t<\/div>\n\t\t\t\t<\/div>\n\t\t\t\t<\/div>\n\t\t\t\t\t<\/div>\n\t\t\t\t<\/div>\n\t\t<div class=\"elementor-element elementor-element-861b37e e-flex e-con-boxed e-con e-parent\" data-id=\"861b37e\" data-element_type=\"container\" data-e-type=\"container\">\n\t\t\t\t\t<div class=\"e-con-inner\">\n\t\t\t\t<div class=\"elementor-element elementor-element-12627de elementor-widget elementor-widget-heading\" data-id=\"12627de\" data-element_type=\"widget\" data-e-type=\"widget\" data-widget_type=\"heading.default\">\n\t\t\t\t<div class=\"elementor-widget-container\">\n\t\t\t\t\t<h2 class=\"elementor-heading-title elementor-size-default\">\u00caTRE ENSEMBLE\n\n<\/h2>\t\t\t\t<\/div>\n\t\t\t\t<\/div>\n\t\t\t\t\t<\/div>\n\t\t\t\t<\/div>\n\t\t<div class=\"elementor-element elementor-element-546c1df e-flex e-con-boxed e-con e-parent\" data-id=\"546c1df\" data-element_type=\"container\" data-e-type=\"container\">\n\t\t\t\t\t<div class=\"e-con-inner\">\n\t\t\t\t<div class=\"elementor-element elementor-element-70ad033 elementor-widget elementor-widget-text-editor\" data-id=\"70ad033\" data-element_type=\"widget\" data-e-type=\"widget\" data-widget_type=\"text-editor.default\">\n\t\t\t\t<div class=\"elementor-widget-container\">\n\t\t\t\t\t\t\t\t\t<p>Podere Trafonti a pour vocation d\u2019accueillir des exp\u00e9riences collectives pleines de joie, des rencontres amicales, des \u00e9changes inspirants et des collaborations fructueuses. Un lieu pour jouer ou travailler, explorer des territoires nouveaux, partager des moments de convivialit\u00e9 autour d\u2019un repas \u2013 bref, un lieu pour \u00eatre ensemble.<\/p><p>Nous accueillons des groupes de 6 \u00e0 12 personnes \u00e0 partir de deux nuits, pour des vacances, \u00e9v\u00e9nements ou team-buildings alliant activit\u00e9s cr\u00e9atives et r\u00e9cr\u00e9atives. Nos chambres sont spacieuses et confortables, et les espaces int\u00e9rieurs et ext\u00e9rieurs propices \u00e0 la convivialit\u00e9 ou \u00e0 la tranquillit\u00e9, selon votre humeur.<br \/><br \/>Vous cherchez un lieu idyllique pour votre groupe\u00a0? N\u2019h\u00e9sitez pas \u00e0 nous contacter. Nous serons ravis de vous accompagner dans la planification de votre s\u00e9jour.<\/p>\t\t\t\t\t\t\t\t<\/div>\n\t\t\t\t<\/div>\n\t\t\t\t\t<\/div>\n\t\t\t\t<\/div>\n\t\t<div class=\"elementor-element elementor-element-a1c3b09 e-flex e-con-boxed e-con e-parent\" data-id=\"a1c3b09\" data-element_type=\"container\" data-e-type=\"container\">\n\t\t\t\t\t<div class=\"e-con-inner\">\n\t\t<div class=\"elementor-element elementor-element-4bb06ee e-con-full e-flex e-con e-child\" data-id=\"4bb06ee\" data-element_type=\"container\" data-e-type=\"container\">\n\t\t\t\t<div class=\"elementor-element elementor-element-b829f4a elementor-widget elementor-widget-image\" data-id=\"b829f4a\" data-element_type=\"widget\" data-e-type=\"widget\" data-widget_type=\"image.default\">\n\t\t\t\t<div class=\"elementor-widget-container\">\n\t\t\t\t\t\t\t\t\t\t\t\t\t\t\t<img loading=\"lazy\" decoding=\"async\" width=\"755\" height=\"1024\" src=\"https:\/\/www.poderetrafonti.com\/wp-content\/uploads\/2024\/02\/4-3-1-755x1024.webp\" class=\"attachment-large size-large wp-image-4268\" alt=\"\" srcset=\"https:\/\/www.poderetrafonti.com\/wp-content\/uploads\/2024\/02\/4-3-1-755x1024.webp 755w, https:\/\/www.poderetrafonti.com\/wp-content\/uploads\/2024\/02\/4-3-1-221x300.webp 221w, https:\/\/www.poderetrafonti.com\/wp-content\/uploads\/2024\/02\/4-3-1-768x1042.webp 768w, https:\/\/www.poderetrafonti.com\/wp-content\/uploads\/2024\/02\/4-3-1.webp 1120w\" sizes=\"(max-width: 755px) 100vw, 755px\" \/>\t\t\t\t\t\t\t\t\t\t\t\t\t\t\t<\/div>\n\t\t\t\t<\/div>\n\t\t\t\t<\/div>\n\t\t<div class=\"elementor-element elementor-element-2240f7a e-con-full e-flex e-con e-child\" data-id=\"2240f7a\" data-element_type=\"container\" data-e-type=\"container\">\n\t\t\t\t<div class=\"elementor-element elementor-element-66ead5f elementor-widget elementor-widget-image\" data-id=\"66ead5f\" data-element_type=\"widget\" data-e-type=\"widget\" data-widget_type=\"image.default\">\n\t\t\t\t<div class=\"elementor-widget-container\">\n\t\t\t\t\t\t\t\t\t\t\t\t\t\t\t<img loading=\"lazy\" decoding=\"async\" width=\"1024\" height=\"674\" src=\"https:\/\/www.poderetrafonti.com\/wp-content\/uploads\/2024\/02\/5-3-1-1024x674.webp\" class=\"attachment-large size-large wp-image-4271\" alt=\"\" srcset=\"https:\/\/www.poderetrafonti.com\/wp-content\/uploads\/2024\/02\/5-3-1-1024x674.webp 1024w, https:\/\/www.poderetrafonti.com\/wp-content\/uploads\/2024\/02\/5-3-1-300x198.webp 300w, https:\/\/www.poderetrafonti.com\/wp-content\/uploads\/2024\/02\/5-3-1-768x506.webp 768w, https:\/\/www.poderetrafonti.com\/wp-content\/uploads\/2024\/02\/5-3-1.webp 1154w\" sizes=\"(max-width: 1024px) 100vw, 1024px\" \/>\t\t\t\t\t\t\t\t\t\t\t\t\t\t\t<\/div>\n\t\t\t\t<\/div>\n\t\t\t\t<\/div>\n\t\t\t\t\t<\/div>\n\t\t\t\t<\/div>\n\t\t<div class=\"elementor-element elementor-element-2336e6e e-flex e-con-boxed e-con e-parent\" data-id=\"2336e6e\" data-element_type=\"container\" data-e-type=\"container\">\n\t\t\t\t\t<div class=\"e-con-inner\">\n\t\t\t\t<div class=\"elementor-element elementor-element-5c017c9 elementor-widget elementor-widget-heading\" data-id=\"5c017c9\" data-element_type=\"widget\" data-e-type=\"widget\" data-widget_type=\"heading.default\">\n\t\t\t\t<div class=\"elementor-widget-container\">\n\t\t\t\t\t<h2 class=\"elementor-heading-title elementor-size-default\">UN CADRE IDYLLIQUE\n\n\n\n\n<\/h2>\t\t\t\t<\/div>\n\t\t\t\t<\/div>\n\t\t\t\t\t<\/div>\n\t\t\t\t<\/div>\n\t\t<div class=\"elementor-element elementor-element-94754cc e-flex e-con-boxed e-con e-parent\" data-id=\"94754cc\" data-element_type=\"container\" data-e-type=\"container\">\n\t\t\t\t\t<div class=\"e-con-inner\">\n\t\t\t\t<div class=\"elementor-element elementor-element-6ed212a elementor-widget elementor-widget-text-editor\" data-id=\"6ed212a\" data-element_type=\"widget\" data-e-type=\"widget\" data-widget_type=\"text-editor.default\">\n\t\t\t\t<div class=\"elementor-widget-container\">\n\t\t\t\t\t\t\t\t\t<div class=\"tm-grid-expand uk-child-width-1-1 uk-grid-margin uk-grid uk-grid-stack\" uk-grid=\"\"><div class=\"uk-width-1-1@m uk-first-column\"><div class=\"uk-panel uk-text-large uk-margin uk-text-left@m uk-text-center\"><p>Podere Trafonti a \u00e9t\u00e9 habit\u00e9 et cultiv\u00e9 jusqu\u2019\u00e0 la fin des ann\u00e9es 1960. Le corps de ferme a \u00e9t\u00e9 agrandi au gr\u00e9 des d\u00e9cennies pour accueillir plusieurs g\u00e9n\u00e9rations de la m\u00eame famille, ainsi que leurs vaches, poules et cochons. Le domaine \u00e9tait \u00e0 l\u2019abandon depuis presque 40 ans lorsque nous sommes tomb\u00e9s sous le charme de cette ruine envahie par la v\u00e9g\u00e9tation, dont un majestueux figuier qui tr\u00f4nait \u00e0 l\u2019emplacement de notre cuisine actuelle.<\/p><p>Aujourd\u2019hui, Podere Trafonti a retrouv\u00e9 sa vocation premi\u00e8re, revue selon les principes de l\u2019agriculture biologique, avec son oliveraie, son verger son rucher et son potager en permaculture.<\/p><p>Podere Trafonti, ce sont aussi des chambres d\u2019h\u00f4tes de charme pour groupes de 6 \u00e0 10 personnes. Nous proposons 5 \u00e9l\u00e9gantes chambres doubles r\u00e9parties sur trois b\u00e2timents, dont un pavillon \u00e9quip\u00e9 en gite ind\u00e9pendant. Les espaces communs comprennent une biblioth\u00e8que, un grand salon et de nombreux recoins propices \u00e0 la convivialit\u00e9 ou \u00e0 la tranquillit\u00e9, selon votre humeur. Une belle piscine de 17,5\u00a0m avec une vaste terrasse et un bar, une plateforme ext\u00e9rieure en bois \u00e0 l\u2019ombre d\u2019un grand ch\u00eane-vert, ainsi qu\u2019un studio r\u00e9serv\u00e9 au yoga ou autres activit\u00e9s de groupe, viennent compl\u00e9ter le tout. Plusieurs de nos chambres sont accessibles aux personnes \u00e0 mobilit\u00e9 r\u00e9duite.<\/p><\/div><\/div><\/div>\t\t\t\t\t\t\t\t<\/div>\n\t\t\t\t<\/div>\n\t\t\t\t\t<\/div>\n\t\t\t\t<\/div>\n\t\t<div class=\"elementor-element elementor-element-369d995 e-flex e-con-boxed e-con e-parent\" data-id=\"369d995\" data-element_type=\"container\" data-e-type=\"container\">\n\t\t\t\t\t<div class=\"e-con-inner\">\n\t\t\t\t<div class=\"elementor-element elementor-element-e41d624 elementor-widget elementor-widget-image\" data-id=\"e41d624\" data-element_type=\"widget\" data-e-type=\"widget\" data-widget_type=\"image.default\">\n\t\t\t\t<div class=\"elementor-widget-container\">\n\t\t\t\t\t\t\t\t\t\t\t\t\t\t\t<img loading=\"lazy\" decoding=\"async\" width=\"1920\" height=\"760\" src=\"https:\/\/www.poderetrafonti.com\/wp-content\/uploads\/2024\/02\/placeholder-giustezza-c461b351-1.webp\" class=\"attachment-full size-full wp-image-4274\" alt=\"\" srcset=\"https:\/\/www.poderetrafonti.com\/wp-content\/uploads\/2024\/02\/placeholder-giustezza-c461b351-1.webp 1920w, https:\/\/www.poderetrafonti.com\/wp-content\/uploads\/2024\/02\/placeholder-giustezza-c461b351-1-300x119.webp 300w, https:\/\/www.poderetrafonti.com\/wp-content\/uploads\/2024\/02\/placeholder-giustezza-c461b351-1-1024x405.webp 1024w, https:\/\/www.poderetrafonti.com\/wp-content\/uploads\/2024\/02\/placeholder-giustezza-c461b351-1-768x304.webp 768w, https:\/\/www.poderetrafonti.com\/wp-content\/uploads\/2024\/02\/placeholder-giustezza-c461b351-1-1536x608.webp 1536w\" sizes=\"(max-width: 1920px) 100vw, 1920px\" \/>\t\t\t\t\t\t\t\t\t\t\t\t\t\t\t<\/div>\n\t\t\t\t<\/div>\n\t\t\t\t\t<\/div>\n\t\t\t\t<\/div>\n\t\t\t\t<\/div>\n\t\t","protected":false},"excerpt":{"rendered":"<p>\u00caTRE, TOUT SIMPLEMENT On a parfois besoin de ralentir le rythme dans la course effr\u00e9n\u00e9e de la vie. De s\u2019entourer de beaut\u00e9 et de tranquillit\u00e9 pour retrouver le plaisir d\u2019\u00eatre, tout simplement. Pour certains, c\u2019est l\u2019envie de se ressourcer physiquement au travers d\u2019activit\u00e9s sportives au plus pr\u00e8s de la nature, ou de s\u2019\u00e9lever l\u2019\u00e2me et [&hellip;]<\/p>\n","protected":false},"author":4,"featured_media":0,"parent":0,"menu_order":0,"comment_status":"closed","ping_status":"closed","template":"","meta":{"_acf_changed":false,"footnotes":""},"class_list":["post-2397","page","type-page","status-publish","hentry"],"acf":[],"yoast_head":"<!-- This site is optimized with the Yoast SEO Premium plugin v22.7 (Yoast SEO v27.2) - https:\/\/yoast.com\/product\/yoast-seo-premium-wordpress\/ -->\n<title>\u00catre - Podere Trafonti<\/title>\n<meta name=\"robots\" content=\"index, follow, max-snippet:-1, max-image-preview:large, max-video-preview:-1\" \/>\n<link rel=\"canonical\" href=\"https:\/\/www.poderetrafonti.com\/be\/\" \/>\n<meta property=\"og:locale\" content=\"fr_FR\" \/>\n<meta property=\"og:type\" content=\"article\" \/>\n<meta property=\"og:title\" content=\"\u00catre\" \/>\n<meta property=\"og:description\" content=\"\u00caTRE, TOUT SIMPLEMENT On a parfois besoin de ralentir le rythme dans la course effr\u00e9n\u00e9e de la vie. De s\u2019entourer de beaut\u00e9 et de tranquillit\u00e9 pour retrouver le plaisir d\u2019\u00eatre, tout simplement. Pour certains, c\u2019est l\u2019envie de se ressourcer physiquement au travers d\u2019activit\u00e9s sportives au plus pr\u00e8s de la nature, ou de s\u2019\u00e9lever l\u2019\u00e2me et [&hellip;]\" \/>\n<meta property=\"og:url\" content=\"https:\/\/www.poderetrafonti.com\/be\/\" \/>\n<meta property=\"og:site_name\" content=\"Podere Trafonti\" \/>\n<meta property=\"article:publisher\" content=\"https:\/\/www.facebook.com\/PodereTrafonti\" \/>\n<meta property=\"article:modified_time\" content=\"2024-02-24T09:25:34+00:00\" \/>\n<meta property=\"og:image\" content=\"https:\/\/www.poderetrafonti.com\/wp-content\/uploads\/2024\/02\/placeholder-hero-1ad02e76-1.webp\" \/>\n<meta name=\"twitter:card\" content=\"summary_large_image\" \/>\n<meta name=\"twitter:label1\" content=\"Dur\u00e9e de lecture estim\u00e9e\" \/>\n\t<meta name=\"twitter:data1\" content=\"4 minutes\" \/>\n<script type=\"application\/ld+json\" class=\"yoast-schema-graph\">{\"@context\":\"https:\/\/schema.org\",\"@graph\":[{\"@type\":\"WebPage\",\"@id\":\"https:\/\/www.poderetrafonti.com\/be\/\",\"url\":\"https:\/\/www.poderetrafonti.com\/be\/\",\"name\":\"\u00catre - Podere Trafonti\",\"isPartOf\":{\"@id\":\"https:\/\/www.poderetrafonti.com\/#website\"},\"primaryImageOfPage\":{\"@id\":\"https:\/\/www.poderetrafonti.com\/be\/#primaryimage\"},\"image\":{\"@id\":\"https:\/\/www.poderetrafonti.com\/be\/#primaryimage\"},\"thumbnailUrl\":\"https:\/\/www.poderetrafonti.com\/wp-content\/uploads\/2024\/02\/placeholder-hero-1ad02e76-1.webp\",\"datePublished\":\"2020-09-05T08:43:40+00:00\",\"dateModified\":\"2024-02-24T09:25:34+00:00\",\"breadcrumb\":{\"@id\":\"https:\/\/www.poderetrafonti.com\/be\/#breadcrumb\"},\"inLanguage\":\"fr-FR\",\"potentialAction\":[{\"@type\":\"ReadAction\",\"target\":[\"https:\/\/www.poderetrafonti.com\/be\/\"]}]},{\"@type\":\"ImageObject\",\"inLanguage\":\"fr-FR\",\"@id\":\"https:\/\/www.poderetrafonti.com\/be\/#primaryimage\",\"url\":\"https:\/\/www.poderetrafonti.com\/wp-content\/uploads\/2024\/02\/placeholder-hero-1ad02e76-1.webp\",\"contentUrl\":\"https:\/\/www.poderetrafonti.com\/wp-content\/uploads\/2024\/02\/placeholder-hero-1ad02e76-1.webp\"},{\"@type\":\"BreadcrumbList\",\"@id\":\"https:\/\/www.poderetrafonti.com\/be\/#breadcrumb\",\"itemListElement\":[{\"@type\":\"ListItem\",\"position\":1,\"name\":\"Home\",\"item\":\"https:\/\/www.poderetrafonti.com\/\"},{\"@type\":\"ListItem\",\"position\":2,\"name\":\"\u00catre\"}]},{\"@type\":\"WebSite\",\"@id\":\"https:\/\/www.poderetrafonti.com\/#website\",\"url\":\"https:\/\/www.poderetrafonti.com\/\",\"name\":\"Podere Trafonti\",\"description\":\"Trafonti website\",\"publisher\":{\"@id\":\"https:\/\/www.poderetrafonti.com\/#organization\"},\"potentialAction\":[{\"@type\":\"SearchAction\",\"target\":{\"@type\":\"EntryPoint\",\"urlTemplate\":\"https:\/\/www.poderetrafonti.com\/?s={search_term_string}\"},\"query-input\":{\"@type\":\"PropertyValueSpecification\",\"valueRequired\":true,\"valueName\":\"search_term_string\"}}],\"inLanguage\":\"fr-FR\"},{\"@type\":\"Organization\",\"@id\":\"https:\/\/www.poderetrafonti.com\/#organization\",\"name\":\"Podere Trafonti\",\"url\":\"https:\/\/www.poderetrafonti.com\/\",\"logo\":{\"@type\":\"ImageObject\",\"inLanguage\":\"fr-FR\",\"@id\":\"https:\/\/www.poderetrafonti.com\/#\/schema\/logo\/image\/\",\"url\":\"https:\/\/www.poderetrafonti.com\/wp-content\/uploads\/2019\/12\/logo-trafonti.png\",\"contentUrl\":\"https:\/\/www.poderetrafonti.com\/wp-content\/uploads\/2019\/12\/logo-trafonti.png\",\"width\":329,\"height\":377,\"caption\":\"Podere Trafonti\"},\"image\":{\"@id\":\"https:\/\/www.poderetrafonti.com\/#\/schema\/logo\/image\/\"},\"sameAs\":[\"https:\/\/www.facebook.com\/PodereTrafonti\",\"https:\/\/www.instagram.com\/antonella_poderetrafonti\/\",\"https:\/\/www.linkedin.com\/company\/18341221\/admin\/feed\/posts\/\"]}]}<\/script>\n<!-- \/ Yoast SEO Premium plugin. -->","yoast_head_json":{"title":"\u00catre - Podere Trafonti","robots":{"index":"index","follow":"follow","max-snippet":"max-snippet:-1","max-image-preview":"max-image-preview:large","max-video-preview":"max-video-preview:-1"},"canonical":"https:\/\/www.poderetrafonti.com\/be\/","og_locale":"fr_FR","og_type":"article","og_title":"\u00catre","og_description":"\u00caTRE, TOUT SIMPLEMENT On a parfois besoin de ralentir le rythme dans la course effr\u00e9n\u00e9e de la vie. De s\u2019entourer de beaut\u00e9 et de tranquillit\u00e9 pour retrouver le plaisir d\u2019\u00eatre, tout simplement. Pour certains, c\u2019est l\u2019envie de se ressourcer physiquement au travers d\u2019activit\u00e9s sportives au plus pr\u00e8s de la nature, ou de s\u2019\u00e9lever l\u2019\u00e2me et [&hellip;]","og_url":"https:\/\/www.poderetrafonti.com\/be\/","og_site_name":"Podere Trafonti","article_publisher":"https:\/\/www.facebook.com\/PodereTrafonti","article_modified_time":"2024-02-24T09:25:34+00:00","og_image":[{"url":"https:\/\/www.poderetrafonti.com\/wp-content\/uploads\/2024\/02\/placeholder-hero-1ad02e76-1.webp","type":"","width":"","height":""}],"twitter_card":"summary_large_image","twitter_misc":{"Dur\u00e9e de lecture estim\u00e9e":"4 minutes"},"schema":{"@context":"https:\/\/schema.org","@graph":[{"@type":"WebPage","@id":"https:\/\/www.poderetrafonti.com\/be\/","url":"https:\/\/www.poderetrafonti.com\/be\/","name":"\u00catre - Podere Trafonti","isPartOf":{"@id":"https:\/\/www.poderetrafonti.com\/#website"},"primaryImageOfPage":{"@id":"https:\/\/www.poderetrafonti.com\/be\/#primaryimage"},"image":{"@id":"https:\/\/www.poderetrafonti.com\/be\/#primaryimage"},"thumbnailUrl":"https:\/\/www.poderetrafonti.com\/wp-content\/uploads\/2024\/02\/placeholder-hero-1ad02e76-1.webp","datePublished":"2020-09-05T08:43:40+00:00","dateModified":"2024-02-24T09:25:34+00:00","breadcrumb":{"@id":"https:\/\/www.poderetrafonti.com\/be\/#breadcrumb"},"inLanguage":"fr-FR","potentialAction":[{"@type":"ReadAction","target":["https:\/\/www.poderetrafonti.com\/be\/"]}]},{"@type":"ImageObject","inLanguage":"fr-FR","@id":"https:\/\/www.poderetrafonti.com\/be\/#primaryimage","url":"https:\/\/www.poderetrafonti.com\/wp-content\/uploads\/2024\/02\/placeholder-hero-1ad02e76-1.webp","contentUrl":"https:\/\/www.poderetrafonti.com\/wp-content\/uploads\/2024\/02\/placeholder-hero-1ad02e76-1.webp"},{"@type":"BreadcrumbList","@id":"https:\/\/www.poderetrafonti.com\/be\/#breadcrumb","itemListElement":[{"@type":"ListItem","position":1,"name":"Home","item":"https:\/\/www.poderetrafonti.com\/"},{"@type":"ListItem","position":2,"name":"\u00catre"}]},{"@type":"WebSite","@id":"https:\/\/www.poderetrafonti.com\/#website","url":"https:\/\/www.poderetrafonti.com\/","name":"Podere Trafonti","description":"Trafonti website","publisher":{"@id":"https:\/\/www.poderetrafonti.com\/#organization"},"potentialAction":[{"@type":"SearchAction","target":{"@type":"EntryPoint","urlTemplate":"https:\/\/www.poderetrafonti.com\/?s={search_term_string}"},"query-input":{"@type":"PropertyValueSpecification","valueRequired":true,"valueName":"search_term_string"}}],"inLanguage":"fr-FR"},{"@type":"Organization","@id":"https:\/\/www.poderetrafonti.com\/#organization","name":"Podere Trafonti","url":"https:\/\/www.poderetrafonti.com\/","logo":{"@type":"ImageObject","inLanguage":"fr-FR","@id":"https:\/\/www.poderetrafonti.com\/#\/schema\/logo\/image\/","url":"https:\/\/www.poderetrafonti.com\/wp-content\/uploads\/2019\/12\/logo-trafonti.png","contentUrl":"https:\/\/www.poderetrafonti.com\/wp-content\/uploads\/2019\/12\/logo-trafonti.png","width":329,"height":377,"caption":"Podere Trafonti"},"image":{"@id":"https:\/\/www.poderetrafonti.com\/#\/schema\/logo\/image\/"},"sameAs":["https:\/\/www.facebook.com\/PodereTrafonti","https:\/\/www.instagram.com\/antonella_poderetrafonti\/","https:\/\/www.linkedin.com\/company\/18341221\/admin\/feed\/posts\/"]}]}},"publishpress_future_action":{"enabled":false,"date":"2026-04-20 10:00:08","action":"change-status","newStatus":"draft","terms":[],"taxonomy":"translation_priority","extraData":[]},"publishpress_future_workflow_manual_trigger":{"enabledWorkflows":[]},"_links":{"self":[{"href":"https:\/\/www.poderetrafonti.com\/fr\/wp-json\/wp\/v2\/pages\/2397","targetHints":{"allow":["GET"]}}],"collection":[{"href":"https:\/\/www.poderetrafonti.com\/fr\/wp-json\/wp\/v2\/pages"}],"about":[{"href":"https:\/\/www.poderetrafonti.com\/fr\/wp-json\/wp\/v2\/types\/page"}],"author":[{"embeddable":true,"href":"https:\/\/www.poderetrafonti.com\/fr\/wp-json\/wp\/v2\/users\/4"}],"replies":[{"embeddable":true,"href":"https:\/\/www.poderetrafonti.com\/fr\/wp-json\/wp\/v2\/comments?post=2397"}],"version-history":[{"count":16,"href":"https:\/\/www.poderetrafonti.com\/fr\/wp-json\/wp\/v2\/pages\/2397\/revisions"}],"predecessor-version":[{"id":4286,"href":"https:\/\/www.poderetrafonti.com\/fr\/wp-json\/wp\/v2\/pages\/2397\/revisions\/4286"}],"wp:attachment":[{"href":"https:\/\/www.poderetrafonti.com\/fr\/wp-json\/wp\/v2\/media?parent=2397"}],"curies":[{"name":"wp","href":"https:\/\/api.w.org\/{rel}","templated":true}]}}