{"id":2400,"date":"2020-09-05T08:44:52","date_gmt":"2020-09-05T08:44:52","guid":{"rendered":"https:\/\/poderetrafonti.com\/?page_id=2400"},"modified":"2024-03-02T17:21:32","modified_gmt":"2024-03-02T16:21:32","slug":"vous","status":"publish","type":"page","link":"https:\/\/www.poderetrafonti.com\/fr\/vous\/","title":{"rendered":"Vous"},"content":{"rendered":"\t\t<div data-elementor-type=\"wp-page\" data-elementor-id=\"2400\" class=\"elementor elementor-2400 elementor-143\" data-elementor-post-type=\"page\">\n\t\t\t\t<div class=\"elementor-element elementor-element-29e459d e-flex e-con-boxed e-con e-parent\" data-id=\"29e459d\" data-element_type=\"container\" data-e-type=\"container\">\n\t\t\t\t\t<div class=\"e-con-inner\">\n\t\t\t\t<div class=\"elementor-element elementor-element-ae003dd elementor-widget elementor-widget-image\" data-id=\"ae003dd\" data-element_type=\"widget\" data-e-type=\"widget\" data-widget_type=\"image.default\">\n\t\t\t\t<div class=\"elementor-widget-container\">\n\t\t\t\t\t\t\t\t\t\t\t\t\t\t\t<img fetchpriority=\"high\" decoding=\"async\" width=\"1920\" height=\"850\" src=\"https:\/\/www.poderetrafonti.com\/wp-content\/uploads\/2024\/02\/yoga-marie-jose-aprile-trafonti-1-scaled-dabe4432-1.webp\" class=\"attachment-full size-full wp-image-4311\" alt=\"\" srcset=\"https:\/\/www.poderetrafonti.com\/wp-content\/uploads\/2024\/02\/yoga-marie-jose-aprile-trafonti-1-scaled-dabe4432-1.webp 1920w, https:\/\/www.poderetrafonti.com\/wp-content\/uploads\/2024\/02\/yoga-marie-jose-aprile-trafonti-1-scaled-dabe4432-1-300x133.webp 300w, https:\/\/www.poderetrafonti.com\/wp-content\/uploads\/2024\/02\/yoga-marie-jose-aprile-trafonti-1-scaled-dabe4432-1-1024x453.webp 1024w, https:\/\/www.poderetrafonti.com\/wp-content\/uploads\/2024\/02\/yoga-marie-jose-aprile-trafonti-1-scaled-dabe4432-1-768x340.webp 768w, https:\/\/www.poderetrafonti.com\/wp-content\/uploads\/2024\/02\/yoga-marie-jose-aprile-trafonti-1-scaled-dabe4432-1-1536x680.webp 1536w\" sizes=\"(max-width: 1920px) 100vw, 1920px\" \/>\t\t\t\t\t\t\t\t\t\t\t\t\t\t\t<\/div>\n\t\t\t\t<\/div>\n\t\t\t\t\t<\/div>\n\t\t\t\t<\/div>\n\t\t<div class=\"elementor-element elementor-element-c7c89d5 e-flex e-con-boxed e-con e-parent\" data-id=\"c7c89d5\" data-element_type=\"container\" data-e-type=\"container\">\n\t\t\t\t\t<div class=\"e-con-inner\">\n\t\t\t\t<div class=\"elementor-element elementor-element-48a1c49 elementor-widget elementor-widget-heading\" data-id=\"48a1c49\" data-element_type=\"widget\" data-e-type=\"widget\" data-widget_type=\"heading.default\">\n\t\t\t\t<div class=\"elementor-widget-container\">\n\t\t\t\t\t<h2 class=\"elementor-heading-title elementor-size-default\">VOUS...<\/h2>\t\t\t\t<\/div>\n\t\t\t\t<\/div>\n\t\t\t\t\t<\/div>\n\t\t\t\t<\/div>\n\t\t<div class=\"elementor-element elementor-element-c34cbda e-flex e-con-boxed e-con e-parent\" data-id=\"c34cbda\" data-element_type=\"container\" data-e-type=\"container\">\n\t\t\t\t\t<div class=\"e-con-inner\">\n\t\t\t\t<div class=\"elementor-element elementor-element-d3cf8e9 elementor-widget elementor-widget-text-editor\" data-id=\"d3cf8e9\" data-element_type=\"widget\" data-e-type=\"widget\" data-widget_type=\"text-editor.default\">\n\t\t\t\t<div class=\"elementor-widget-container\">\n\t\t\t\t\t\t\t\t\t<p>\u2026voulez passer un moment en famille ou avec des amis et prendre le temps de savourer ensemble les plaisirs simples de la vie\u00a0: partager une cuisine saine et savoureuse accompagn\u00e9e de bons vins, explorer la nature \u00e0 pied ou \u00e0 v\u00e9lo, d\u00e9couvrir des tr\u00e9sors architecturaux au d\u00e9tour des ruelles d\u2019un bourg m\u00e9di\u00e9val, se baigner dans une source thermale naturelle, ou juste s\u2019allonger au soleil et observer le temps qui passe.<\/p><p>\u2026\u00eates un-e animateur-trice professionnel-le ou d\u00e9butant-e certifi\u00e9-e dans l\u2019animation d\u2019activit\u00e9s de wellness et de d\u00e9veloppement personnel pour groupes \u2013 art, culture, activit\u00e9s sportives ou cr\u00e9atives, de la randonn\u00e9e \u00e0 la cuisine et au jardinage \u2013 et vous chercher le lieu avec une capacit\u00e9 d\u2019accueil de 6 \u00e0 12 personnes pour des stages r\u00e9sidentiels de minimum deux nuits.<\/p><p>\u2026\u00eates \u00e0 la recherche d\u2019un cadre idyllique pour vous r\u00e9unir en famille ou avec des amis pour f\u00eater un \u00e9v\u00e9nement, un anniversaire, une \u00e9tape de la vie, de mani\u00e8re cr\u00e9ative et \u00e9cologique, le temps d\u2019un weekend ou plus.<\/p>\t\t\t\t\t\t\t\t<\/div>\n\t\t\t\t<\/div>\n\t\t\t\t\t<\/div>\n\t\t\t\t<\/div>\n\t\t<div class=\"elementor-element elementor-element-5d16ec9 e-flex e-con-boxed e-con e-parent\" data-id=\"5d16ec9\" data-element_type=\"container\" data-e-type=\"container\">\n\t\t\t\t\t<div class=\"e-con-inner\">\n\t\t<div class=\"elementor-element elementor-element-b92d764 e-con-full e-flex e-con e-child\" data-id=\"b92d764\" data-element_type=\"container\" data-e-type=\"container\">\n\t\t\t\t<div class=\"elementor-element elementor-element-f03cc02 elementor-widget elementor-widget-image\" data-id=\"f03cc02\" data-element_type=\"widget\" data-e-type=\"widget\" data-widget_type=\"image.default\">\n\t\t\t\t<div class=\"elementor-widget-container\">\n\t\t\t\t\t\t\t\t\t\t\t\t\t\t\t<img decoding=\"async\" width=\"1024\" height=\"674\" src=\"https:\/\/www.poderetrafonti.com\/wp-content\/uploads\/2024\/02\/1-3-1-1024x674.webp\" class=\"attachment-large size-large wp-image-4314\" alt=\"\" srcset=\"https:\/\/www.poderetrafonti.com\/wp-content\/uploads\/2024\/02\/1-3-1-1024x674.webp 1024w, https:\/\/www.poderetrafonti.com\/wp-content\/uploads\/2024\/02\/1-3-1-300x198.webp 300w, https:\/\/www.poderetrafonti.com\/wp-content\/uploads\/2024\/02\/1-3-1-768x506.webp 768w, https:\/\/www.poderetrafonti.com\/wp-content\/uploads\/2024\/02\/1-3-1.webp 1154w\" sizes=\"(max-width: 1024px) 100vw, 1024px\" \/>\t\t\t\t\t\t\t\t\t\t\t\t\t\t\t<\/div>\n\t\t\t\t<\/div>\n\t\t\t\t<\/div>\n\t\t<div class=\"elementor-element elementor-element-256b16d e-con-full e-flex e-con e-child\" data-id=\"256b16d\" data-element_type=\"container\" data-e-type=\"container\">\n\t\t\t\t<div class=\"elementor-element elementor-element-be28e6d elementor-widget elementor-widget-image\" data-id=\"be28e6d\" data-element_type=\"widget\" data-e-type=\"widget\" data-widget_type=\"image.default\">\n\t\t\t\t<div class=\"elementor-widget-container\">\n\t\t\t\t\t\t\t\t\t\t\t\t\t\t\t<img decoding=\"async\" width=\"560\" height=\"760\" src=\"https:\/\/www.poderetrafonti.com\/wp-content\/uploads\/2024\/02\/2-1.gif\" class=\"attachment-large size-large wp-image-4317\" alt=\"\" \/>\t\t\t\t\t\t\t\t\t\t\t\t\t\t\t<\/div>\n\t\t\t\t<\/div>\n\t\t\t\t<\/div>\n\t\t\t\t\t<\/div>\n\t\t\t\t<\/div>\n\t\t<div class=\"elementor-element elementor-element-9d00a2b e-flex e-con-boxed e-con e-parent\" data-id=\"9d00a2b\" data-element_type=\"container\" data-e-type=\"container\">\n\t\t\t\t\t<div class=\"e-con-inner\">\n\t\t\t\t<div class=\"elementor-element elementor-element-26d8618 elementor-widget elementor-widget-text-editor\" data-id=\"26d8618\" data-element_type=\"widget\" data-e-type=\"widget\" data-widget_type=\"text-editor.default\">\n\t\t\t\t<div class=\"elementor-widget-container\">\n\t\t\t\t\t\t\t\t\t<p>\u2026 \u00eates \u00e0 la recherche d\u2019un lieu pouvant accueillir 10 personnes maximum pour des s\u00e9ances de travail ou de brainstorming, assorti d\u2019activit\u00e9s de team-building pour booster la dynamique d\u2019\u00e9quipe.<\/p><p>\u2026avez envie de vous \u00e9chapper pour un long weekend ou plus, pratiquer le yoga, explorer la r\u00e9gion en compagnie d\u2019un-e sp\u00e9cialiste de la nature, apprendre \u00e0 cuisiner des plats sains et d\u00e9licieux dans une ferme bio, d\u00e9couvrir la vie fascinante des abeilles et plus encore.<br \/><br \/>N\u2019h\u00e9sitez pas \u00e0 nous faire part de vos envies et de vos id\u00e9es\u00a0; nous nous ferons un plaisir de vous aider \u00e0 les r\u00e9aliser\u00a0! Consultez notre programme d\u2019activit\u00e9s et inscrivez-vous si le c\u0153ur vous en dit\u00a0!<\/p><p>Nous nous r\u00e9jouissons de vous rencontrer tr\u00e8s bient\u00f4t \u00e0 Podere Trafonti.<\/p>\t\t\t\t\t\t\t\t<\/div>\n\t\t\t\t<\/div>\n\t\t\t\t\t<\/div>\n\t\t\t\t<\/div>\n\t\t<div class=\"elementor-element elementor-element-f333abc e-flex e-con-boxed e-con e-parent\" data-id=\"f333abc\" data-element_type=\"container\" data-e-type=\"container\">\n\t\t\t\t\t<div class=\"e-con-inner\">\n\t\t<div class=\"elementor-element elementor-element-f1790c6 e-con-full e-flex e-con e-child\" data-id=\"f1790c6\" data-element_type=\"container\" data-e-type=\"container\">\n\t\t\t\t<div class=\"elementor-element elementor-element-c16c6d8 elementor-widget elementor-widget-image\" data-id=\"c16c6d8\" data-element_type=\"widget\" data-e-type=\"widget\" data-widget_type=\"image.default\">\n\t\t\t\t<div class=\"elementor-widget-container\">\n\t\t\t\t\t\t\t\t\t\t\t\t\t\t\t<img loading=\"lazy\" decoding=\"async\" width=\"755\" height=\"1024\" src=\"https:\/\/www.poderetrafonti.com\/wp-content\/uploads\/2024\/02\/3-4-1-755x1024.webp\" class=\"attachment-large size-large wp-image-4320\" alt=\"\" srcset=\"https:\/\/www.poderetrafonti.com\/wp-content\/uploads\/2024\/02\/3-4-1-755x1024.webp 755w, https:\/\/www.poderetrafonti.com\/wp-content\/uploads\/2024\/02\/3-4-1-221x300.webp 221w, https:\/\/www.poderetrafonti.com\/wp-content\/uploads\/2024\/02\/3-4-1-768x1042.webp 768w, https:\/\/www.poderetrafonti.com\/wp-content\/uploads\/2024\/02\/3-4-1.webp 1120w\" sizes=\"(max-width: 755px) 100vw, 755px\" \/>\t\t\t\t\t\t\t\t\t\t\t\t\t\t\t<\/div>\n\t\t\t\t<\/div>\n\t\t\t\t<\/div>\n\t\t<div class=\"elementor-element elementor-element-157f7e4 e-con-full e-flex e-con e-child\" data-id=\"157f7e4\" data-element_type=\"container\" data-e-type=\"container\">\n\t\t\t\t<div class=\"elementor-element elementor-element-8abd6ab elementor-widget elementor-widget-image\" data-id=\"8abd6ab\" data-element_type=\"widget\" data-e-type=\"widget\" data-widget_type=\"image.default\">\n\t\t\t\t<div class=\"elementor-widget-container\">\n\t\t\t\t\t\t\t\t\t\t\t\t\t\t\t<img loading=\"lazy\" decoding=\"async\" width=\"1024\" height=\"674\" src=\"https:\/\/www.poderetrafonti.com\/wp-content\/uploads\/2024\/02\/4-4-1-1024x674.webp\" class=\"attachment-large size-large wp-image-4323\" alt=\"\" srcset=\"https:\/\/www.poderetrafonti.com\/wp-content\/uploads\/2024\/02\/4-4-1-1024x674.webp 1024w, https:\/\/www.poderetrafonti.com\/wp-content\/uploads\/2024\/02\/4-4-1-300x198.webp 300w, https:\/\/www.poderetrafonti.com\/wp-content\/uploads\/2024\/02\/4-4-1-768x506.webp 768w, https:\/\/www.poderetrafonti.com\/wp-content\/uploads\/2024\/02\/4-4-1.webp 1154w\" sizes=\"(max-width: 1024px) 100vw, 1024px\" \/>\t\t\t\t\t\t\t\t\t\t\t\t\t\t\t<\/div>\n\t\t\t\t<\/div>\n\t\t\t\t<\/div>\n\t\t\t\t\t<\/div>\n\t\t\t\t<\/div>\n\t\t\t\t<\/div>\n\t\t","protected":false},"excerpt":{"rendered":"<p>VOUS&#8230; \u2026voulez passer un moment en famille ou avec des amis et prendre le temps de savourer ensemble les plaisirs simples de la vie\u00a0: partager une cuisine saine et savoureuse accompagn\u00e9e de bons vins, explorer la nature \u00e0 pied ou \u00e0 v\u00e9lo, d\u00e9couvrir des tr\u00e9sors architecturaux au d\u00e9tour des ruelles d\u2019un bourg m\u00e9di\u00e9val, se baigner [&hellip;]<\/p>\n","protected":false},"author":4,"featured_media":0,"parent":0,"menu_order":0,"comment_status":"closed","ping_status":"closed","template":"","meta":{"_acf_changed":false,"footnotes":""},"class_list":["post-2400","page","type-page","status-publish","hentry"],"acf":[],"yoast_head":"<!-- This site is optimized with the Yoast SEO Premium plugin v22.7 (Yoast SEO v27.2) - https:\/\/yoast.com\/product\/yoast-seo-premium-wordpress\/ -->\n<title>Vous - Podere Trafonti<\/title>\n<meta name=\"robots\" content=\"index, follow, max-snippet:-1, max-image-preview:large, max-video-preview:-1\" \/>\n<link rel=\"canonical\" href=\"https:\/\/www.poderetrafonti.com\/fr\/vous\/\" \/>\n<meta property=\"og:locale\" content=\"fr_FR\" \/>\n<meta property=\"og:type\" content=\"article\" \/>\n<meta property=\"og:title\" content=\"Vous\" \/>\n<meta property=\"og:description\" content=\"VOUS&#8230; \u2026voulez passer un moment en famille ou avec des amis et prendre le temps de savourer ensemble les plaisirs simples de la vie\u00a0: partager une cuisine saine et savoureuse accompagn\u00e9e de bons vins, explorer la nature \u00e0 pied ou \u00e0 v\u00e9lo, d\u00e9couvrir des tr\u00e9sors architecturaux au d\u00e9tour des ruelles d\u2019un bourg m\u00e9di\u00e9val, se baigner [&hellip;]\" \/>\n<meta property=\"og:url\" content=\"https:\/\/www.poderetrafonti.com\/fr\/vous\/\" \/>\n<meta property=\"og:site_name\" content=\"Podere Trafonti\" \/>\n<meta property=\"article:publisher\" content=\"https:\/\/www.facebook.com\/PodereTrafonti\" \/>\n<meta property=\"article:modified_time\" content=\"2024-03-02T16:21:32+00:00\" \/>\n<meta property=\"og:image\" content=\"https:\/\/www.poderetrafonti.com\/wp-content\/uploads\/2024\/02\/yoga-marie-jose-aprile-trafonti-1-scaled-dabe4432-1.webp\" \/>\n<meta name=\"twitter:card\" content=\"summary_large_image\" \/>\n<meta name=\"twitter:label1\" content=\"Dur\u00e9e de lecture estim\u00e9e\" \/>\n\t<meta name=\"twitter:data1\" content=\"3 minutes\" \/>\n<script type=\"application\/ld+json\" class=\"yoast-schema-graph\">{\"@context\":\"https:\/\/schema.org\",\"@graph\":[{\"@type\":\"WebPage\",\"@id\":\"https:\/\/www.poderetrafonti.com\/fr\/vous\/\",\"url\":\"https:\/\/www.poderetrafonti.com\/fr\/vous\/\",\"name\":\"Vous - Podere Trafonti\",\"isPartOf\":{\"@id\":\"https:\/\/www.poderetrafonti.com\/#website\"},\"primaryImageOfPage\":{\"@id\":\"https:\/\/www.poderetrafonti.com\/fr\/vous\/#primaryimage\"},\"image\":{\"@id\":\"https:\/\/www.poderetrafonti.com\/fr\/vous\/#primaryimage\"},\"thumbnailUrl\":\"https:\/\/www.poderetrafonti.com\/wp-content\/uploads\/2024\/02\/yoga-marie-jose-aprile-trafonti-1-scaled-dabe4432-1.webp\",\"datePublished\":\"2020-09-05T08:44:52+00:00\",\"dateModified\":\"2024-03-02T16:21:32+00:00\",\"breadcrumb\":{\"@id\":\"https:\/\/www.poderetrafonti.com\/fr\/vous\/#breadcrumb\"},\"inLanguage\":\"fr-FR\",\"potentialAction\":[{\"@type\":\"ReadAction\",\"target\":[\"https:\/\/www.poderetrafonti.com\/fr\/vous\/\"]}]},{\"@type\":\"ImageObject\",\"inLanguage\":\"fr-FR\",\"@id\":\"https:\/\/www.poderetrafonti.com\/fr\/vous\/#primaryimage\",\"url\":\"https:\/\/www.poderetrafonti.com\/wp-content\/uploads\/2024\/02\/yoga-marie-jose-aprile-trafonti-1-scaled-dabe4432-1.webp\",\"contentUrl\":\"https:\/\/www.poderetrafonti.com\/wp-content\/uploads\/2024\/02\/yoga-marie-jose-aprile-trafonti-1-scaled-dabe4432-1.webp\"},{\"@type\":\"BreadcrumbList\",\"@id\":\"https:\/\/www.poderetrafonti.com\/fr\/vous\/#breadcrumb\",\"itemListElement\":[{\"@type\":\"ListItem\",\"position\":1,\"name\":\"Home\",\"item\":\"https:\/\/www.poderetrafonti.com\/\"},{\"@type\":\"ListItem\",\"position\":2,\"name\":\"Vous\"}]},{\"@type\":\"WebSite\",\"@id\":\"https:\/\/www.poderetrafonti.com\/#website\",\"url\":\"https:\/\/www.poderetrafonti.com\/\",\"name\":\"Podere Trafonti\",\"description\":\"Trafonti website\",\"publisher\":{\"@id\":\"https:\/\/www.poderetrafonti.com\/#organization\"},\"potentialAction\":[{\"@type\":\"SearchAction\",\"target\":{\"@type\":\"EntryPoint\",\"urlTemplate\":\"https:\/\/www.poderetrafonti.com\/?s={search_term_string}\"},\"query-input\":{\"@type\":\"PropertyValueSpecification\",\"valueRequired\":true,\"valueName\":\"search_term_string\"}}],\"inLanguage\":\"fr-FR\"},{\"@type\":\"Organization\",\"@id\":\"https:\/\/www.poderetrafonti.com\/#organization\",\"name\":\"Podere Trafonti\",\"url\":\"https:\/\/www.poderetrafonti.com\/\",\"logo\":{\"@type\":\"ImageObject\",\"inLanguage\":\"fr-FR\",\"@id\":\"https:\/\/www.poderetrafonti.com\/#\/schema\/logo\/image\/\",\"url\":\"https:\/\/www.poderetrafonti.com\/wp-content\/uploads\/2019\/12\/logo-trafonti.png\",\"contentUrl\":\"https:\/\/www.poderetrafonti.com\/wp-content\/uploads\/2019\/12\/logo-trafonti.png\",\"width\":329,\"height\":377,\"caption\":\"Podere Trafonti\"},\"image\":{\"@id\":\"https:\/\/www.poderetrafonti.com\/#\/schema\/logo\/image\/\"},\"sameAs\":[\"https:\/\/www.facebook.com\/PodereTrafonti\",\"https:\/\/www.instagram.com\/antonella_poderetrafonti\/\",\"https:\/\/www.linkedin.com\/company\/18341221\/admin\/feed\/posts\/\"]}]}<\/script>\n<!-- \/ Yoast SEO Premium plugin. -->","yoast_head_json":{"title":"Vous - Podere Trafonti","robots":{"index":"index","follow":"follow","max-snippet":"max-snippet:-1","max-image-preview":"max-image-preview:large","max-video-preview":"max-video-preview:-1"},"canonical":"https:\/\/www.poderetrafonti.com\/fr\/vous\/","og_locale":"fr_FR","og_type":"article","og_title":"Vous","og_description":"VOUS&#8230; \u2026voulez passer un moment en famille ou avec des amis et prendre le temps de savourer ensemble les plaisirs simples de la vie\u00a0: partager une cuisine saine et savoureuse accompagn\u00e9e de bons vins, explorer la nature \u00e0 pied ou \u00e0 v\u00e9lo, d\u00e9couvrir des tr\u00e9sors architecturaux au d\u00e9tour des ruelles d\u2019un bourg m\u00e9di\u00e9val, se baigner [&hellip;]","og_url":"https:\/\/www.poderetrafonti.com\/fr\/vous\/","og_site_name":"Podere Trafonti","article_publisher":"https:\/\/www.facebook.com\/PodereTrafonti","article_modified_time":"2024-03-02T16:21:32+00:00","og_image":[{"url":"https:\/\/www.poderetrafonti.com\/wp-content\/uploads\/2024\/02\/yoga-marie-jose-aprile-trafonti-1-scaled-dabe4432-1.webp","type":"","width":"","height":""}],"twitter_card":"summary_large_image","twitter_misc":{"Dur\u00e9e de lecture estim\u00e9e":"3 minutes"},"schema":{"@context":"https:\/\/schema.org","@graph":[{"@type":"WebPage","@id":"https:\/\/www.poderetrafonti.com\/fr\/vous\/","url":"https:\/\/www.poderetrafonti.com\/fr\/vous\/","name":"Vous - Podere Trafonti","isPartOf":{"@id":"https:\/\/www.poderetrafonti.com\/#website"},"primaryImageOfPage":{"@id":"https:\/\/www.poderetrafonti.com\/fr\/vous\/#primaryimage"},"image":{"@id":"https:\/\/www.poderetrafonti.com\/fr\/vous\/#primaryimage"},"thumbnailUrl":"https:\/\/www.poderetrafonti.com\/wp-content\/uploads\/2024\/02\/yoga-marie-jose-aprile-trafonti-1-scaled-dabe4432-1.webp","datePublished":"2020-09-05T08:44:52+00:00","dateModified":"2024-03-02T16:21:32+00:00","breadcrumb":{"@id":"https:\/\/www.poderetrafonti.com\/fr\/vous\/#breadcrumb"},"inLanguage":"fr-FR","potentialAction":[{"@type":"ReadAction","target":["https:\/\/www.poderetrafonti.com\/fr\/vous\/"]}]},{"@type":"ImageObject","inLanguage":"fr-FR","@id":"https:\/\/www.poderetrafonti.com\/fr\/vous\/#primaryimage","url":"https:\/\/www.poderetrafonti.com\/wp-content\/uploads\/2024\/02\/yoga-marie-jose-aprile-trafonti-1-scaled-dabe4432-1.webp","contentUrl":"https:\/\/www.poderetrafonti.com\/wp-content\/uploads\/2024\/02\/yoga-marie-jose-aprile-trafonti-1-scaled-dabe4432-1.webp"},{"@type":"BreadcrumbList","@id":"https:\/\/www.poderetrafonti.com\/fr\/vous\/#breadcrumb","itemListElement":[{"@type":"ListItem","position":1,"name":"Home","item":"https:\/\/www.poderetrafonti.com\/"},{"@type":"ListItem","position":2,"name":"Vous"}]},{"@type":"WebSite","@id":"https:\/\/www.poderetrafonti.com\/#website","url":"https:\/\/www.poderetrafonti.com\/","name":"Podere Trafonti","description":"Trafonti website","publisher":{"@id":"https:\/\/www.poderetrafonti.com\/#organization"},"potentialAction":[{"@type":"SearchAction","target":{"@type":"EntryPoint","urlTemplate":"https:\/\/www.poderetrafonti.com\/?s={search_term_string}"},"query-input":{"@type":"PropertyValueSpecification","valueRequired":true,"valueName":"search_term_string"}}],"inLanguage":"fr-FR"},{"@type":"Organization","@id":"https:\/\/www.poderetrafonti.com\/#organization","name":"Podere Trafonti","url":"https:\/\/www.poderetrafonti.com\/","logo":{"@type":"ImageObject","inLanguage":"fr-FR","@id":"https:\/\/www.poderetrafonti.com\/#\/schema\/logo\/image\/","url":"https:\/\/www.poderetrafonti.com\/wp-content\/uploads\/2019\/12\/logo-trafonti.png","contentUrl":"https:\/\/www.poderetrafonti.com\/wp-content\/uploads\/2019\/12\/logo-trafonti.png","width":329,"height":377,"caption":"Podere Trafonti"},"image":{"@id":"https:\/\/www.poderetrafonti.com\/#\/schema\/logo\/image\/"},"sameAs":["https:\/\/www.facebook.com\/PodereTrafonti","https:\/\/www.instagram.com\/antonella_poderetrafonti\/","https:\/\/www.linkedin.com\/company\/18341221\/admin\/feed\/posts\/"]}]}},"publishpress_future_action":{"enabled":false,"date":"2026-04-23 14:46:17","action":"change-status","newStatus":"draft","terms":[],"taxonomy":"translation_priority","extraData":[]},"publishpress_future_workflow_manual_trigger":{"enabledWorkflows":[]},"_links":{"self":[{"href":"https:\/\/www.poderetrafonti.com\/fr\/wp-json\/wp\/v2\/pages\/2400","targetHints":{"allow":["GET"]}}],"collection":[{"href":"https:\/\/www.poderetrafonti.com\/fr\/wp-json\/wp\/v2\/pages"}],"about":[{"href":"https:\/\/www.poderetrafonti.com\/fr\/wp-json\/wp\/v2\/types\/page"}],"author":[{"embeddable":true,"href":"https:\/\/www.poderetrafonti.com\/fr\/wp-json\/wp\/v2\/users\/4"}],"replies":[{"embeddable":true,"href":"https:\/\/www.poderetrafonti.com\/fr\/wp-json\/wp\/v2\/comments?post=2400"}],"version-history":[{"count":14,"href":"https:\/\/www.poderetrafonti.com\/fr\/wp-json\/wp\/v2\/pages\/2400\/revisions"}],"predecessor-version":[{"id":5541,"href":"https:\/\/www.poderetrafonti.com\/fr\/wp-json\/wp\/v2\/pages\/2400\/revisions\/5541"}],"wp:attachment":[{"href":"https:\/\/www.poderetrafonti.com\/fr\/wp-json\/wp\/v2\/media?parent=2400"}],"curies":[{"name":"wp","href":"https:\/\/api.w.org\/{rel}","templated":true}]}}