{"id":2406,"date":"2020-09-05T08:46:56","date_gmt":"2020-09-05T08:46:56","guid":{"rendered":"https:\/\/poderetrafonti.com\/?page_id=2406"},"modified":"2024-02-24T11:19:00","modified_gmt":"2024-02-24T10:19:00","slug":"nous","status":"publish","type":"page","link":"https:\/\/www.poderetrafonti.com\/fr\/nous\/","title":{"rendered":"Nous"},"content":{"rendered":"\t\t<div data-elementor-type=\"wp-page\" data-elementor-id=\"2406\" class=\"elementor elementor-2406 elementor-198\" data-elementor-post-type=\"page\">\n\t\t\t\t<div class=\"elementor-element elementor-element-8babb5e e-flex e-con-boxed e-con e-parent\" data-id=\"8babb5e\" data-element_type=\"container\" data-e-type=\"container\">\n\t\t\t\t\t<div class=\"e-con-inner\">\n\t\t\t\t<div class=\"elementor-element elementor-element-b97b8d3 elementor-widget elementor-widget-image\" data-id=\"b97b8d3\" data-element_type=\"widget\" data-e-type=\"widget\" data-widget_type=\"image.default\">\n\t\t\t\t<div class=\"elementor-widget-container\">\n\t\t\t\t\t\t\t\t\t\t\t\t\t\t\t<img fetchpriority=\"high\" decoding=\"async\" width=\"1920\" height=\"849\" src=\"http:\/\/www.poderetrafonti.com\/wp-content\/uploads\/2024\/02\/bernard-antonella-biblioteca-trafonti-669a52da-1-1.webp\" class=\"attachment-full size-full wp-image-4380\" alt=\"\" srcset=\"http:\/\/www.poderetrafonti.com\/wp-content\/uploads\/2024\/02\/bernard-antonella-biblioteca-trafonti-669a52da-1-1.webp 1920w, http:\/\/www.poderetrafonti.com\/wp-content\/uploads\/2024\/02\/bernard-antonella-biblioteca-trafonti-669a52da-1-1-300x133.webp 300w, http:\/\/www.poderetrafonti.com\/wp-content\/uploads\/2024\/02\/bernard-antonella-biblioteca-trafonti-669a52da-1-1-1024x453.webp 1024w, http:\/\/www.poderetrafonti.com\/wp-content\/uploads\/2024\/02\/bernard-antonella-biblioteca-trafonti-669a52da-1-1-768x340.webp 768w, http:\/\/www.poderetrafonti.com\/wp-content\/uploads\/2024\/02\/bernard-antonella-biblioteca-trafonti-669a52da-1-1-1536x679.webp 1536w\" sizes=\"(max-width: 1920px) 100vw, 1920px\" \/>\t\t\t\t\t\t\t\t\t\t\t\t\t\t\t<\/div>\n\t\t\t\t<\/div>\n\t\t\t\t\t<\/div>\n\t\t\t\t<\/div>\n\t\t<div class=\"elementor-element elementor-element-d246e36 e-flex e-con-boxed e-con e-parent\" data-id=\"d246e36\" data-element_type=\"container\" data-e-type=\"container\">\n\t\t\t\t\t<div class=\"e-con-inner\">\n\t\t\t\t<div class=\"elementor-element elementor-element-14fa683 elementor-widget elementor-widget-heading\" data-id=\"14fa683\" data-element_type=\"widget\" data-e-type=\"widget\" data-widget_type=\"heading.default\">\n\t\t\t\t<div class=\"elementor-widget-container\">\n\t\t\t\t\t<h2 class=\"elementor-heading-title elementor-size-default\">QUI SOMMES-NOUS<\/h2>\t\t\t\t<\/div>\n\t\t\t\t<\/div>\n\t\t\t\t\t<\/div>\n\t\t\t\t<\/div>\n\t\t<div class=\"elementor-element elementor-element-d8abd79 e-flex e-con-boxed e-con e-parent\" data-id=\"d8abd79\" data-element_type=\"container\" data-e-type=\"container\">\n\t\t\t\t\t<div class=\"e-con-inner\">\n\t\t\t\t<div class=\"elementor-element elementor-element-6e74316 elementor-widget elementor-widget-text-editor\" data-id=\"6e74316\" data-element_type=\"widget\" data-e-type=\"widget\" data-widget_type=\"text-editor.default\">\n\t\t\t\t<div class=\"elementor-widget-container\">\n\t\t\t\t\t\t\t\t\t<p>Nous sommes Antonella et Bernard, un couple suisse tomb\u00e9 sous le charme de la Toscane\u00a0: ses paysages magnifiques, l\u2019abondance et la qualit\u00e9 de ses produits, ses villages pittoresques, ses \u00e9glises, palais et mus\u00e9es regorgeant de chefs-d\u2019\u0153uvre artistiques, et les nombreuses activit\u00e9s culturelles qu\u2019elle propose. Mais ce qui nous a charm\u00e9s avant tout ce sont ses habitants, leur sens de la convivialit\u00e9 et de l\u2019hospitalit\u00e9.<\/p>\t\t\t\t\t\t\t\t<\/div>\n\t\t\t\t<\/div>\n\t\t\t\t\t<\/div>\n\t\t\t\t<\/div>\n\t\t<div class=\"elementor-element elementor-element-59be21b e-flex e-con-boxed e-con e-parent\" data-id=\"59be21b\" data-element_type=\"container\" data-e-type=\"container\">\n\t\t\t\t\t<div class=\"e-con-inner\">\n\t\t<div class=\"elementor-element elementor-element-d31294c e-con-full e-flex e-con e-child\" data-id=\"d31294c\" data-element_type=\"container\" data-e-type=\"container\">\n\t\t\t\t<div class=\"elementor-element elementor-element-f29d1af elementor-widget elementor-widget-image\" data-id=\"f29d1af\" data-element_type=\"widget\" data-e-type=\"widget\" data-widget_type=\"image.default\">\n\t\t\t\t<div class=\"elementor-widget-container\">\n\t\t\t\t\t\t\t\t\t\t\t\t\t\t\t<img decoding=\"async\" width=\"755\" height=\"1024\" src=\"http:\/\/www.poderetrafonti.com\/wp-content\/uploads\/2024\/02\/mimi-rosmarino-73c91a98-1-1-755x1024.webp\" class=\"attachment-large size-large wp-image-4383\" alt=\"\" srcset=\"http:\/\/www.poderetrafonti.com\/wp-content\/uploads\/2024\/02\/mimi-rosmarino-73c91a98-1-1-755x1024.webp 755w, http:\/\/www.poderetrafonti.com\/wp-content\/uploads\/2024\/02\/mimi-rosmarino-73c91a98-1-1-221x300.webp 221w, http:\/\/www.poderetrafonti.com\/wp-content\/uploads\/2024\/02\/mimi-rosmarino-73c91a98-1-1-768x1042.webp 768w, http:\/\/www.poderetrafonti.com\/wp-content\/uploads\/2024\/02\/mimi-rosmarino-73c91a98-1-1.webp 1120w\" sizes=\"(max-width: 755px) 100vw, 755px\" \/>\t\t\t\t\t\t\t\t\t\t\t\t\t\t\t<\/div>\n\t\t\t\t<\/div>\n\t\t\t\t<\/div>\n\t\t<div class=\"elementor-element elementor-element-d0fc2de e-con-full e-flex e-con e-child\" data-id=\"d0fc2de\" data-element_type=\"container\" data-e-type=\"container\">\n\t\t\t\t<div class=\"elementor-element elementor-element-d6937fe elementor-widget elementor-widget-image\" data-id=\"d6937fe\" data-element_type=\"widget\" data-e-type=\"widget\" data-widget_type=\"image.default\">\n\t\t\t\t<div class=\"elementor-widget-container\">\n\t\t\t\t\t\t\t\t\t\t\t\t\t\t\t<img decoding=\"async\" width=\"755\" height=\"1024\" src=\"http:\/\/www.poderetrafonti.com\/wp-content\/uploads\/2024\/02\/bernard-antonella-panorama-be44cc45-1-1-755x1024.webp\" class=\"attachment-large size-large wp-image-4386\" alt=\"\" srcset=\"http:\/\/www.poderetrafonti.com\/wp-content\/uploads\/2024\/02\/bernard-antonella-panorama-be44cc45-1-1-755x1024.webp 755w, http:\/\/www.poderetrafonti.com\/wp-content\/uploads\/2024\/02\/bernard-antonella-panorama-be44cc45-1-1-221x300.webp 221w, http:\/\/www.poderetrafonti.com\/wp-content\/uploads\/2024\/02\/bernard-antonella-panorama-be44cc45-1-1-768x1042.webp 768w, http:\/\/www.poderetrafonti.com\/wp-content\/uploads\/2024\/02\/bernard-antonella-panorama-be44cc45-1-1.webp 1120w\" sizes=\"(max-width: 755px) 100vw, 755px\" \/>\t\t\t\t\t\t\t\t\t\t\t\t\t\t\t<\/div>\n\t\t\t\t<\/div>\n\t\t\t\t<\/div>\n\t\t<div class=\"elementor-element elementor-element-32b6166 e-con-full e-flex e-con e-child\" data-id=\"32b6166\" data-element_type=\"container\" data-e-type=\"container\">\n\t\t\t\t<div class=\"elementor-element elementor-element-ccf3605 elementor-widget elementor-widget-image\" data-id=\"ccf3605\" data-element_type=\"widget\" data-e-type=\"widget\" data-widget_type=\"image.default\">\n\t\t\t\t<div class=\"elementor-widget-container\">\n\t\t\t\t\t\t\t\t\t\t\t\t\t\t\t<img loading=\"lazy\" decoding=\"async\" width=\"755\" height=\"1024\" src=\"http:\/\/www.poderetrafonti.com\/wp-content\/uploads\/2024\/02\/lara-8607b39e-1-1-755x1024.webp\" class=\"attachment-large size-large wp-image-4389\" alt=\"\" srcset=\"http:\/\/www.poderetrafonti.com\/wp-content\/uploads\/2024\/02\/lara-8607b39e-1-1-755x1024.webp 755w, http:\/\/www.poderetrafonti.com\/wp-content\/uploads\/2024\/02\/lara-8607b39e-1-1-221x300.webp 221w, http:\/\/www.poderetrafonti.com\/wp-content\/uploads\/2024\/02\/lara-8607b39e-1-1-768x1042.webp 768w, http:\/\/www.poderetrafonti.com\/wp-content\/uploads\/2024\/02\/lara-8607b39e-1-1.webp 1120w\" sizes=\"(max-width: 755px) 100vw, 755px\" \/>\t\t\t\t\t\t\t\t\t\t\t\t\t\t\t<\/div>\n\t\t\t\t<\/div>\n\t\t\t\t<\/div>\n\t\t\t\t\t<\/div>\n\t\t\t\t<\/div>\n\t\t<div class=\"elementor-element elementor-element-f2c12c6 e-flex e-con-boxed e-con e-parent\" data-id=\"f2c12c6\" data-element_type=\"container\" data-e-type=\"container\">\n\t\t\t\t\t<div class=\"e-con-inner\">\n\t\t\t\t<div class=\"elementor-element elementor-element-e241a83 elementor-widget elementor-widget-text-editor\" data-id=\"e241a83\" data-element_type=\"widget\" data-e-type=\"widget\" data-widget_type=\"text-editor.default\">\n\t\t\t\t<div class=\"elementor-widget-container\">\n\t\t\t\t\t\t\t\t\t<div class=\"tm-grid-expand uk-child-width-1-1 uk-grid-margin uk-grid uk-grid-stack\" uk-grid=\"\"><div class=\"uk-width-1-1@m uk-first-column\"><div class=\"uk-panel uk-text-large uk-margin uk-text-left@m uk-text-center\"><p>En 2014 nous avons achet\u00e9 une exploitation agricole \u00e0 l\u2019abandon\u00a0: Podere Trafonti, le domaine aux trois sources. Du haut de la colline, la vue embrassait le Montepulciano avec ses champs, ses for\u00eats et ses oliveraies, le Monte Amiata et, plus haut, la vaste vo\u00fbte du ciel. Le domaine \u00e9tait id\u00e9alement situ\u00e9 \u00e0 proximit\u00e9 de la magnifique vall\u00e9e d\u2019Orcia et du village m\u00e9di\u00e9val de Montefollonico. Finalement, apr\u00e8s des longs mois de recherche, nous avions trouv\u00e9 la maison de nos r\u00eaves. Ou \u00e9tait-ce elle qui nous avait trouv\u00e9s?<\/p><\/div><\/div><\/div>\t\t\t\t\t\t\t\t<\/div>\n\t\t\t\t<\/div>\n\t\t\t\t\t<\/div>\n\t\t\t\t<\/div>\n\t\t<div class=\"elementor-element elementor-element-61383c2 e-flex e-con-boxed e-con e-parent\" data-id=\"61383c2\" data-element_type=\"container\" data-e-type=\"container\">\n\t\t\t\t\t<div class=\"e-con-inner\">\n\t\t<div class=\"elementor-element elementor-element-089427f e-con-full e-flex e-con e-child\" data-id=\"089427f\" data-element_type=\"container\" data-e-type=\"container\">\n\t\t\t\t<div class=\"elementor-element elementor-element-80a0a5d elementor-widget elementor-widget-image\" data-id=\"80a0a5d\" data-element_type=\"widget\" data-e-type=\"widget\" data-widget_type=\"image.default\">\n\t\t\t\t<div class=\"elementor-widget-container\">\n\t\t\t\t\t\t\t\t\t\t\t\t\t\t\t<img loading=\"lazy\" decoding=\"async\" width=\"755\" height=\"1024\" src=\"http:\/\/www.poderetrafonti.com\/wp-content\/uploads\/2024\/02\/bernard-arte-4f559032-1-1-755x1024.webp\" class=\"attachment-large size-large wp-image-4392\" alt=\"\" srcset=\"http:\/\/www.poderetrafonti.com\/wp-content\/uploads\/2024\/02\/bernard-arte-4f559032-1-1-755x1024.webp 755w, http:\/\/www.poderetrafonti.com\/wp-content\/uploads\/2024\/02\/bernard-arte-4f559032-1-1-221x300.webp 221w, http:\/\/www.poderetrafonti.com\/wp-content\/uploads\/2024\/02\/bernard-arte-4f559032-1-1-768x1042.webp 768w, http:\/\/www.poderetrafonti.com\/wp-content\/uploads\/2024\/02\/bernard-arte-4f559032-1-1.webp 1120w\" sizes=\"(max-width: 755px) 100vw, 755px\" \/>\t\t\t\t\t\t\t\t\t\t\t\t\t\t\t<\/div>\n\t\t\t\t<\/div>\n\t\t\t\t<\/div>\n\t\t<div class=\"elementor-element elementor-element-f86d9ae e-con-full e-flex e-con e-child\" data-id=\"f86d9ae\" data-element_type=\"container\" data-e-type=\"container\">\n\t\t\t\t<div class=\"elementor-element elementor-element-31bd3c9 elementor-widget elementor-widget-image\" data-id=\"31bd3c9\" data-element_type=\"widget\" data-e-type=\"widget\" data-widget_type=\"image.default\">\n\t\t\t\t<div class=\"elementor-widget-container\">\n\t\t\t\t\t\t\t\t\t\t\t\t\t\t\t<img loading=\"lazy\" decoding=\"async\" width=\"1024\" height=\"674\" src=\"http:\/\/www.poderetrafonti.com\/wp-content\/uploads\/2024\/02\/antonella-apicoltura-b39914c4-1-1-1024x674.webp\" class=\"attachment-large size-large wp-image-4395\" alt=\"\" srcset=\"http:\/\/www.poderetrafonti.com\/wp-content\/uploads\/2024\/02\/antonella-apicoltura-b39914c4-1-1-1024x674.webp 1024w, http:\/\/www.poderetrafonti.com\/wp-content\/uploads\/2024\/02\/antonella-apicoltura-b39914c4-1-1-300x198.webp 300w, http:\/\/www.poderetrafonti.com\/wp-content\/uploads\/2024\/02\/antonella-apicoltura-b39914c4-1-1-768x506.webp 768w, http:\/\/www.poderetrafonti.com\/wp-content\/uploads\/2024\/02\/antonella-apicoltura-b39914c4-1-1.webp 1154w\" sizes=\"(max-width: 1024px) 100vw, 1024px\" \/>\t\t\t\t\t\t\t\t\t\t\t\t\t\t\t<\/div>\n\t\t\t\t<\/div>\n\t\t\t\t<\/div>\n\t\t\t\t\t<\/div>\n\t\t\t\t<\/div>\n\t\t<div class=\"elementor-element elementor-element-ad7a1f3 e-flex e-con-boxed e-con e-parent\" data-id=\"ad7a1f3\" data-element_type=\"container\" data-e-type=\"container\">\n\t\t\t\t\t<div class=\"e-con-inner\">\n\t\t\t\t<div class=\"elementor-element elementor-element-f9982aa elementor-widget elementor-widget-text-editor\" data-id=\"f9982aa\" data-element_type=\"widget\" data-e-type=\"widget\" data-widget_type=\"text-editor.default\">\n\t\t\t\t<div class=\"elementor-widget-container\">\n\t\t\t\t\t\t\t\t\t<div class=\"tm-grid-expand uk-child-width-1-1 uk-grid-margin uk-grid uk-grid-stack\" uk-grid=\"\"><div class=\"uk-width-1-1@m uk-first-column\"><div class=\"uk-panel uk-text-large uk-margin uk-text-left@m uk-text-center\"><div class=\"uk-panel uk-text-large uk-margin uk-text-left@m uk-text-center\"><div class=\"uk-panel uk-text-large uk-margin uk-text-left@m uk-text-center\"><div class=\"uk-panel uk-text-large uk-margin uk-text-left@m uk-text-center\"><p>Gr\u00e2ce aux\u00a0talents conjugu\u00e9s des architectes du bureau italien\u00a0<em>archiloop<\/em>\u00a0et d\u2019une \u00e9quipe d\u00e9vou\u00e9e d\u2019ing\u00e9nieurs, d\u2019ouvriers et d\u2019artisans, Trafonti \u00e9merge des d\u00e9combres apr\u00e8s deux ans de dur labeur.<\/p><\/div><div class=\"uk-panel uk-text-large uk-margin uk-text-left@m uk-text-center\"><p>Aujourd\u2019hui, Antonella vit \u00e0 Trafonti et g\u00e8re la ferme bio et les chambres d\u2019h\u00f4tes. Bernard vient r\u00e9guli\u00e8rement l\u2019\u00e9pauler et enrichir l\u2019ambiance avec des \u0153uvres issues de sa collection d\u2019art contemporain et sa passion pour la nature, la culture et l\u2019histoire de la r\u00e9gion environnante.<br \/><br \/>Entre-temps, Lara, notre chienne lagotto romagnolo, une race italienne de chiens truffiers, et Mimi la chatte sont venues renforcer l\u2019\u00e9quipe.<\/p><\/div><\/div><\/div><\/div><\/div><\/div>\t\t\t\t\t\t\t\t<\/div>\n\t\t\t\t<\/div>\n\t\t\t\t\t<\/div>\n\t\t\t\t<\/div>\n\t\t\t\t<\/div>\n\t\t","protected":false},"excerpt":{"rendered":"<p>QUI SOMMES-NOUS Nous sommes Antonella et Bernard, un couple suisse tomb\u00e9 sous le charme de la Toscane\u00a0: ses paysages magnifiques, l\u2019abondance et la qualit\u00e9 de ses produits, ses villages pittoresques, ses \u00e9glises, palais et mus\u00e9es regorgeant de chefs-d\u2019\u0153uvre artistiques, et les nombreuses activit\u00e9s culturelles qu\u2019elle propose. Mais ce qui nous a charm\u00e9s avant tout ce [&hellip;]<\/p>\n","protected":false},"author":4,"featured_media":0,"parent":0,"menu_order":0,"comment_status":"closed","ping_status":"closed","template":"","meta":{"_acf_changed":false,"footnotes":""},"class_list":["post-2406","page","type-page","status-publish","hentry"],"acf":[],"yoast_head":"<!-- This site is optimized with the Yoast SEO Premium plugin v22.7 (Yoast SEO v27.2) - https:\/\/yoast.com\/product\/yoast-seo-premium-wordpress\/ -->\n<title>Nous - Podere Trafonti<\/title>\n<meta name=\"robots\" content=\"index, follow, max-snippet:-1, max-image-preview:large, max-video-preview:-1\" \/>\n<link rel=\"canonical\" href=\"http:\/\/www.poderetrafonti.com\/fr\/nous\/\" \/>\n<meta property=\"og:locale\" content=\"fr_FR\" \/>\n<meta property=\"og:type\" content=\"article\" \/>\n<meta property=\"og:title\" content=\"Nous\" \/>\n<meta property=\"og:description\" content=\"QUI SOMMES-NOUS Nous sommes Antonella et Bernard, un couple suisse tomb\u00e9 sous le charme de la Toscane\u00a0: ses paysages magnifiques, l\u2019abondance et la qualit\u00e9 de ses produits, ses villages pittoresques, ses \u00e9glises, palais et mus\u00e9es regorgeant de chefs-d\u2019\u0153uvre artistiques, et les nombreuses activit\u00e9s culturelles qu\u2019elle propose. Mais ce qui nous a charm\u00e9s avant tout ce [&hellip;]\" \/>\n<meta property=\"og:url\" content=\"http:\/\/www.poderetrafonti.com\/fr\/nous\/\" \/>\n<meta property=\"og:site_name\" content=\"Podere Trafonti\" \/>\n<meta property=\"article:publisher\" content=\"https:\/\/www.facebook.com\/PodereTrafonti\" \/>\n<meta property=\"article:modified_time\" content=\"2024-02-24T10:19:00+00:00\" \/>\n<meta property=\"og:image\" content=\"https:\/\/www.poderetrafonti.com\/wp-content\/uploads\/2024\/02\/bernard-antonella-biblioteca-trafonti-669a52da-1-1.webp\" \/>\n<meta name=\"twitter:card\" content=\"summary_large_image\" \/>\n<meta name=\"twitter:label1\" content=\"Dur\u00e9e de lecture estim\u00e9e\" \/>\n\t<meta name=\"twitter:data1\" content=\"3 minutes\" \/>\n<script type=\"application\/ld+json\" class=\"yoast-schema-graph\">{\"@context\":\"https:\/\/schema.org\",\"@graph\":[{\"@type\":\"WebPage\",\"@id\":\"http:\/\/www.poderetrafonti.com\/fr\/nous\/\",\"url\":\"http:\/\/www.poderetrafonti.com\/fr\/nous\/\",\"name\":\"Nous - Podere Trafonti\",\"isPartOf\":{\"@id\":\"http:\/\/www.poderetrafonti.com\/#website\"},\"primaryImageOfPage\":{\"@id\":\"http:\/\/www.poderetrafonti.com\/fr\/nous\/#primaryimage\"},\"image\":{\"@id\":\"http:\/\/www.poderetrafonti.com\/fr\/nous\/#primaryimage\"},\"thumbnailUrl\":\"https:\/\/www.poderetrafonti.com\/wp-content\/uploads\/2024\/02\/bernard-antonella-biblioteca-trafonti-669a52da-1-1.webp\",\"datePublished\":\"2020-09-05T08:46:56+00:00\",\"dateModified\":\"2024-02-24T10:19:00+00:00\",\"breadcrumb\":{\"@id\":\"http:\/\/www.poderetrafonti.com\/fr\/nous\/#breadcrumb\"},\"inLanguage\":\"fr-FR\",\"potentialAction\":[{\"@type\":\"ReadAction\",\"target\":[\"http:\/\/www.poderetrafonti.com\/fr\/nous\/\"]}]},{\"@type\":\"ImageObject\",\"inLanguage\":\"fr-FR\",\"@id\":\"http:\/\/www.poderetrafonti.com\/fr\/nous\/#primaryimage\",\"url\":\"https:\/\/www.poderetrafonti.com\/wp-content\/uploads\/2024\/02\/bernard-antonella-biblioteca-trafonti-669a52da-1-1.webp\",\"contentUrl\":\"https:\/\/www.poderetrafonti.com\/wp-content\/uploads\/2024\/02\/bernard-antonella-biblioteca-trafonti-669a52da-1-1.webp\"},{\"@type\":\"BreadcrumbList\",\"@id\":\"http:\/\/www.poderetrafonti.com\/fr\/nous\/#breadcrumb\",\"itemListElement\":[{\"@type\":\"ListItem\",\"position\":1,\"name\":\"Home\",\"item\":\"http:\/\/www.poderetrafonti.com\/fr\/\"},{\"@type\":\"ListItem\",\"position\":2,\"name\":\"Nous\"}]},{\"@type\":\"WebSite\",\"@id\":\"http:\/\/www.poderetrafonti.com\/#website\",\"url\":\"http:\/\/www.poderetrafonti.com\/\",\"name\":\"Podere Trafonti\",\"description\":\"Trafonti website\",\"publisher\":{\"@id\":\"http:\/\/www.poderetrafonti.com\/#organization\"},\"potentialAction\":[{\"@type\":\"SearchAction\",\"target\":{\"@type\":\"EntryPoint\",\"urlTemplate\":\"http:\/\/www.poderetrafonti.com\/?s={search_term_string}\"},\"query-input\":{\"@type\":\"PropertyValueSpecification\",\"valueRequired\":true,\"valueName\":\"search_term_string\"}}],\"inLanguage\":\"fr-FR\"},{\"@type\":\"Organization\",\"@id\":\"http:\/\/www.poderetrafonti.com\/#organization\",\"name\":\"Podere Trafonti\",\"url\":\"http:\/\/www.poderetrafonti.com\/\",\"logo\":{\"@type\":\"ImageObject\",\"inLanguage\":\"fr-FR\",\"@id\":\"http:\/\/www.poderetrafonti.com\/#\/schema\/logo\/image\/\",\"url\":\"https:\/\/www.poderetrafonti.com\/wp-content\/uploads\/2019\/12\/logo-trafonti.png\",\"contentUrl\":\"https:\/\/www.poderetrafonti.com\/wp-content\/uploads\/2019\/12\/logo-trafonti.png\",\"width\":329,\"height\":377,\"caption\":\"Podere Trafonti\"},\"image\":{\"@id\":\"http:\/\/www.poderetrafonti.com\/#\/schema\/logo\/image\/\"},\"sameAs\":[\"https:\/\/www.facebook.com\/PodereTrafonti\",\"https:\/\/www.instagram.com\/antonella_poderetrafonti\/\",\"https:\/\/www.linkedin.com\/company\/18341221\/admin\/feed\/posts\/\"]}]}<\/script>\n<!-- \/ Yoast SEO Premium plugin. -->","yoast_head_json":{"title":"Nous - Podere Trafonti","robots":{"index":"index","follow":"follow","max-snippet":"max-snippet:-1","max-image-preview":"max-image-preview:large","max-video-preview":"max-video-preview:-1"},"canonical":"http:\/\/www.poderetrafonti.com\/fr\/nous\/","og_locale":"fr_FR","og_type":"article","og_title":"Nous","og_description":"QUI SOMMES-NOUS Nous sommes Antonella et Bernard, un couple suisse tomb\u00e9 sous le charme de la Toscane\u00a0: ses paysages magnifiques, l\u2019abondance et la qualit\u00e9 de ses produits, ses villages pittoresques, ses \u00e9glises, palais et mus\u00e9es regorgeant de chefs-d\u2019\u0153uvre artistiques, et les nombreuses activit\u00e9s culturelles qu\u2019elle propose. Mais ce qui nous a charm\u00e9s avant tout ce [&hellip;]","og_url":"http:\/\/www.poderetrafonti.com\/fr\/nous\/","og_site_name":"Podere Trafonti","article_publisher":"https:\/\/www.facebook.com\/PodereTrafonti","article_modified_time":"2024-02-24T10:19:00+00:00","og_image":[{"url":"https:\/\/www.poderetrafonti.com\/wp-content\/uploads\/2024\/02\/bernard-antonella-biblioteca-trafonti-669a52da-1-1.webp","type":"","width":"","height":""}],"twitter_card":"summary_large_image","twitter_misc":{"Dur\u00e9e de lecture estim\u00e9e":"3 minutes"},"schema":{"@context":"https:\/\/schema.org","@graph":[{"@type":"WebPage","@id":"http:\/\/www.poderetrafonti.com\/fr\/nous\/","url":"http:\/\/www.poderetrafonti.com\/fr\/nous\/","name":"Nous - Podere Trafonti","isPartOf":{"@id":"http:\/\/www.poderetrafonti.com\/#website"},"primaryImageOfPage":{"@id":"http:\/\/www.poderetrafonti.com\/fr\/nous\/#primaryimage"},"image":{"@id":"http:\/\/www.poderetrafonti.com\/fr\/nous\/#primaryimage"},"thumbnailUrl":"https:\/\/www.poderetrafonti.com\/wp-content\/uploads\/2024\/02\/bernard-antonella-biblioteca-trafonti-669a52da-1-1.webp","datePublished":"2020-09-05T08:46:56+00:00","dateModified":"2024-02-24T10:19:00+00:00","breadcrumb":{"@id":"http:\/\/www.poderetrafonti.com\/fr\/nous\/#breadcrumb"},"inLanguage":"fr-FR","potentialAction":[{"@type":"ReadAction","target":["http:\/\/www.poderetrafonti.com\/fr\/nous\/"]}]},{"@type":"ImageObject","inLanguage":"fr-FR","@id":"http:\/\/www.poderetrafonti.com\/fr\/nous\/#primaryimage","url":"https:\/\/www.poderetrafonti.com\/wp-content\/uploads\/2024\/02\/bernard-antonella-biblioteca-trafonti-669a52da-1-1.webp","contentUrl":"https:\/\/www.poderetrafonti.com\/wp-content\/uploads\/2024\/02\/bernard-antonella-biblioteca-trafonti-669a52da-1-1.webp"},{"@type":"BreadcrumbList","@id":"http:\/\/www.poderetrafonti.com\/fr\/nous\/#breadcrumb","itemListElement":[{"@type":"ListItem","position":1,"name":"Home","item":"http:\/\/www.poderetrafonti.com\/fr\/"},{"@type":"ListItem","position":2,"name":"Nous"}]},{"@type":"WebSite","@id":"http:\/\/www.poderetrafonti.com\/#website","url":"http:\/\/www.poderetrafonti.com\/","name":"Podere Trafonti","description":"Trafonti website","publisher":{"@id":"http:\/\/www.poderetrafonti.com\/#organization"},"potentialAction":[{"@type":"SearchAction","target":{"@type":"EntryPoint","urlTemplate":"http:\/\/www.poderetrafonti.com\/?s={search_term_string}"},"query-input":{"@type":"PropertyValueSpecification","valueRequired":true,"valueName":"search_term_string"}}],"inLanguage":"fr-FR"},{"@type":"Organization","@id":"http:\/\/www.poderetrafonti.com\/#organization","name":"Podere Trafonti","url":"http:\/\/www.poderetrafonti.com\/","logo":{"@type":"ImageObject","inLanguage":"fr-FR","@id":"http:\/\/www.poderetrafonti.com\/#\/schema\/logo\/image\/","url":"https:\/\/www.poderetrafonti.com\/wp-content\/uploads\/2019\/12\/logo-trafonti.png","contentUrl":"https:\/\/www.poderetrafonti.com\/wp-content\/uploads\/2019\/12\/logo-trafonti.png","width":329,"height":377,"caption":"Podere Trafonti"},"image":{"@id":"http:\/\/www.poderetrafonti.com\/#\/schema\/logo\/image\/"},"sameAs":["https:\/\/www.facebook.com\/PodereTrafonti","https:\/\/www.instagram.com\/antonella_poderetrafonti\/","https:\/\/www.linkedin.com\/company\/18341221\/admin\/feed\/posts\/"]}]}},"publishpress_future_action":{"enabled":false,"date":"2026-04-24 13:41:03","action":"change-status","newStatus":"draft","terms":[],"taxonomy":"translation_priority","extraData":[]},"publishpress_future_workflow_manual_trigger":{"enabledWorkflows":[]},"_links":{"self":[{"href":"https:\/\/www.poderetrafonti.com\/fr\/wp-json\/wp\/v2\/pages\/2406","targetHints":{"allow":["GET"]}}],"collection":[{"href":"https:\/\/www.poderetrafonti.com\/fr\/wp-json\/wp\/v2\/pages"}],"about":[{"href":"https:\/\/www.poderetrafonti.com\/fr\/wp-json\/wp\/v2\/types\/page"}],"author":[{"embeddable":true,"href":"https:\/\/www.poderetrafonti.com\/fr\/wp-json\/wp\/v2\/users\/4"}],"replies":[{"embeddable":true,"href":"https:\/\/www.poderetrafonti.com\/fr\/wp-json\/wp\/v2\/comments?post=2406"}],"version-history":[{"count":11,"href":"https:\/\/www.poderetrafonti.com\/fr\/wp-json\/wp\/v2\/pages\/2406\/revisions"}],"predecessor-version":[{"id":4400,"href":"https:\/\/www.poderetrafonti.com\/fr\/wp-json\/wp\/v2\/pages\/2406\/revisions\/4400"}],"wp:attachment":[{"href":"https:\/\/www.poderetrafonti.com\/fr\/wp-json\/wp\/v2\/media?parent=2406"}],"curies":[{"name":"wp","href":"https:\/\/api.w.org\/{rel}","templated":true}]}}