{"id":2429,"date":"2020-09-05T08:54:45","date_gmt":"2020-09-05T08:54:45","guid":{"rendered":"https:\/\/poderetrafonti.com\/?page_id=2429"},"modified":"2025-01-25T17:31:28","modified_gmt":"2025-01-25T16:31:28","slug":"acces","status":"publish","type":"page","link":"https:\/\/www.poderetrafonti.com\/fr\/acces\/","title":{"rendered":"Acc\u00e8s"},"content":{"rendered":"\t\t<div data-elementor-type=\"wp-page\" data-elementor-id=\"2429\" class=\"elementor elementor-2429 elementor-140\" data-elementor-post-type=\"page\">\n\t\t\t\t<div class=\"elementor-element elementor-element-ecb932e e-flex e-con-boxed e-con e-parent\" data-id=\"ecb932e\" data-element_type=\"container\" data-e-type=\"container\">\n\t\t\t\t\t<div class=\"e-con-inner\">\n\t\t\t\t<div class=\"elementor-element elementor-element-37b83d6 elementor-widget elementor-widget-image\" data-id=\"37b83d6\" data-element_type=\"widget\" data-e-type=\"widget\" data-widget_type=\"image.default\">\n\t\t\t\t<div class=\"elementor-widget-container\">\n\t\t\t\t\t\t\t\t\t\t\t\t\t\t\t<img fetchpriority=\"high\" decoding=\"async\" width=\"1920\" height=\"850\" src=\"https:\/\/www.poderetrafonti.com\/wp-content\/uploads\/2024\/02\/trafonti-cartello-entrata-scaled-cb0cc924.webp\" class=\"attachment-full size-full wp-image-4401\" alt=\"\" srcset=\"https:\/\/www.poderetrafonti.com\/wp-content\/uploads\/2024\/02\/trafonti-cartello-entrata-scaled-cb0cc924.webp 1920w, https:\/\/www.poderetrafonti.com\/wp-content\/uploads\/2024\/02\/trafonti-cartello-entrata-scaled-cb0cc924-300x133.webp 300w, https:\/\/www.poderetrafonti.com\/wp-content\/uploads\/2024\/02\/trafonti-cartello-entrata-scaled-cb0cc924-1024x453.webp 1024w, https:\/\/www.poderetrafonti.com\/wp-content\/uploads\/2024\/02\/trafonti-cartello-entrata-scaled-cb0cc924-768x340.webp 768w, https:\/\/www.poderetrafonti.com\/wp-content\/uploads\/2024\/02\/trafonti-cartello-entrata-scaled-cb0cc924-1536x680.webp 1536w\" sizes=\"(max-width: 1920px) 100vw, 1920px\" \/>\t\t\t\t\t\t\t\t\t\t\t\t\t\t\t<\/div>\n\t\t\t\t<\/div>\n\t\t\t\t\t<\/div>\n\t\t\t\t<\/div>\n\t\t<div class=\"elementor-element elementor-element-f0a2710 e-flex e-con-boxed e-con e-parent\" data-id=\"f0a2710\" data-element_type=\"container\" data-e-type=\"container\">\n\t\t\t\t\t<div class=\"e-con-inner\">\n\t\t\t\t<div class=\"elementor-element elementor-element-ca8d2ef elementor-widget elementor-widget-heading\" data-id=\"ca8d2ef\" data-element_type=\"widget\" data-e-type=\"widget\" data-widget_type=\"heading.default\">\n\t\t\t\t<div class=\"elementor-widget-container\">\n\t\t\t\t\t<h2 class=\"elementor-heading-title elementor-size-default\">COMMENT NOUS TROUVER<\/h2>\t\t\t\t<\/div>\n\t\t\t\t<\/div>\n\t\t\t\t\t<\/div>\n\t\t\t\t<\/div>\n\t\t<div class=\"elementor-element elementor-element-9e5e463 e-flex e-con-boxed e-con e-parent\" data-id=\"9e5e463\" data-element_type=\"container\" data-e-type=\"container\">\n\t\t\t\t\t<div class=\"e-con-inner\">\n\t\t\t\t<div class=\"elementor-element elementor-element-1761a98 elementor-widget elementor-widget-text-editor\" data-id=\"1761a98\" data-element_type=\"widget\" data-e-type=\"widget\" data-widget_type=\"text-editor.default\">\n\t\t\t\t<div class=\"elementor-widget-container\">\n\t\t\t\t\t\t\t\t\t<p>Situ\u00e9 dans la province de Sienne, l\u2019\u00e9co-domaine Podere Trafonti se niche dans un paysage vallonn\u00e9, entre for\u00eats, champs et oliveraies, \u00e0 proximit\u00e9 du village de Montefollonico et \u00e0 quelques dizaines de minutes en voiture de Montepulciano et de Pienza. Le domaine jouit d\u2019une vue \u00e0 couper le souffle sur le Montepulciano et le Monte Amiata.<\/p><p>Les villes d\u2019art de Montalcino, Sienne, P\u00e9rouse et Arezzo \u2013 pour ne citer que quelques-uns des joyaux de la Toscane et de l\u2019Ombrie \u2013 sont \u00e0 environ 45 minutes en voiture\u00a0; Florence, Rome et Pise sont \u00e0 1\u00a0h\u00a030-2\u00a0heures de route. Les plages les plus proches sont \u00e0 moins de 2\u00a0heures de Trafonti.<\/p>\t\t\t\t\t\t\t\t<\/div>\n\t\t\t\t<\/div>\n\t\t\t\t\t<\/div>\n\t\t\t\t<\/div>\n\t\t<div class=\"elementor-element elementor-element-6e520d7 e-flex e-con-boxed e-con e-parent\" data-id=\"6e520d7\" data-element_type=\"container\" data-e-type=\"container\">\n\t\t\t\t\t<div class=\"e-con-inner\">\n\t\t<div class=\"elementor-element elementor-element-d8223c6 e-con-full e-flex e-con e-child\" data-id=\"d8223c6\" data-element_type=\"container\" data-e-type=\"container\">\n\t\t\t\t<div class=\"elementor-element elementor-element-f4f31d3 elementor-widget elementor-widget-image\" data-id=\"f4f31d3\" data-element_type=\"widget\" data-e-type=\"widget\" data-widget_type=\"image.default\">\n\t\t\t\t<div class=\"elementor-widget-container\">\n\t\t\t\t\t\t\t\t\t\t\t\t\t\t\t<img decoding=\"async\" width=\"1024\" height=\"674\" src=\"https:\/\/www.poderetrafonti.com\/wp-content\/uploads\/2025\/01\/Podere-Trafonti-1154x760-1-1024x674.jpeg\" class=\"attachment-large size-large wp-image-6142\" alt=\"\" srcset=\"https:\/\/www.poderetrafonti.com\/wp-content\/uploads\/2025\/01\/Podere-Trafonti-1154x760-1-1024x674.jpeg 1024w, https:\/\/www.poderetrafonti.com\/wp-content\/uploads\/2025\/01\/Podere-Trafonti-1154x760-1-300x198.jpeg 300w, https:\/\/www.poderetrafonti.com\/wp-content\/uploads\/2025\/01\/Podere-Trafonti-1154x760-1-768x506.jpeg 768w, https:\/\/www.poderetrafonti.com\/wp-content\/uploads\/2025\/01\/Podere-Trafonti-1154x760-1.jpeg 1154w\" sizes=\"(max-width: 1024px) 100vw, 1024px\" \/>\t\t\t\t\t\t\t\t\t\t\t\t\t\t\t<\/div>\n\t\t\t\t<\/div>\n\t\t\t\t<\/div>\n\t\t<div class=\"elementor-element elementor-element-5c9a578 e-con-full e-flex e-con e-child\" data-id=\"5c9a578\" data-element_type=\"container\" data-e-type=\"container\">\n\t\t\t\t<div class=\"elementor-element elementor-element-b4980d0 elementor-widget elementor-widget-image\" data-id=\"b4980d0\" data-element_type=\"widget\" data-e-type=\"widget\" data-widget_type=\"image.default\">\n\t\t\t\t<div class=\"elementor-widget-container\">\n\t\t\t\t\t\t\t\t\t\t\t\t\t\t\t<img decoding=\"async\" width=\"755\" height=\"1024\" src=\"https:\/\/www.poderetrafonti.com\/wp-content\/uploads\/2024\/02\/papaveri-prato-d5a7d281-755x1024.webp\" class=\"attachment-large size-large wp-image-4407\" alt=\"\" srcset=\"https:\/\/www.poderetrafonti.com\/wp-content\/uploads\/2024\/02\/papaveri-prato-d5a7d281-755x1024.webp 755w, https:\/\/www.poderetrafonti.com\/wp-content\/uploads\/2024\/02\/papaveri-prato-d5a7d281-221x300.webp 221w, https:\/\/www.poderetrafonti.com\/wp-content\/uploads\/2024\/02\/papaveri-prato-d5a7d281-768x1042.webp 768w, https:\/\/www.poderetrafonti.com\/wp-content\/uploads\/2024\/02\/papaveri-prato-d5a7d281.webp 1120w\" sizes=\"(max-width: 755px) 100vw, 755px\" \/>\t\t\t\t\t\t\t\t\t\t\t\t\t\t\t<\/div>\n\t\t\t\t<\/div>\n\t\t\t\t<\/div>\n\t\t\t\t\t<\/div>\n\t\t\t\t<\/div>\n\t\t<div class=\"elementor-element elementor-element-a71bedf e-flex e-con-boxed e-con e-parent\" data-id=\"a71bedf\" data-element_type=\"container\" data-e-type=\"container\">\n\t\t\t\t\t<div class=\"e-con-inner\">\n\t\t\t\t<div class=\"elementor-element elementor-element-907d873 elementor-widget elementor-widget-text-editor\" data-id=\"907d873\" data-element_type=\"widget\" data-e-type=\"widget\" data-widget_type=\"text-editor.default\">\n\t\t\t\t<div class=\"elementor-widget-container\">\n\t\t\t\t\t\t\t\t\t<div class=\"tm-grid-expand uk-child-width-1-1 uk-grid-margin uk-grid uk-grid-stack\" uk-grid=\"\"><div class=\"uk-width-1-1@m uk-first-column\"><div class=\"uk-panel uk-text-large uk-margin uk-text-left@m uk-text-center\"><div class=\"uk-panel uk-text-large uk-margin uk-text-left@m uk-text-center\"><div class=\"uk-panel uk-text-large uk-margin uk-text-left@m uk-text-center\"><div class=\"uk-panel uk-text-large uk-margin uk-text-left@m uk-text-center\"><p><strong>En voiture\u00a0:\u00a0<\/strong>depuis l\u2019A1 (Autostrada del Sole) emprunter la sortie Valdichiana-Bettolle, direction Montefollonico. Le domaine est \u00e0 environ 20 minutes de la sortie d\u2019autoroute.<\/p><p><strong>En train\u00a0:\u00a0<\/strong>les gares les plus proches sont Torrita di Siena et Montepulciano (lignes locales) et Chiusi-Chianciano Terme, Arezzo et Florence (lignes r\u00e9gionales et nationales). Nous pouvons organiser votre transfert de la gare \u00e0 Podere Trafonti. Des voitures de location sont disponibles dans les gares de Chiusi, Arezzo et Florence.<\/p><p><strong>En avion\u00a0:\u00a0<\/strong>les a\u00e9roports les plus proches sont Rome et Pise (env. 2h), Florence (1\u00a0h\u00a030), P\u00e9rouse (45\u00a0min.). Des voitures de location sont disponibles dans tous ces a\u00e9roports, ainsi que des liaisons en train ou en bus pour Chiusi-Chianciano Terme, Montepulciano ou Torrita di Siena.<\/p><p>Pour explorer la r\u00e9gion autour de Trafonti, il est conseill\u00e9 de louer une voiture.<\/p><\/div><\/div><\/div><\/div><\/div><\/div>\t\t\t\t\t\t\t\t<\/div>\n\t\t\t\t<\/div>\n\t\t\t\t\t<\/div>\n\t\t\t\t<\/div>\n\t\t<div class=\"elementor-element elementor-element-a1e9d9a e-flex e-con-boxed e-con e-parent\" data-id=\"a1e9d9a\" data-element_type=\"container\" data-e-type=\"container\">\n\t\t\t\t\t<div class=\"e-con-inner\">\n\t\t<div class=\"elementor-element elementor-element-6448392 e-con-full e-flex e-con e-child\" data-id=\"6448392\" data-element_type=\"container\" data-e-type=\"container\">\n\t\t\t\t<div class=\"elementor-element elementor-element-01c52fd elementor-widget elementor-widget-image\" data-id=\"01c52fd\" data-element_type=\"widget\" data-e-type=\"widget\" data-widget_type=\"image.default\">\n\t\t\t\t<div class=\"elementor-widget-container\">\n\t\t\t\t\t\t\t\t\t\t\t\t\t\t\t<img loading=\"lazy\" decoding=\"async\" width=\"755\" height=\"1024\" src=\"https:\/\/www.poderetrafonti.com\/wp-content\/uploads\/2024\/02\/san-biagio-montepulciano-1-8014944b-755x1024.webp\" class=\"attachment-large size-large wp-image-4410\" alt=\"\" srcset=\"https:\/\/www.poderetrafonti.com\/wp-content\/uploads\/2024\/02\/san-biagio-montepulciano-1-8014944b-755x1024.webp 755w, https:\/\/www.poderetrafonti.com\/wp-content\/uploads\/2024\/02\/san-biagio-montepulciano-1-8014944b-221x300.webp 221w, https:\/\/www.poderetrafonti.com\/wp-content\/uploads\/2024\/02\/san-biagio-montepulciano-1-8014944b-768x1042.webp 768w, https:\/\/www.poderetrafonti.com\/wp-content\/uploads\/2024\/02\/san-biagio-montepulciano-1-8014944b.webp 1120w\" sizes=\"(max-width: 755px) 100vw, 755px\" \/>\t\t\t\t\t\t\t\t\t\t\t\t\t\t\t<\/div>\n\t\t\t\t<\/div>\n\t\t\t\t<\/div>\n\t\t<div class=\"elementor-element elementor-element-a0ab68d e-con-full e-flex e-con e-child\" data-id=\"a0ab68d\" data-element_type=\"container\" data-e-type=\"container\">\n\t\t\t\t<div class=\"elementor-element elementor-element-6110dac elementor-widget elementor-widget-image\" data-id=\"6110dac\" data-element_type=\"widget\" data-e-type=\"widget\" data-widget_type=\"image.default\">\n\t\t\t\t<div class=\"elementor-widget-container\">\n\t\t\t\t\t\t\t\t\t\t\t\t\t\t\t<img loading=\"lazy\" decoding=\"async\" width=\"1024\" height=\"674\" src=\"https:\/\/www.poderetrafonti.com\/wp-content\/uploads\/2024\/02\/amiata-orcia-pienza-panorama-3bd99ce2-1024x674.webp\" class=\"attachment-large size-large wp-image-4413\" alt=\"\" srcset=\"https:\/\/www.poderetrafonti.com\/wp-content\/uploads\/2024\/02\/amiata-orcia-pienza-panorama-3bd99ce2-1024x674.webp 1024w, https:\/\/www.poderetrafonti.com\/wp-content\/uploads\/2024\/02\/amiata-orcia-pienza-panorama-3bd99ce2-300x198.webp 300w, https:\/\/www.poderetrafonti.com\/wp-content\/uploads\/2024\/02\/amiata-orcia-pienza-panorama-3bd99ce2-768x506.webp 768w, https:\/\/www.poderetrafonti.com\/wp-content\/uploads\/2024\/02\/amiata-orcia-pienza-panorama-3bd99ce2.webp 1154w\" sizes=\"(max-width: 1024px) 100vw, 1024px\" \/>\t\t\t\t\t\t\t\t\t\t\t\t\t\t\t<\/div>\n\t\t\t\t<\/div>\n\t\t\t\t<\/div>\n\t\t\t\t\t<\/div>\n\t\t\t\t<\/div>\n\t\t<div class=\"elementor-element elementor-element-06e2a5e e-flex e-con-boxed e-con e-parent\" data-id=\"06e2a5e\" data-element_type=\"container\" data-e-type=\"container\">\n\t\t\t\t\t<div class=\"e-con-inner\">\n\t\t\t\t<div class=\"elementor-element elementor-element-2ee6f48 elementor-widget elementor-widget-google_maps\" data-id=\"2ee6f48\" data-element_type=\"widget\" data-e-type=\"widget\" data-widget_type=\"google_maps.default\">\n\t\t\t\t<div class=\"elementor-widget-container\">\n\t\t\t\t\t\t\t<div class=\"elementor-custom-embed\">\n\t\t\t<iframe loading=\"lazy\"\n\t\t\t\t\tsrc=\"https:\/\/maps.google.com\/maps?q=SP%2015%20%28KM%201%2FII%2C%2053049%20Torrita%20di%20Siena%20SI&#038;t=m&#038;z=10&#038;output=embed&#038;iwloc=near\"\n\t\t\t\t\ttitle=\"SP 15 (KM 1\/II, 53049 Torrita di Siena SI\"\n\t\t\t\t\taria-label=\"SP 15 (KM 1\/II, 53049 Torrita di Siena SI\"\n\t\t\t><\/iframe>\n\t\t<\/div>\n\t\t\t\t\t\t<\/div>\n\t\t\t\t<\/div>\n\t\t\t\t\t<\/div>\n\t\t\t\t<\/div>\n\t\t\t\t<\/div>\n\t\t","protected":false},"excerpt":{"rendered":"<p>COMMENT NOUS TROUVER Situ\u00e9 dans la province de Sienne, l\u2019\u00e9co-domaine Podere Trafonti se niche dans un paysage vallonn\u00e9, entre for\u00eats, champs et oliveraies, \u00e0 proximit\u00e9 du village de Montefollonico et \u00e0 quelques dizaines de minutes en voiture de Montepulciano et de Pienza. Le domaine jouit d\u2019une vue \u00e0 couper le souffle sur le Montepulciano et [&hellip;]<\/p>\n","protected":false},"author":4,"featured_media":0,"parent":0,"menu_order":0,"comment_status":"closed","ping_status":"closed","template":"","meta":{"_acf_changed":false,"footnotes":""},"class_list":["post-2429","page","type-page","status-publish","hentry"],"acf":[],"yoast_head":"<!-- This site is optimized with the Yoast SEO Premium plugin v22.7 (Yoast SEO v27.2) - https:\/\/yoast.com\/product\/yoast-seo-premium-wordpress\/ -->\n<title>Acc\u00e8s - Podere Trafonti<\/title>\n<meta name=\"robots\" content=\"index, follow, max-snippet:-1, max-image-preview:large, max-video-preview:-1\" \/>\n<link rel=\"canonical\" href=\"https:\/\/www.poderetrafonti.com\/fr\/acces\/\" \/>\n<meta property=\"og:locale\" content=\"fr_FR\" \/>\n<meta property=\"og:type\" content=\"article\" \/>\n<meta property=\"og:title\" content=\"Acc\u00e8s\" \/>\n<meta property=\"og:description\" content=\"COMMENT NOUS TROUVER Situ\u00e9 dans la province de Sienne, l\u2019\u00e9co-domaine Podere Trafonti se niche dans un paysage vallonn\u00e9, entre for\u00eats, champs et oliveraies, \u00e0 proximit\u00e9 du village de Montefollonico et \u00e0 quelques dizaines de minutes en voiture de Montepulciano et de Pienza. Le domaine jouit d\u2019une vue \u00e0 couper le souffle sur le Montepulciano et [&hellip;]\" \/>\n<meta property=\"og:url\" content=\"https:\/\/www.poderetrafonti.com\/fr\/acces\/\" \/>\n<meta property=\"og:site_name\" content=\"Podere Trafonti\" \/>\n<meta property=\"article:publisher\" content=\"https:\/\/www.facebook.com\/PodereTrafonti\" \/>\n<meta property=\"article:modified_time\" content=\"2025-01-25T16:31:28+00:00\" \/>\n<meta property=\"og:image\" content=\"https:\/\/www.poderetrafonti.com\/wp-content\/uploads\/2024\/02\/trafonti-cartello-entrata-scaled-cb0cc924.webp\" \/>\n<meta name=\"twitter:card\" content=\"summary_large_image\" \/>\n<meta name=\"twitter:label1\" content=\"Dur\u00e9e de lecture estim\u00e9e\" \/>\n\t<meta name=\"twitter:data1\" content=\"3 minutes\" \/>\n<script type=\"application\/ld+json\" class=\"yoast-schema-graph\">{\"@context\":\"https:\/\/schema.org\",\"@graph\":[{\"@type\":\"WebPage\",\"@id\":\"https:\/\/www.poderetrafonti.com\/fr\/acces\/\",\"url\":\"https:\/\/www.poderetrafonti.com\/fr\/acces\/\",\"name\":\"Acc\u00e8s - Podere Trafonti\",\"isPartOf\":{\"@id\":\"https:\/\/www.poderetrafonti.com\/#website\"},\"primaryImageOfPage\":{\"@id\":\"https:\/\/www.poderetrafonti.com\/fr\/acces\/#primaryimage\"},\"image\":{\"@id\":\"https:\/\/www.poderetrafonti.com\/fr\/acces\/#primaryimage\"},\"thumbnailUrl\":\"https:\/\/www.poderetrafonti.com\/wp-content\/uploads\/2024\/02\/trafonti-cartello-entrata-scaled-cb0cc924.webp\",\"datePublished\":\"2020-09-05T08:54:45+00:00\",\"dateModified\":\"2025-01-25T16:31:28+00:00\",\"breadcrumb\":{\"@id\":\"https:\/\/www.poderetrafonti.com\/fr\/acces\/#breadcrumb\"},\"inLanguage\":\"fr-FR\",\"potentialAction\":[{\"@type\":\"ReadAction\",\"target\":[\"https:\/\/www.poderetrafonti.com\/fr\/acces\/\"]}]},{\"@type\":\"ImageObject\",\"inLanguage\":\"fr-FR\",\"@id\":\"https:\/\/www.poderetrafonti.com\/fr\/acces\/#primaryimage\",\"url\":\"https:\/\/www.poderetrafonti.com\/wp-content\/uploads\/2024\/02\/trafonti-cartello-entrata-scaled-cb0cc924.webp\",\"contentUrl\":\"https:\/\/www.poderetrafonti.com\/wp-content\/uploads\/2024\/02\/trafonti-cartello-entrata-scaled-cb0cc924.webp\"},{\"@type\":\"BreadcrumbList\",\"@id\":\"https:\/\/www.poderetrafonti.com\/fr\/acces\/#breadcrumb\",\"itemListElement\":[{\"@type\":\"ListItem\",\"position\":1,\"name\":\"Home\",\"item\":\"https:\/\/www.poderetrafonti.com\/\"},{\"@type\":\"ListItem\",\"position\":2,\"name\":\"Acc\u00e8s\"}]},{\"@type\":\"WebSite\",\"@id\":\"https:\/\/www.poderetrafonti.com\/#website\",\"url\":\"https:\/\/www.poderetrafonti.com\/\",\"name\":\"Podere Trafonti\",\"description\":\"Trafonti website\",\"publisher\":{\"@id\":\"https:\/\/www.poderetrafonti.com\/#organization\"},\"potentialAction\":[{\"@type\":\"SearchAction\",\"target\":{\"@type\":\"EntryPoint\",\"urlTemplate\":\"https:\/\/www.poderetrafonti.com\/?s={search_term_string}\"},\"query-input\":{\"@type\":\"PropertyValueSpecification\",\"valueRequired\":true,\"valueName\":\"search_term_string\"}}],\"inLanguage\":\"fr-FR\"},{\"@type\":\"Organization\",\"@id\":\"https:\/\/www.poderetrafonti.com\/#organization\",\"name\":\"Podere Trafonti\",\"url\":\"https:\/\/www.poderetrafonti.com\/\",\"logo\":{\"@type\":\"ImageObject\",\"inLanguage\":\"fr-FR\",\"@id\":\"https:\/\/www.poderetrafonti.com\/#\/schema\/logo\/image\/\",\"url\":\"https:\/\/www.poderetrafonti.com\/wp-content\/uploads\/2019\/12\/logo-trafonti.png\",\"contentUrl\":\"https:\/\/www.poderetrafonti.com\/wp-content\/uploads\/2019\/12\/logo-trafonti.png\",\"width\":329,\"height\":377,\"caption\":\"Podere Trafonti\"},\"image\":{\"@id\":\"https:\/\/www.poderetrafonti.com\/#\/schema\/logo\/image\/\"},\"sameAs\":[\"https:\/\/www.facebook.com\/PodereTrafonti\",\"https:\/\/www.instagram.com\/antonella_poderetrafonti\/\",\"https:\/\/www.linkedin.com\/company\/18341221\/admin\/feed\/posts\/\"]}]}<\/script>\n<!-- \/ Yoast SEO Premium plugin. -->","yoast_head_json":{"title":"Acc\u00e8s - Podere Trafonti","robots":{"index":"index","follow":"follow","max-snippet":"max-snippet:-1","max-image-preview":"max-image-preview:large","max-video-preview":"max-video-preview:-1"},"canonical":"https:\/\/www.poderetrafonti.com\/fr\/acces\/","og_locale":"fr_FR","og_type":"article","og_title":"Acc\u00e8s","og_description":"COMMENT NOUS TROUVER Situ\u00e9 dans la province de Sienne, l\u2019\u00e9co-domaine Podere Trafonti se niche dans un paysage vallonn\u00e9, entre for\u00eats, champs et oliveraies, \u00e0 proximit\u00e9 du village de Montefollonico et \u00e0 quelques dizaines de minutes en voiture de Montepulciano et de Pienza. Le domaine jouit d\u2019une vue \u00e0 couper le souffle sur le Montepulciano et [&hellip;]","og_url":"https:\/\/www.poderetrafonti.com\/fr\/acces\/","og_site_name":"Podere Trafonti","article_publisher":"https:\/\/www.facebook.com\/PodereTrafonti","article_modified_time":"2025-01-25T16:31:28+00:00","og_image":[{"url":"https:\/\/www.poderetrafonti.com\/wp-content\/uploads\/2024\/02\/trafonti-cartello-entrata-scaled-cb0cc924.webp","type":"","width":"","height":""}],"twitter_card":"summary_large_image","twitter_misc":{"Dur\u00e9e de lecture estim\u00e9e":"3 minutes"},"schema":{"@context":"https:\/\/schema.org","@graph":[{"@type":"WebPage","@id":"https:\/\/www.poderetrafonti.com\/fr\/acces\/","url":"https:\/\/www.poderetrafonti.com\/fr\/acces\/","name":"Acc\u00e8s - Podere Trafonti","isPartOf":{"@id":"https:\/\/www.poderetrafonti.com\/#website"},"primaryImageOfPage":{"@id":"https:\/\/www.poderetrafonti.com\/fr\/acces\/#primaryimage"},"image":{"@id":"https:\/\/www.poderetrafonti.com\/fr\/acces\/#primaryimage"},"thumbnailUrl":"https:\/\/www.poderetrafonti.com\/wp-content\/uploads\/2024\/02\/trafonti-cartello-entrata-scaled-cb0cc924.webp","datePublished":"2020-09-05T08:54:45+00:00","dateModified":"2025-01-25T16:31:28+00:00","breadcrumb":{"@id":"https:\/\/www.poderetrafonti.com\/fr\/acces\/#breadcrumb"},"inLanguage":"fr-FR","potentialAction":[{"@type":"ReadAction","target":["https:\/\/www.poderetrafonti.com\/fr\/acces\/"]}]},{"@type":"ImageObject","inLanguage":"fr-FR","@id":"https:\/\/www.poderetrafonti.com\/fr\/acces\/#primaryimage","url":"https:\/\/www.poderetrafonti.com\/wp-content\/uploads\/2024\/02\/trafonti-cartello-entrata-scaled-cb0cc924.webp","contentUrl":"https:\/\/www.poderetrafonti.com\/wp-content\/uploads\/2024\/02\/trafonti-cartello-entrata-scaled-cb0cc924.webp"},{"@type":"BreadcrumbList","@id":"https:\/\/www.poderetrafonti.com\/fr\/acces\/#breadcrumb","itemListElement":[{"@type":"ListItem","position":1,"name":"Home","item":"https:\/\/www.poderetrafonti.com\/"},{"@type":"ListItem","position":2,"name":"Acc\u00e8s"}]},{"@type":"WebSite","@id":"https:\/\/www.poderetrafonti.com\/#website","url":"https:\/\/www.poderetrafonti.com\/","name":"Podere Trafonti","description":"Trafonti website","publisher":{"@id":"https:\/\/www.poderetrafonti.com\/#organization"},"potentialAction":[{"@type":"SearchAction","target":{"@type":"EntryPoint","urlTemplate":"https:\/\/www.poderetrafonti.com\/?s={search_term_string}"},"query-input":{"@type":"PropertyValueSpecification","valueRequired":true,"valueName":"search_term_string"}}],"inLanguage":"fr-FR"},{"@type":"Organization","@id":"https:\/\/www.poderetrafonti.com\/#organization","name":"Podere Trafonti","url":"https:\/\/www.poderetrafonti.com\/","logo":{"@type":"ImageObject","inLanguage":"fr-FR","@id":"https:\/\/www.poderetrafonti.com\/#\/schema\/logo\/image\/","url":"https:\/\/www.poderetrafonti.com\/wp-content\/uploads\/2019\/12\/logo-trafonti.png","contentUrl":"https:\/\/www.poderetrafonti.com\/wp-content\/uploads\/2019\/12\/logo-trafonti.png","width":329,"height":377,"caption":"Podere Trafonti"},"image":{"@id":"https:\/\/www.poderetrafonti.com\/#\/schema\/logo\/image\/"},"sameAs":["https:\/\/www.facebook.com\/PodereTrafonti","https:\/\/www.instagram.com\/antonella_poderetrafonti\/","https:\/\/www.linkedin.com\/company\/18341221\/admin\/feed\/posts\/"]}]}},"publishpress_future_action":{"enabled":false,"date":"2026-04-20 06:40:39","action":"change-status","newStatus":"draft","terms":[],"taxonomy":"translation_priority","extraData":[]},"publishpress_future_workflow_manual_trigger":{"enabledWorkflows":[]},"_links":{"self":[{"href":"https:\/\/www.poderetrafonti.com\/fr\/wp-json\/wp\/v2\/pages\/2429","targetHints":{"allow":["GET"]}}],"collection":[{"href":"https:\/\/www.poderetrafonti.com\/fr\/wp-json\/wp\/v2\/pages"}],"about":[{"href":"https:\/\/www.poderetrafonti.com\/fr\/wp-json\/wp\/v2\/types\/page"}],"author":[{"embeddable":true,"href":"https:\/\/www.poderetrafonti.com\/fr\/wp-json\/wp\/v2\/users\/4"}],"replies":[{"embeddable":true,"href":"https:\/\/www.poderetrafonti.com\/fr\/wp-json\/wp\/v2\/comments?post=2429"}],"version-history":[{"count":15,"href":"https:\/\/www.poderetrafonti.com\/fr\/wp-json\/wp\/v2\/pages\/2429\/revisions"}],"predecessor-version":[{"id":6147,"href":"https:\/\/www.poderetrafonti.com\/fr\/wp-json\/wp\/v2\/pages\/2429\/revisions\/6147"}],"wp:attachment":[{"href":"https:\/\/www.poderetrafonti.com\/fr\/wp-json\/wp\/v2\/media?parent=2429"}],"curies":[{"name":"wp","href":"https:\/\/api.w.org\/{rel}","templated":true}]}}