{"id":2435,"date":"2020-09-05T08:56:50","date_gmt":"2020-09-05T08:56:50","guid":{"rendered":"https:\/\/poderetrafonti.com\/?page_id=2435"},"modified":"2025-02-16T15:30:38","modified_gmt":"2025-02-16T14:30:38","slug":"ressentir","status":"publish","type":"page","link":"https:\/\/www.poderetrafonti.com\/fr\/ressentir\/","title":{"rendered":"Ressentir"},"content":{"rendered":"\t\t<div data-elementor-type=\"wp-page\" data-elementor-id=\"2435\" class=\"elementor elementor-2435 elementor-445\" data-elementor-post-type=\"page\">\n\t\t\t\t<div class=\"elementor-element elementor-element-ea6786a e-flex e-con-boxed e-con e-parent\" data-id=\"ea6786a\" data-element_type=\"container\" data-e-type=\"container\">\n\t\t\t\t\t<div class=\"e-con-inner\">\n\t\t\t\t<div class=\"elementor-element elementor-element-b7eeb00 elementor-widget elementor-widget-image\" data-id=\"b7eeb00\" data-element_type=\"widget\" data-e-type=\"widget\" data-widget_type=\"image.default\">\n\t\t\t\t<div class=\"elementor-widget-container\">\n\t\t\t\t\t\t\t\t\t\t\t\t\t\t\t<img fetchpriority=\"high\" decoding=\"async\" width=\"1920\" height=\"850\" src=\"https:\/\/www.poderetrafonti.com\/wp-content\/uploads\/2024\/02\/panorama-max-trafonti-3e729bc8-1-1.webp\" class=\"attachment-full size-full wp-image-4735\" alt=\"\" srcset=\"https:\/\/www.poderetrafonti.com\/wp-content\/uploads\/2024\/02\/panorama-max-trafonti-3e729bc8-1-1.webp 1920w, https:\/\/www.poderetrafonti.com\/wp-content\/uploads\/2024\/02\/panorama-max-trafonti-3e729bc8-1-1-300x133.webp 300w, https:\/\/www.poderetrafonti.com\/wp-content\/uploads\/2024\/02\/panorama-max-trafonti-3e729bc8-1-1-1024x453.webp 1024w, https:\/\/www.poderetrafonti.com\/wp-content\/uploads\/2024\/02\/panorama-max-trafonti-3e729bc8-1-1-768x340.webp 768w, https:\/\/www.poderetrafonti.com\/wp-content\/uploads\/2024\/02\/panorama-max-trafonti-3e729bc8-1-1-1536x680.webp 1536w\" sizes=\"(max-width: 1920px) 100vw, 1920px\" \/>\t\t\t\t\t\t\t\t\t\t\t\t\t\t\t<\/div>\n\t\t\t\t<\/div>\n\t\t\t\t\t<\/div>\n\t\t\t\t<\/div>\n\t\t<div class=\"elementor-element elementor-element-90b7158 e-flex e-con-boxed e-con e-parent\" data-id=\"90b7158\" data-element_type=\"container\" data-e-type=\"container\">\n\t\t\t\t\t<div class=\"e-con-inner\">\n\t\t\t\t<div class=\"elementor-element elementor-element-baca879 elementor-widget elementor-widget-heading\" data-id=\"baca879\" data-element_type=\"widget\" data-e-type=\"widget\" data-widget_type=\"heading.default\">\n\t\t\t\t<div class=\"elementor-widget-container\">\n\t\t\t\t\t<h2 class=\"elementor-heading-title elementor-size-default\">Ressentir<\/h2>\t\t\t\t<\/div>\n\t\t\t\t<\/div>\n\t\t\t\t\t<\/div>\n\t\t\t\t<\/div>\n\t\t<div class=\"elementor-element elementor-element-214afa3 e-flex e-con-boxed e-con e-parent\" data-id=\"214afa3\" data-element_type=\"container\" data-e-type=\"container\">\n\t\t\t\t\t<div class=\"e-con-inner\">\n\t\t\t\t<div class=\"elementor-element elementor-element-11c1776 elementor-widget elementor-widget-text-editor\" data-id=\"11c1776\" data-element_type=\"widget\" data-e-type=\"widget\" data-widget_type=\"text-editor.default\">\n\t\t\t\t<div class=\"elementor-widget-container\">\n\t\t\t\t\t\t\t\t\t<p class=\"p1\">Podere Trafonti est un lieu qui stimule tous les sens, apaise l\u2019esprit et revitalise le corps. L\u2019abondance de sa nature, l\u2019harmonie des villages environnants, l\u2019hospitalit\u00e9 des habitants font du bien au c\u0153ur et \u00e0 l\u2019esprit. La vie para\u00eet plus simple, plus naturellement humaine et en m\u00eame temps pleine de sens.<\/p>\t\t\t\t\t\t\t\t<\/div>\n\t\t\t\t<\/div>\n\t\t\t\t\t<\/div>\n\t\t\t\t<\/div>\n\t\t<div class=\"elementor-element elementor-element-d4fd1ee e-flex e-con-boxed e-con e-parent\" data-id=\"d4fd1ee\" data-element_type=\"container\" data-e-type=\"container\">\n\t\t\t\t\t<div class=\"e-con-inner\">\n\t\t<div class=\"elementor-element elementor-element-89ef63d e-con-full e-flex e-con e-child\" data-id=\"89ef63d\" data-element_type=\"container\" data-e-type=\"container\">\n\t\t\t\t<div class=\"elementor-element elementor-element-d68f6f1 boxinfo elementor-position-top elementor-widget elementor-widget-image-box\" data-id=\"d68f6f1\" data-element_type=\"widget\" data-e-type=\"widget\" data-widget_type=\"image-box.default\">\n\t\t\t\t<div class=\"elementor-widget-container\">\n\t\t\t\t\t<div class=\"elementor-image-box-wrapper\"><figure class=\"elementor-image-box-img\"><a href=\"https:\/\/www.poderetrafonti.com\/fr\/ressentir\/le-pourquoi-du-comment\/\" tabindex=\"-1\"><img decoding=\"async\" width=\"1712\" height=\"1368\" src=\"https:\/\/www.poderetrafonti.com\/wp-content\/uploads\/2025\/01\/1712x1368-ANV-con-api-2.jpg\" class=\"attachment-full size-full wp-image-6262\" alt=\"\" srcset=\"https:\/\/www.poderetrafonti.com\/wp-content\/uploads\/2025\/01\/1712x1368-ANV-con-api-2.jpg 1712w, https:\/\/www.poderetrafonti.com\/wp-content\/uploads\/2025\/01\/1712x1368-ANV-con-api-2-300x240.jpg 300w, https:\/\/www.poderetrafonti.com\/wp-content\/uploads\/2025\/01\/1712x1368-ANV-con-api-2-1024x818.jpg 1024w, https:\/\/www.poderetrafonti.com\/wp-content\/uploads\/2025\/01\/1712x1368-ANV-con-api-2-768x614.jpg 768w, https:\/\/www.poderetrafonti.com\/wp-content\/uploads\/2025\/01\/1712x1368-ANV-con-api-2-1536x1227.jpg 1536w\" sizes=\"(max-width: 1712px) 100vw, 1712px\" \/><\/a><\/figure><div class=\"elementor-image-box-content\"><h3 class=\"elementor-image-box-title\"><a href=\"https:\/\/www.poderetrafonti.com\/fr\/ressentir\/le-pourquoi-du-comment\/\">EN SAVOIR PLUS<\/a><\/h3><\/div><\/div>\t\t\t\t<\/div>\n\t\t\t\t<\/div>\n\t\t\t\t<div class=\"elementor-element elementor-element-64bd2c7 elementor-widget elementor-widget-heading\" data-id=\"64bd2c7\" data-element_type=\"widget\" data-e-type=\"widget\" data-widget_type=\"heading.default\">\n\t\t\t\t<div class=\"elementor-widget-container\">\n\t\t\t\t\t<h4 class=\"elementor-heading-title elementor-size-default\"><a href=\"https:\/\/www.poderetrafonti.com\/fr\/ressentir\/le-pourquoi-du-comment\/\">Le pourquoi du comment<\/a><\/h4>\t\t\t\t<\/div>\n\t\t\t\t<\/div>\n\t\t\t\t<div class=\"elementor-element elementor-element-8f94147 elementor-widget elementor-widget-text-editor\" data-id=\"8f94147\" data-element_type=\"widget\" data-e-type=\"widget\" data-widget_type=\"text-editor.default\">\n\t\t\t\t<div class=\"elementor-widget-container\">\n\t\t\t\t\t\t\t\t\t<p>Je m\u2019appelle Antonella et, avec mon mari Bernard, je suis l\u2019heureuse copropri\u00e9taire et g\u00e9rante de Podere Trafonti\u2026<\/p>\t\t\t\t\t\t\t\t<\/div>\n\t\t\t\t<\/div>\n\t\t\t\t<\/div>\n\t\t<div class=\"elementor-element elementor-element-92de60f e-con-full e-flex e-con e-child\" data-id=\"92de60f\" data-element_type=\"container\" data-e-type=\"container\">\n\t\t\t\t<div class=\"elementor-element elementor-element-9a21570 boxinfo elementor-position-top elementor-widget elementor-widget-image-box\" data-id=\"9a21570\" data-element_type=\"widget\" data-e-type=\"widget\" data-widget_type=\"image-box.default\">\n\t\t\t\t<div class=\"elementor-widget-container\">\n\t\t\t\t\t<div class=\"elementor-image-box-wrapper\"><figure class=\"elementor-image-box-img\"><a href=\"https:\/\/www.poderetrafonti.com\/fr\/ressentir\/la-durabilite-nous-tient-a-coeur\/\" tabindex=\"-1\"><img decoding=\"async\" width=\"1712\" height=\"1368\" src=\"https:\/\/www.poderetrafonti.com\/wp-content\/uploads\/2024\/02\/leccio-trafonti-c2083339-1-1.webp\" class=\"attachment-full size-full wp-image-4741\" alt=\"\" srcset=\"https:\/\/www.poderetrafonti.com\/wp-content\/uploads\/2024\/02\/leccio-trafonti-c2083339-1-1.webp 1712w, https:\/\/www.poderetrafonti.com\/wp-content\/uploads\/2024\/02\/leccio-trafonti-c2083339-1-1-300x240.webp 300w, https:\/\/www.poderetrafonti.com\/wp-content\/uploads\/2024\/02\/leccio-trafonti-c2083339-1-1-1024x818.webp 1024w, https:\/\/www.poderetrafonti.com\/wp-content\/uploads\/2024\/02\/leccio-trafonti-c2083339-1-1-768x614.webp 768w, https:\/\/www.poderetrafonti.com\/wp-content\/uploads\/2024\/02\/leccio-trafonti-c2083339-1-1-1536x1227.webp 1536w\" sizes=\"(max-width: 1712px) 100vw, 1712px\" \/><\/a><\/figure><div class=\"elementor-image-box-content\"><h3 class=\"elementor-image-box-title\"><a href=\"https:\/\/www.poderetrafonti.com\/fr\/ressentir\/la-durabilite-nous-tient-a-coeur\/\">EN SAVOIR PLUS<\/a><\/h3><\/div><\/div>\t\t\t\t<\/div>\n\t\t\t\t<\/div>\n\t\t\t\t<div class=\"elementor-element elementor-element-08e4f00 elementor-widget elementor-widget-heading\" data-id=\"08e4f00\" data-element_type=\"widget\" data-e-type=\"widget\" data-widget_type=\"heading.default\">\n\t\t\t\t<div class=\"elementor-widget-container\">\n\t\t\t\t\t<h4 class=\"elementor-heading-title elementor-size-default\"><a href=\"https:\/\/www.poderetrafonti.com\/fr\/ressentir\/la-durabilite-nous-tient-a-coeur\/\">Notre engagement pour la durabilit\u00e9<\/a><\/h4>\t\t\t\t<\/div>\n\t\t\t\t<\/div>\n\t\t\t\t<div class=\"elementor-element elementor-element-31dbc54 elementor-widget elementor-widget-text-editor\" data-id=\"31dbc54\" data-element_type=\"widget\" data-e-type=\"widget\" data-widget_type=\"text-editor.default\">\n\t\t\t\t<div class=\"elementor-widget-container\">\n\t\t\t\t\t\t\t\t\t<p class=\"p1\">Explorer des territoires inconnus est un moyen d\u2019\u00e9largir son horizon et de tisser des liens de sympathie avec l\u2019autre\u2026<\/p>\t\t\t\t\t\t\t\t<\/div>\n\t\t\t\t<\/div>\n\t\t\t\t<\/div>\n\t\t\t\t\t<\/div>\n\t\t\t\t<\/div>\n\t\t<div class=\"elementor-element elementor-element-565477b e-con-full e-flex e-con e-parent\" data-id=\"565477b\" data-element_type=\"container\" data-e-type=\"container\">\n\t\t\t\t<\/div>\n\t\t\t\t<\/div>\n\t\t","protected":false},"excerpt":{"rendered":"<p>Ressentir Podere Trafonti est un lieu qui stimule tous les sens, apaise l\u2019esprit et revitalise le corps. L\u2019abondance de sa nature, l\u2019harmonie des villages environnants, l\u2019hospitalit\u00e9 des habitants font du bien au c\u0153ur et \u00e0 l\u2019esprit. La vie para\u00eet plus simple, plus naturellement humaine et en m\u00eame temps pleine de sens. EN SAVOIR PLUS Le [&hellip;]<\/p>\n","protected":false},"author":4,"featured_media":0,"parent":0,"menu_order":0,"comment_status":"closed","ping_status":"closed","template":"","meta":{"_acf_changed":false,"footnotes":""},"class_list":["post-2435","page","type-page","status-publish","hentry"],"acf":[],"yoast_head":"<!-- This site is optimized with the Yoast SEO Premium plugin v22.7 (Yoast SEO v27.2) - https:\/\/yoast.com\/product\/yoast-seo-premium-wordpress\/ -->\n<title>Ressentir - Podere Trafonti<\/title>\n<meta name=\"robots\" content=\"index, follow, max-snippet:-1, max-image-preview:large, max-video-preview:-1\" \/>\n<link rel=\"canonical\" href=\"https:\/\/www.poderetrafonti.com\/fr\/ressentir\/\" \/>\n<meta property=\"og:locale\" content=\"fr_FR\" \/>\n<meta property=\"og:type\" content=\"article\" \/>\n<meta property=\"og:title\" content=\"Ressentir\" \/>\n<meta property=\"og:description\" content=\"Ressentir Podere Trafonti est un lieu qui stimule tous les sens, apaise l\u2019esprit et revitalise le corps. L\u2019abondance de sa nature, l\u2019harmonie des villages environnants, l\u2019hospitalit\u00e9 des habitants font du bien au c\u0153ur et \u00e0 l\u2019esprit. La vie para\u00eet plus simple, plus naturellement humaine et en m\u00eame temps pleine de sens. EN SAVOIR PLUS Le [&hellip;]\" \/>\n<meta property=\"og:url\" content=\"https:\/\/www.poderetrafonti.com\/fr\/ressentir\/\" \/>\n<meta property=\"og:site_name\" content=\"Podere Trafonti\" \/>\n<meta property=\"article:publisher\" content=\"https:\/\/www.facebook.com\/PodereTrafonti\" \/>\n<meta property=\"article:modified_time\" content=\"2025-02-16T14:30:38+00:00\" \/>\n<meta property=\"og:image\" content=\"https:\/\/www.poderetrafonti.com\/wp-content\/uploads\/2024\/02\/panorama-max-trafonti-3e729bc8-1-1.webp\" \/>\n\t<meta property=\"og:image:width\" content=\"1920\" \/>\n\t<meta property=\"og:image:height\" content=\"850\" \/>\n\t<meta property=\"og:image:type\" content=\"image\/webp\" \/>\n<meta name=\"twitter:card\" content=\"summary_large_image\" \/>\n<meta name=\"twitter:label1\" content=\"Dur\u00e9e de lecture estim\u00e9e\" \/>\n\t<meta name=\"twitter:data1\" content=\"2 minutes\" \/>\n<script type=\"application\/ld+json\" class=\"yoast-schema-graph\">{\"@context\":\"https:\/\/schema.org\",\"@graph\":[{\"@type\":\"WebPage\",\"@id\":\"https:\/\/www.poderetrafonti.com\/fr\/ressentir\/\",\"url\":\"https:\/\/www.poderetrafonti.com\/fr\/ressentir\/\",\"name\":\"Ressentir - Podere Trafonti\",\"isPartOf\":{\"@id\":\"https:\/\/www.poderetrafonti.com\/#website\"},\"primaryImageOfPage\":{\"@id\":\"https:\/\/www.poderetrafonti.com\/fr\/ressentir\/#primaryimage\"},\"image\":{\"@id\":\"https:\/\/www.poderetrafonti.com\/fr\/ressentir\/#primaryimage\"},\"thumbnailUrl\":\"https:\/\/www.poderetrafonti.com\/wp-content\/uploads\/2024\/02\/panorama-max-trafonti-3e729bc8-1-1.webp\",\"datePublished\":\"2020-09-05T08:56:50+00:00\",\"dateModified\":\"2025-02-16T14:30:38+00:00\",\"breadcrumb\":{\"@id\":\"https:\/\/www.poderetrafonti.com\/fr\/ressentir\/#breadcrumb\"},\"inLanguage\":\"fr-FR\",\"potentialAction\":[{\"@type\":\"ReadAction\",\"target\":[\"https:\/\/www.poderetrafonti.com\/fr\/ressentir\/\"]}]},{\"@type\":\"ImageObject\",\"inLanguage\":\"fr-FR\",\"@id\":\"https:\/\/www.poderetrafonti.com\/fr\/ressentir\/#primaryimage\",\"url\":\"https:\/\/www.poderetrafonti.com\/wp-content\/uploads\/2024\/02\/panorama-max-trafonti-3e729bc8-1-1.webp\",\"contentUrl\":\"https:\/\/www.poderetrafonti.com\/wp-content\/uploads\/2024\/02\/panorama-max-trafonti-3e729bc8-1-1.webp\"},{\"@type\":\"BreadcrumbList\",\"@id\":\"https:\/\/www.poderetrafonti.com\/fr\/ressentir\/#breadcrumb\",\"itemListElement\":[{\"@type\":\"ListItem\",\"position\":1,\"name\":\"Home\",\"item\":\"https:\/\/www.poderetrafonti.com\/\"},{\"@type\":\"ListItem\",\"position\":2,\"name\":\"Ressentir\"}]},{\"@type\":\"WebSite\",\"@id\":\"https:\/\/www.poderetrafonti.com\/#website\",\"url\":\"https:\/\/www.poderetrafonti.com\/\",\"name\":\"Podere Trafonti\",\"description\":\"Trafonti website\",\"publisher\":{\"@id\":\"https:\/\/www.poderetrafonti.com\/#organization\"},\"potentialAction\":[{\"@type\":\"SearchAction\",\"target\":{\"@type\":\"EntryPoint\",\"urlTemplate\":\"https:\/\/www.poderetrafonti.com\/?s={search_term_string}\"},\"query-input\":{\"@type\":\"PropertyValueSpecification\",\"valueRequired\":true,\"valueName\":\"search_term_string\"}}],\"inLanguage\":\"fr-FR\"},{\"@type\":\"Organization\",\"@id\":\"https:\/\/www.poderetrafonti.com\/#organization\",\"name\":\"Podere Trafonti\",\"url\":\"https:\/\/www.poderetrafonti.com\/\",\"logo\":{\"@type\":\"ImageObject\",\"inLanguage\":\"fr-FR\",\"@id\":\"https:\/\/www.poderetrafonti.com\/#\/schema\/logo\/image\/\",\"url\":\"https:\/\/www.poderetrafonti.com\/wp-content\/uploads\/2019\/12\/logo-trafonti.png\",\"contentUrl\":\"https:\/\/www.poderetrafonti.com\/wp-content\/uploads\/2019\/12\/logo-trafonti.png\",\"width\":329,\"height\":377,\"caption\":\"Podere Trafonti\"},\"image\":{\"@id\":\"https:\/\/www.poderetrafonti.com\/#\/schema\/logo\/image\/\"},\"sameAs\":[\"https:\/\/www.facebook.com\/PodereTrafonti\",\"https:\/\/www.instagram.com\/antonella_poderetrafonti\/\",\"https:\/\/www.linkedin.com\/company\/18341221\/admin\/feed\/posts\/\"]}]}<\/script>\n<!-- \/ Yoast SEO Premium plugin. -->","yoast_head_json":{"title":"Ressentir - Podere Trafonti","robots":{"index":"index","follow":"follow","max-snippet":"max-snippet:-1","max-image-preview":"max-image-preview:large","max-video-preview":"max-video-preview:-1"},"canonical":"https:\/\/www.poderetrafonti.com\/fr\/ressentir\/","og_locale":"fr_FR","og_type":"article","og_title":"Ressentir","og_description":"Ressentir Podere Trafonti est un lieu qui stimule tous les sens, apaise l\u2019esprit et revitalise le corps. L\u2019abondance de sa nature, l\u2019harmonie des villages environnants, l\u2019hospitalit\u00e9 des habitants font du bien au c\u0153ur et \u00e0 l\u2019esprit. La vie para\u00eet plus simple, plus naturellement humaine et en m\u00eame temps pleine de sens. EN SAVOIR PLUS Le [&hellip;]","og_url":"https:\/\/www.poderetrafonti.com\/fr\/ressentir\/","og_site_name":"Podere Trafonti","article_publisher":"https:\/\/www.facebook.com\/PodereTrafonti","article_modified_time":"2025-02-16T14:30:38+00:00","og_image":[{"width":1920,"height":850,"url":"https:\/\/www.poderetrafonti.com\/wp-content\/uploads\/2024\/02\/panorama-max-trafonti-3e729bc8-1-1.webp","type":"image\/webp"}],"twitter_card":"summary_large_image","twitter_misc":{"Dur\u00e9e de lecture estim\u00e9e":"2 minutes"},"schema":{"@context":"https:\/\/schema.org","@graph":[{"@type":"WebPage","@id":"https:\/\/www.poderetrafonti.com\/fr\/ressentir\/","url":"https:\/\/www.poderetrafonti.com\/fr\/ressentir\/","name":"Ressentir - Podere Trafonti","isPartOf":{"@id":"https:\/\/www.poderetrafonti.com\/#website"},"primaryImageOfPage":{"@id":"https:\/\/www.poderetrafonti.com\/fr\/ressentir\/#primaryimage"},"image":{"@id":"https:\/\/www.poderetrafonti.com\/fr\/ressentir\/#primaryimage"},"thumbnailUrl":"https:\/\/www.poderetrafonti.com\/wp-content\/uploads\/2024\/02\/panorama-max-trafonti-3e729bc8-1-1.webp","datePublished":"2020-09-05T08:56:50+00:00","dateModified":"2025-02-16T14:30:38+00:00","breadcrumb":{"@id":"https:\/\/www.poderetrafonti.com\/fr\/ressentir\/#breadcrumb"},"inLanguage":"fr-FR","potentialAction":[{"@type":"ReadAction","target":["https:\/\/www.poderetrafonti.com\/fr\/ressentir\/"]}]},{"@type":"ImageObject","inLanguage":"fr-FR","@id":"https:\/\/www.poderetrafonti.com\/fr\/ressentir\/#primaryimage","url":"https:\/\/www.poderetrafonti.com\/wp-content\/uploads\/2024\/02\/panorama-max-trafonti-3e729bc8-1-1.webp","contentUrl":"https:\/\/www.poderetrafonti.com\/wp-content\/uploads\/2024\/02\/panorama-max-trafonti-3e729bc8-1-1.webp"},{"@type":"BreadcrumbList","@id":"https:\/\/www.poderetrafonti.com\/fr\/ressentir\/#breadcrumb","itemListElement":[{"@type":"ListItem","position":1,"name":"Home","item":"https:\/\/www.poderetrafonti.com\/"},{"@type":"ListItem","position":2,"name":"Ressentir"}]},{"@type":"WebSite","@id":"https:\/\/www.poderetrafonti.com\/#website","url":"https:\/\/www.poderetrafonti.com\/","name":"Podere Trafonti","description":"Trafonti website","publisher":{"@id":"https:\/\/www.poderetrafonti.com\/#organization"},"potentialAction":[{"@type":"SearchAction","target":{"@type":"EntryPoint","urlTemplate":"https:\/\/www.poderetrafonti.com\/?s={search_term_string}"},"query-input":{"@type":"PropertyValueSpecification","valueRequired":true,"valueName":"search_term_string"}}],"inLanguage":"fr-FR"},{"@type":"Organization","@id":"https:\/\/www.poderetrafonti.com\/#organization","name":"Podere Trafonti","url":"https:\/\/www.poderetrafonti.com\/","logo":{"@type":"ImageObject","inLanguage":"fr-FR","@id":"https:\/\/www.poderetrafonti.com\/#\/schema\/logo\/image\/","url":"https:\/\/www.poderetrafonti.com\/wp-content\/uploads\/2019\/12\/logo-trafonti.png","contentUrl":"https:\/\/www.poderetrafonti.com\/wp-content\/uploads\/2019\/12\/logo-trafonti.png","width":329,"height":377,"caption":"Podere Trafonti"},"image":{"@id":"https:\/\/www.poderetrafonti.com\/#\/schema\/logo\/image\/"},"sameAs":["https:\/\/www.facebook.com\/PodereTrafonti","https:\/\/www.instagram.com\/antonella_poderetrafonti\/","https:\/\/www.linkedin.com\/company\/18341221\/admin\/feed\/posts\/"]}]}},"publishpress_future_action":{"enabled":false,"date":"2026-04-20 06:40:49","action":"change-status","newStatus":"draft","terms":[],"taxonomy":"translation_priority","extraData":[]},"publishpress_future_workflow_manual_trigger":{"enabledWorkflows":[]},"_links":{"self":[{"href":"https:\/\/www.poderetrafonti.com\/fr\/wp-json\/wp\/v2\/pages\/2435","targetHints":{"allow":["GET"]}}],"collection":[{"href":"https:\/\/www.poderetrafonti.com\/fr\/wp-json\/wp\/v2\/pages"}],"about":[{"href":"https:\/\/www.poderetrafonti.com\/fr\/wp-json\/wp\/v2\/types\/page"}],"author":[{"embeddable":true,"href":"https:\/\/www.poderetrafonti.com\/fr\/wp-json\/wp\/v2\/users\/4"}],"replies":[{"embeddable":true,"href":"https:\/\/www.poderetrafonti.com\/fr\/wp-json\/wp\/v2\/comments?post=2435"}],"version-history":[{"count":29,"href":"https:\/\/www.poderetrafonti.com\/fr\/wp-json\/wp\/v2\/pages\/2435\/revisions"}],"predecessor-version":[{"id":6439,"href":"https:\/\/www.poderetrafonti.com\/fr\/wp-json\/wp\/v2\/pages\/2435\/revisions\/6439"}],"wp:attachment":[{"href":"https:\/\/www.poderetrafonti.com\/fr\/wp-json\/wp\/v2\/media?parent=2435"}],"curies":[{"name":"wp","href":"https:\/\/api.w.org\/{rel}","templated":true}]}}