{"id":2608,"date":"2020-09-08T10:36:10","date_gmt":"2020-09-08T10:36:10","guid":{"rendered":"https:\/\/poderetrafonti.com\/?page_id=2608"},"modified":"2025-01-26T16:40:03","modified_gmt":"2025-01-26T15:40:03","slug":"le-pourquoi-du-comment","status":"publish","type":"page","link":"https:\/\/www.poderetrafonti.com\/fr\/ressentir\/le-pourquoi-du-comment\/","title":{"rendered":"Le pourquoi du comment"},"content":{"rendered":"\t\t<div data-elementor-type=\"wp-page\" data-elementor-id=\"2608\" class=\"elementor elementor-2608 elementor-727\" data-elementor-post-type=\"page\">\n\t\t\t\t<div class=\"elementor-element elementor-element-200f94a e-flex e-con-boxed e-con e-parent\" data-id=\"200f94a\" data-element_type=\"container\" data-e-type=\"container\">\n\t\t\t\t\t<div class=\"e-con-inner\">\n\t\t\t\t<div class=\"elementor-element elementor-element-fc07de6 elementor-widget elementor-widget-image\" data-id=\"fc07de6\" data-element_type=\"widget\" data-e-type=\"widget\" data-widget_type=\"image.default\">\n\t\t\t\t<div class=\"elementor-widget-container\">\n\t\t\t\t\t\t\t\t\t\t\t\t\t\t\t<img fetchpriority=\"high\" decoding=\"async\" width=\"1024\" height=\"768\" src=\"http:\/\/www.poderetrafonti.com\/wp-content\/uploads\/2025\/01\/C30520CA-46EB-4EF5-B874-DF01325B8086_1_201_a.jpeg\" class=\"attachment-full size-full wp-image-6281\" alt=\"\" srcset=\"http:\/\/www.poderetrafonti.com\/wp-content\/uploads\/2025\/01\/C30520CA-46EB-4EF5-B874-DF01325B8086_1_201_a.jpeg 1024w, http:\/\/www.poderetrafonti.com\/wp-content\/uploads\/2025\/01\/C30520CA-46EB-4EF5-B874-DF01325B8086_1_201_a-300x225.jpeg 300w, http:\/\/www.poderetrafonti.com\/wp-content\/uploads\/2025\/01\/C30520CA-46EB-4EF5-B874-DF01325B8086_1_201_a-768x576.jpeg 768w\" sizes=\"(max-width: 1024px) 100vw, 1024px\" \/>\t\t\t\t\t\t\t\t\t\t\t\t\t\t\t<\/div>\n\t\t\t\t<\/div>\n\t\t\t\t\t<\/div>\n\t\t\t\t<\/div>\n\t\t<div class=\"elementor-element elementor-element-8539b3f e-flex e-con-boxed e-con e-parent\" data-id=\"8539b3f\" data-element_type=\"container\" data-e-type=\"container\">\n\t\t\t\t\t<div class=\"e-con-inner\">\n\t\t\t\t<div class=\"elementor-element elementor-element-952bfd2 elementor-widget elementor-widget-heading\" data-id=\"952bfd2\" data-element_type=\"widget\" data-e-type=\"widget\" data-widget_type=\"heading.default\">\n\t\t\t\t<div class=\"elementor-widget-container\">\n\t\t\t\t\t<h2 class=\"elementor-heading-title elementor-size-default\">Le pourquoi du comment\n<\/h2>\t\t\t\t<\/div>\n\t\t\t\t<\/div>\n\t\t\t\t\t<\/div>\n\t\t\t\t<\/div>\n\t\t<div class=\"elementor-element elementor-element-a435774 e-flex e-con-boxed e-con e-parent\" data-id=\"a435774\" data-element_type=\"container\" data-e-type=\"container\">\n\t\t\t\t\t<div class=\"e-con-inner\">\n\t\t\t\t<div class=\"elementor-element elementor-element-bb024d1 elementor-widget elementor-widget-text-editor\" data-id=\"bb024d1\" data-element_type=\"widget\" data-e-type=\"widget\" data-widget_type=\"text-editor.default\">\n\t\t\t\t<div class=\"elementor-widget-container\">\n\t\t\t\t\t\t\t\t\t<div class=\"tm-grid-expand uk-child-width-1-1 uk-grid-margin uk-grid uk-grid-stack\" uk-grid=\"\"><div class=\"uk-width-1-1@m uk-first-column\"><div class=\"uk-panel uk-text-large uk-margin uk-text-left@m uk-text-center\"><div class=\"tm-grid-expand uk-child-width-1-1 uk-grid-margin uk-grid uk-grid-stack\" uk-grid=\"\"><div class=\"uk-width-1-1@m uk-first-column\"><div class=\"uk-panel uk-text-large uk-margin uk-text-left@m uk-text-center\"><p>\u00ab\u00a0Je m\u2019appelle Antonella et, avec mon mari Bernard, je suis l\u2019heureuse copropri\u00e9taire et g\u00e9rante de Podere Trafonti, un \u00e9co-domaine agricole avec chambres d\u2019h\u00f4tes nich\u00e9 parmi les oliveraies, les vignobles et les collines bois\u00e9es de la Toscane m\u00e9ridionale.<br \/><br \/>Nous avons achet\u00e9 cette ferme en ruine avec ses 13,5 hectares de terrain agricole et de for\u00eats en 2015 et nous avons imm\u00e9diatement entrepris de la restaurer. Apr\u00e8s deux ans de labeur intense et passionn\u00e9, le domaine a ressurgi des d\u00e9combres, encore plus beau que nous l\u2019avions imagin\u00e9!<\/p><\/div><blockquote class=\"wecap-primary-color uk-text-left@m uk-text-center\"><p>\u00abApr\u00e8s deux ans de labeur intense et passionn\u00e9, le domaine a ressurgi des d\u00e9combres, encore plus beau que nous l\u2019avions imagin\u00e9!\u00bb<\/p><\/blockquote><div class=\"uk-panel uk-text-large uk-margin uk-text-left@m uk-text-center\"><p>Les 100 oliviers anciens de l\u2019oliveraie ont \u00e9t\u00e9 compl\u00e9t\u00e9s par 900 jeunes pousses et deux douzaines d\u2019arbres fruitiers. Nous avons cr\u00e9\u00e9 un potager en permaculture qui fournit des l\u00e9gumes en abondance pour la cuisine. Autour des b\u00e2timents, nous avons plant\u00e9 des herbes aromatiques et des fleurs pour attirer les insectes et ravir les sens. Au printemps 2019, nous avons install\u00e9 nos premi\u00e8res ruches, qui nous ont livr\u00e9 une premi\u00e8re r\u00e9colte de miel bio \u00e0 la fin de l\u2019\u00e9t\u00e9.<\/p><\/div><\/div><\/div><div class=\"tm-grid-expand uk-child-width-1-1 uk-grid-margin uk-grid uk-grid-stack\" uk-grid=\"\"><div class=\"uk-width-1-1@m uk-first-column\"><blockquote class=\"wecap-primary-color uk-text-left@m uk-text-center\"><p>\u00ab\u00a0\u00ab\u00a0Pour nous, ramener Trafonti \u00e0 la vie rimait avec le d\u00e9sir de partager avec des h\u00f4tes curieux et ouverts d\u2019esprit notre amour de cette r\u00e9gion, sa beaut\u00e9 naturelle, ses tr\u00e9sors artistiques et culturels.\u00a0\u00bb<\/p><\/blockquote><div class=\"uk-panel uk-text-large uk-margin uk-text-left@m uk-text-center\"><p>Les chambres d\u2019h\u00f4tes ont \u00e9t\u00e9 inaugur\u00e9es en juin\u00a02018. Nous y organisons des stages de yoga, des s\u00e9jours de cuisine bio, des semaines de randonn\u00e9e, des safaris de d\u00e9couverte des abeilles, ainsi que de nombreuses activit\u00e9s et \u00e9v\u00e9nements sur mesure pour groupes et familles.<\/p><p>Pour nous, ramener Trafonti \u00e0 la vie rimait avec le d\u00e9sir de partager avec des visiteurs curieux et ouverts d\u2019esprit notre amour de cette r\u00e9gion, sa beaut\u00e9 naturelle, ses tr\u00e9sors artistiques et culturels.<\/p><\/div><\/div><\/div><div class=\"tm-grid-expand uk-child-width-1-1 uk-grid-margin uk-grid uk-grid-stack\" uk-grid=\"\"><div class=\"uk-width-1-1@m uk-first-column\"><div class=\"uk-panel uk-text-large uk-margin uk-text-left@m uk-text-center\"><p>Nous aimons rencontrer des gens de tous horizons et passer du temps avec eux au petit-d\u00e9jeuner ou autour d\u2019un verre de vin le soir. Au fil des jours, sous le regard bienveillant des murs s\u00e9culaires de Trafonti, la conversation m\u00fbrit et les c\u0153urs s\u2019ouvrent, donnant encore plus de sens \u00e0 nos vies.\u00a0\u00bb<\/p><\/div><\/div><\/div><\/div><\/div><\/div>\t\t\t\t\t\t\t\t<\/div>\n\t\t\t\t<\/div>\n\t\t\t\t\t<\/div>\n\t\t\t\t<\/div>\n\t\t\t\t<\/div>\n\t\t","protected":false},"excerpt":{"rendered":"<p>Le pourquoi du comment \u00ab\u00a0Je m\u2019appelle Antonella et, avec mon mari Bernard, je suis l\u2019heureuse copropri\u00e9taire et g\u00e9rante de Podere Trafonti, un \u00e9co-domaine agricole avec chambres d\u2019h\u00f4tes nich\u00e9 parmi les oliveraies, les vignobles et les collines bois\u00e9es de la Toscane m\u00e9ridionale. Nous avons achet\u00e9 cette ferme en ruine avec ses 13,5 hectares de terrain agricole [&hellip;]<\/p>\n","protected":false},"author":4,"featured_media":0,"parent":2435,"menu_order":0,"comment_status":"closed","ping_status":"closed","template":"","meta":{"_acf_changed":false,"footnotes":""},"class_list":["post-2608","page","type-page","status-publish","hentry"],"acf":[],"yoast_head":"<!-- This site is optimized with the Yoast SEO Premium plugin v22.7 (Yoast SEO v27.2) - https:\/\/yoast.com\/product\/yoast-seo-premium-wordpress\/ -->\n<title>Le pourquoi du comment - Podere Trafonti<\/title>\n<meta name=\"robots\" content=\"index, follow, max-snippet:-1, max-image-preview:large, max-video-preview:-1\" \/>\n<link rel=\"canonical\" href=\"http:\/\/www.poderetrafonti.com\/fr\/ressentir\/le-pourquoi-du-comment\/\" \/>\n<meta property=\"og:locale\" content=\"fr_FR\" \/>\n<meta property=\"og:type\" content=\"article\" \/>\n<meta property=\"og:title\" content=\"Le pourquoi du comment\" \/>\n<meta property=\"og:description\" content=\"Le pourquoi du comment \u00ab\u00a0Je m\u2019appelle Antonella et, avec mon mari Bernard, je suis l\u2019heureuse copropri\u00e9taire et g\u00e9rante de Podere Trafonti, un \u00e9co-domaine agricole avec chambres d\u2019h\u00f4tes nich\u00e9 parmi les oliveraies, les vignobles et les collines bois\u00e9es de la Toscane m\u00e9ridionale. Nous avons achet\u00e9 cette ferme en ruine avec ses 13,5 hectares de terrain agricole [&hellip;]\" \/>\n<meta property=\"og:url\" content=\"http:\/\/www.poderetrafonti.com\/fr\/ressentir\/le-pourquoi-du-comment\/\" \/>\n<meta property=\"og:site_name\" content=\"Podere Trafonti\" \/>\n<meta property=\"article:publisher\" content=\"https:\/\/www.facebook.com\/PodereTrafonti\" \/>\n<meta property=\"article:modified_time\" content=\"2025-01-26T15:40:03+00:00\" \/>\n<meta property=\"og:image\" content=\"https:\/\/www.poderetrafonti.com\/wp-content\/uploads\/2025\/01\/C30520CA-46EB-4EF5-B874-DF01325B8086_1_201_a.jpeg\" \/>\n<meta name=\"twitter:card\" content=\"summary_large_image\" \/>\n<meta name=\"twitter:label1\" content=\"Dur\u00e9e de lecture estim\u00e9e\" \/>\n\t<meta name=\"twitter:data1\" content=\"2 minutes\" \/>\n<script type=\"application\/ld+json\" class=\"yoast-schema-graph\">{\"@context\":\"https:\/\/schema.org\",\"@graph\":[{\"@type\":\"WebPage\",\"@id\":\"http:\/\/www.poderetrafonti.com\/fr\/ressentir\/le-pourquoi-du-comment\/\",\"url\":\"http:\/\/www.poderetrafonti.com\/fr\/ressentir\/le-pourquoi-du-comment\/\",\"name\":\"Le pourquoi du comment - Podere Trafonti\",\"isPartOf\":{\"@id\":\"http:\/\/www.poderetrafonti.com\/#website\"},\"primaryImageOfPage\":{\"@id\":\"http:\/\/www.poderetrafonti.com\/fr\/ressentir\/le-pourquoi-du-comment\/#primaryimage\"},\"image\":{\"@id\":\"http:\/\/www.poderetrafonti.com\/fr\/ressentir\/le-pourquoi-du-comment\/#primaryimage\"},\"thumbnailUrl\":\"https:\/\/www.poderetrafonti.com\/wp-content\/uploads\/2025\/01\/C30520CA-46EB-4EF5-B874-DF01325B8086_1_201_a.jpeg\",\"datePublished\":\"2020-09-08T10:36:10+00:00\",\"dateModified\":\"2025-01-26T15:40:03+00:00\",\"breadcrumb\":{\"@id\":\"http:\/\/www.poderetrafonti.com\/fr\/ressentir\/le-pourquoi-du-comment\/#breadcrumb\"},\"inLanguage\":\"fr-FR\",\"potentialAction\":[{\"@type\":\"ReadAction\",\"target\":[\"http:\/\/www.poderetrafonti.com\/fr\/ressentir\/le-pourquoi-du-comment\/\"]}]},{\"@type\":\"ImageObject\",\"inLanguage\":\"fr-FR\",\"@id\":\"http:\/\/www.poderetrafonti.com\/fr\/ressentir\/le-pourquoi-du-comment\/#primaryimage\",\"url\":\"https:\/\/www.poderetrafonti.com\/wp-content\/uploads\/2025\/01\/C30520CA-46EB-4EF5-B874-DF01325B8086_1_201_a.jpeg\",\"contentUrl\":\"https:\/\/www.poderetrafonti.com\/wp-content\/uploads\/2025\/01\/C30520CA-46EB-4EF5-B874-DF01325B8086_1_201_a.jpeg\"},{\"@type\":\"BreadcrumbList\",\"@id\":\"http:\/\/www.poderetrafonti.com\/fr\/ressentir\/le-pourquoi-du-comment\/#breadcrumb\",\"itemListElement\":[{\"@type\":\"ListItem\",\"position\":1,\"name\":\"Home\",\"item\":\"http:\/\/www.poderetrafonti.com\/fr\/\"},{\"@type\":\"ListItem\",\"position\":2,\"name\":\"Ressentir\",\"item\":\"http:\/\/www.poderetrafonti.com\/fr\/ressentir\/\"},{\"@type\":\"ListItem\",\"position\":3,\"name\":\"Le pourquoi du comment\"}]},{\"@type\":\"WebSite\",\"@id\":\"http:\/\/www.poderetrafonti.com\/#website\",\"url\":\"http:\/\/www.poderetrafonti.com\/\",\"name\":\"Podere Trafonti\",\"description\":\"Trafonti website\",\"publisher\":{\"@id\":\"http:\/\/www.poderetrafonti.com\/#organization\"},\"potentialAction\":[{\"@type\":\"SearchAction\",\"target\":{\"@type\":\"EntryPoint\",\"urlTemplate\":\"http:\/\/www.poderetrafonti.com\/?s={search_term_string}\"},\"query-input\":{\"@type\":\"PropertyValueSpecification\",\"valueRequired\":true,\"valueName\":\"search_term_string\"}}],\"inLanguage\":\"fr-FR\"},{\"@type\":\"Organization\",\"@id\":\"http:\/\/www.poderetrafonti.com\/#organization\",\"name\":\"Podere Trafonti\",\"url\":\"http:\/\/www.poderetrafonti.com\/\",\"logo\":{\"@type\":\"ImageObject\",\"inLanguage\":\"fr-FR\",\"@id\":\"http:\/\/www.poderetrafonti.com\/#\/schema\/logo\/image\/\",\"url\":\"https:\/\/www.poderetrafonti.com\/wp-content\/uploads\/2019\/12\/logo-trafonti.png\",\"contentUrl\":\"https:\/\/www.poderetrafonti.com\/wp-content\/uploads\/2019\/12\/logo-trafonti.png\",\"width\":329,\"height\":377,\"caption\":\"Podere Trafonti\"},\"image\":{\"@id\":\"http:\/\/www.poderetrafonti.com\/#\/schema\/logo\/image\/\"},\"sameAs\":[\"https:\/\/www.facebook.com\/PodereTrafonti\",\"https:\/\/www.instagram.com\/antonella_poderetrafonti\/\",\"https:\/\/www.linkedin.com\/company\/18341221\/admin\/feed\/posts\/\"]}]}<\/script>\n<!-- \/ Yoast SEO Premium plugin. -->","yoast_head_json":{"title":"Le pourquoi du comment - Podere Trafonti","robots":{"index":"index","follow":"follow","max-snippet":"max-snippet:-1","max-image-preview":"max-image-preview:large","max-video-preview":"max-video-preview:-1"},"canonical":"http:\/\/www.poderetrafonti.com\/fr\/ressentir\/le-pourquoi-du-comment\/","og_locale":"fr_FR","og_type":"article","og_title":"Le pourquoi du comment","og_description":"Le pourquoi du comment \u00ab\u00a0Je m\u2019appelle Antonella et, avec mon mari Bernard, je suis l\u2019heureuse copropri\u00e9taire et g\u00e9rante de Podere Trafonti, un \u00e9co-domaine agricole avec chambres d\u2019h\u00f4tes nich\u00e9 parmi les oliveraies, les vignobles et les collines bois\u00e9es de la Toscane m\u00e9ridionale. Nous avons achet\u00e9 cette ferme en ruine avec ses 13,5 hectares de terrain agricole [&hellip;]","og_url":"http:\/\/www.poderetrafonti.com\/fr\/ressentir\/le-pourquoi-du-comment\/","og_site_name":"Podere Trafonti","article_publisher":"https:\/\/www.facebook.com\/PodereTrafonti","article_modified_time":"2025-01-26T15:40:03+00:00","og_image":[{"url":"https:\/\/www.poderetrafonti.com\/wp-content\/uploads\/2025\/01\/C30520CA-46EB-4EF5-B874-DF01325B8086_1_201_a.jpeg","type":"","width":"","height":""}],"twitter_card":"summary_large_image","twitter_misc":{"Dur\u00e9e de lecture estim\u00e9e":"2 minutes"},"schema":{"@context":"https:\/\/schema.org","@graph":[{"@type":"WebPage","@id":"http:\/\/www.poderetrafonti.com\/fr\/ressentir\/le-pourquoi-du-comment\/","url":"http:\/\/www.poderetrafonti.com\/fr\/ressentir\/le-pourquoi-du-comment\/","name":"Le pourquoi du comment - Podere Trafonti","isPartOf":{"@id":"http:\/\/www.poderetrafonti.com\/#website"},"primaryImageOfPage":{"@id":"http:\/\/www.poderetrafonti.com\/fr\/ressentir\/le-pourquoi-du-comment\/#primaryimage"},"image":{"@id":"http:\/\/www.poderetrafonti.com\/fr\/ressentir\/le-pourquoi-du-comment\/#primaryimage"},"thumbnailUrl":"https:\/\/www.poderetrafonti.com\/wp-content\/uploads\/2025\/01\/C30520CA-46EB-4EF5-B874-DF01325B8086_1_201_a.jpeg","datePublished":"2020-09-08T10:36:10+00:00","dateModified":"2025-01-26T15:40:03+00:00","breadcrumb":{"@id":"http:\/\/www.poderetrafonti.com\/fr\/ressentir\/le-pourquoi-du-comment\/#breadcrumb"},"inLanguage":"fr-FR","potentialAction":[{"@type":"ReadAction","target":["http:\/\/www.poderetrafonti.com\/fr\/ressentir\/le-pourquoi-du-comment\/"]}]},{"@type":"ImageObject","inLanguage":"fr-FR","@id":"http:\/\/www.poderetrafonti.com\/fr\/ressentir\/le-pourquoi-du-comment\/#primaryimage","url":"https:\/\/www.poderetrafonti.com\/wp-content\/uploads\/2025\/01\/C30520CA-46EB-4EF5-B874-DF01325B8086_1_201_a.jpeg","contentUrl":"https:\/\/www.poderetrafonti.com\/wp-content\/uploads\/2025\/01\/C30520CA-46EB-4EF5-B874-DF01325B8086_1_201_a.jpeg"},{"@type":"BreadcrumbList","@id":"http:\/\/www.poderetrafonti.com\/fr\/ressentir\/le-pourquoi-du-comment\/#breadcrumb","itemListElement":[{"@type":"ListItem","position":1,"name":"Home","item":"http:\/\/www.poderetrafonti.com\/fr\/"},{"@type":"ListItem","position":2,"name":"Ressentir","item":"http:\/\/www.poderetrafonti.com\/fr\/ressentir\/"},{"@type":"ListItem","position":3,"name":"Le pourquoi du comment"}]},{"@type":"WebSite","@id":"http:\/\/www.poderetrafonti.com\/#website","url":"http:\/\/www.poderetrafonti.com\/","name":"Podere Trafonti","description":"Trafonti website","publisher":{"@id":"http:\/\/www.poderetrafonti.com\/#organization"},"potentialAction":[{"@type":"SearchAction","target":{"@type":"EntryPoint","urlTemplate":"http:\/\/www.poderetrafonti.com\/?s={search_term_string}"},"query-input":{"@type":"PropertyValueSpecification","valueRequired":true,"valueName":"search_term_string"}}],"inLanguage":"fr-FR"},{"@type":"Organization","@id":"http:\/\/www.poderetrafonti.com\/#organization","name":"Podere Trafonti","url":"http:\/\/www.poderetrafonti.com\/","logo":{"@type":"ImageObject","inLanguage":"fr-FR","@id":"http:\/\/www.poderetrafonti.com\/#\/schema\/logo\/image\/","url":"https:\/\/www.poderetrafonti.com\/wp-content\/uploads\/2019\/12\/logo-trafonti.png","contentUrl":"https:\/\/www.poderetrafonti.com\/wp-content\/uploads\/2019\/12\/logo-trafonti.png","width":329,"height":377,"caption":"Podere Trafonti"},"image":{"@id":"http:\/\/www.poderetrafonti.com\/#\/schema\/logo\/image\/"},"sameAs":["https:\/\/www.facebook.com\/PodereTrafonti","https:\/\/www.instagram.com\/antonella_poderetrafonti\/","https:\/\/www.linkedin.com\/company\/18341221\/admin\/feed\/posts\/"]}]}},"publishpress_future_action":{"enabled":false,"date":"2026-04-23 23:31:48","action":"change-status","newStatus":"draft","terms":[],"taxonomy":"translation_priority","extraData":[]},"publishpress_future_workflow_manual_trigger":{"enabledWorkflows":[]},"_links":{"self":[{"href":"https:\/\/www.poderetrafonti.com\/fr\/wp-json\/wp\/v2\/pages\/2608","targetHints":{"allow":["GET"]}}],"collection":[{"href":"https:\/\/www.poderetrafonti.com\/fr\/wp-json\/wp\/v2\/pages"}],"about":[{"href":"https:\/\/www.poderetrafonti.com\/fr\/wp-json\/wp\/v2\/types\/page"}],"author":[{"embeddable":true,"href":"https:\/\/www.poderetrafonti.com\/fr\/wp-json\/wp\/v2\/users\/4"}],"replies":[{"embeddable":true,"href":"https:\/\/www.poderetrafonti.com\/fr\/wp-json\/wp\/v2\/comments?post=2608"}],"version-history":[{"count":17,"href":"https:\/\/www.poderetrafonti.com\/fr\/wp-json\/wp\/v2\/pages\/2608\/revisions"}],"predecessor-version":[{"id":6286,"href":"https:\/\/www.poderetrafonti.com\/fr\/wp-json\/wp\/v2\/pages\/2608\/revisions\/6286"}],"up":[{"embeddable":true,"href":"https:\/\/www.poderetrafonti.com\/fr\/wp-json\/wp\/v2\/pages\/2435"}],"wp:attachment":[{"href":"https:\/\/www.poderetrafonti.com\/fr\/wp-json\/wp\/v2\/media?parent=2608"}],"curies":[{"name":"wp","href":"https:\/\/api.w.org\/{rel}","templated":true}]}}