{"id":2132,"date":"2020-07-30T07:29:22","date_gmt":"2020-07-30T07:29:22","guid":{"rendered":"https:\/\/poderetrafonti.com\/?page_id=2132"},"modified":"2025-02-16T16:45:18","modified_gmt":"2025-02-16T15:45:18","slug":"sentire","status":"publish","type":"page","link":"https:\/\/www.poderetrafonti.com\/it\/sentire\/","title":{"rendered":"Sentire"},"content":{"rendered":"\t\t<div data-elementor-type=\"wp-page\" data-elementor-id=\"2132\" class=\"elementor elementor-2132 elementor-445\" data-elementor-post-type=\"page\">\n\t\t\t\t<div class=\"elementor-element elementor-element-56dcefe e-flex e-con-boxed e-con e-parent\" data-id=\"56dcefe\" data-element_type=\"container\" data-e-type=\"container\">\n\t\t\t\t\t<div class=\"e-con-inner\">\n\t\t\t\t<div class=\"elementor-element elementor-element-0e6cb9d elementor-widget elementor-widget-image\" data-id=\"0e6cb9d\" data-element_type=\"widget\" data-e-type=\"widget\" data-widget_type=\"image.default\">\n\t\t\t\t<div class=\"elementor-widget-container\">\n\t\t\t\t\t\t\t\t\t\t\t\t\t\t\t<img fetchpriority=\"high\" decoding=\"async\" width=\"1920\" height=\"850\" src=\"https:\/\/www.poderetrafonti.com\/wp-content\/uploads\/2024\/02\/panorama-max-trafonti-3e729bc8-1.webp\" class=\"attachment-full size-full wp-image-4719\" alt=\"\" srcset=\"https:\/\/www.poderetrafonti.com\/wp-content\/uploads\/2024\/02\/panorama-max-trafonti-3e729bc8-1.webp 1920w, https:\/\/www.poderetrafonti.com\/wp-content\/uploads\/2024\/02\/panorama-max-trafonti-3e729bc8-1-300x133.webp 300w, https:\/\/www.poderetrafonti.com\/wp-content\/uploads\/2024\/02\/panorama-max-trafonti-3e729bc8-1-1024x453.webp 1024w, https:\/\/www.poderetrafonti.com\/wp-content\/uploads\/2024\/02\/panorama-max-trafonti-3e729bc8-1-768x340.webp 768w, https:\/\/www.poderetrafonti.com\/wp-content\/uploads\/2024\/02\/panorama-max-trafonti-3e729bc8-1-1536x680.webp 1536w\" sizes=\"(max-width: 1920px) 100vw, 1920px\" \/>\t\t\t\t\t\t\t\t\t\t\t\t\t\t\t<\/div>\n\t\t\t\t<\/div>\n\t\t\t\t\t<\/div>\n\t\t\t\t<\/div>\n\t\t<div class=\"elementor-element elementor-element-52be289 e-flex e-con-boxed e-con e-parent\" data-id=\"52be289\" data-element_type=\"container\" data-e-type=\"container\">\n\t\t\t\t\t<div class=\"e-con-inner\">\n\t\t\t\t<div class=\"elementor-element elementor-element-c4521d0 elementor-widget elementor-widget-heading\" data-id=\"c4521d0\" data-element_type=\"widget\" data-e-type=\"widget\" data-widget_type=\"heading.default\">\n\t\t\t\t<div class=\"elementor-widget-container\">\n\t\t\t\t\t<h2 class=\"elementor-heading-title elementor-size-default\">Sentire<\/h2>\t\t\t\t<\/div>\n\t\t\t\t<\/div>\n\t\t\t\t\t<\/div>\n\t\t\t\t<\/div>\n\t\t<div class=\"elementor-element elementor-element-dc1e441 e-flex e-con-boxed e-con e-parent\" data-id=\"dc1e441\" data-element_type=\"container\" data-e-type=\"container\">\n\t\t\t\t\t<div class=\"e-con-inner\">\n\t\t\t\t<div class=\"elementor-element elementor-element-16c273b elementor-widget elementor-widget-text-editor\" data-id=\"16c273b\" data-element_type=\"widget\" data-e-type=\"widget\" data-widget_type=\"text-editor.default\">\n\t\t\t\t<div class=\"elementor-widget-container\">\n\t\t\t\t\t\t\t\t\t<p class=\"p1\">Podere Trafonti \u00e8 il posto in cui appagare i sensi, calmare la mente e rivitalizzare il corpo. La natura rigogliosa, l\u2019armonia dei paesi e delle citt\u00e0, la cordialit\u00e0 della popolazione locale, nutrono il cuore e la mente. La vita qui sembra pi\u00f9 facile e, allo stesso tempo, pi\u00f9 ricca di significato, pi\u00f9 naturalmente umana.<\/p>\t\t\t\t\t\t\t\t<\/div>\n\t\t\t\t<\/div>\n\t\t\t\t\t<\/div>\n\t\t\t\t<\/div>\n\t\t<div class=\"elementor-element elementor-element-1b866c3 e-flex e-con-boxed e-con e-parent\" data-id=\"1b866c3\" data-element_type=\"container\" data-e-type=\"container\">\n\t\t\t\t\t<div class=\"e-con-inner\">\n\t\t<div class=\"elementor-element elementor-element-9988812 e-con-full e-flex e-con e-child\" data-id=\"9988812\" data-element_type=\"container\" data-e-type=\"container\">\n\t\t\t\t<div class=\"elementor-element elementor-element-625787c boxinfo elementor-position-top elementor-widget elementor-widget-image-box\" data-id=\"625787c\" data-element_type=\"widget\" data-e-type=\"widget\" data-widget_type=\"image-box.default\">\n\t\t\t\t<div class=\"elementor-widget-container\">\n\t\t\t\t\t<div class=\"elementor-image-box-wrapper\"><figure class=\"elementor-image-box-img\"><a href=\"https:\/\/poderetrafonti.com\/sense\/making-sense-of-all-it\/\" tabindex=\"-1\"><img decoding=\"async\" width=\"1712\" height=\"1368\" src=\"https:\/\/www.poderetrafonti.com\/wp-content\/uploads\/2024\/02\/antonella-bici-96b83282-1.webp\" class=\"attachment-full size-full wp-image-4720\" alt=\"\" srcset=\"https:\/\/www.poderetrafonti.com\/wp-content\/uploads\/2024\/02\/antonella-bici-96b83282-1.webp 1712w, https:\/\/www.poderetrafonti.com\/wp-content\/uploads\/2024\/02\/antonella-bici-96b83282-1-300x240.webp 300w, https:\/\/www.poderetrafonti.com\/wp-content\/uploads\/2024\/02\/antonella-bici-96b83282-1-1024x818.webp 1024w, https:\/\/www.poderetrafonti.com\/wp-content\/uploads\/2024\/02\/antonella-bici-96b83282-1-768x614.webp 768w, https:\/\/www.poderetrafonti.com\/wp-content\/uploads\/2024\/02\/antonella-bici-96b83282-1-1536x1227.webp 1536w\" sizes=\"(max-width: 1712px) 100vw, 1712px\" \/><\/a><\/figure><div class=\"elementor-image-box-content\"><h3 class=\"elementor-image-box-title\"><a href=\"https:\/\/poderetrafonti.com\/sense\/making-sense-of-all-it\/\">LEGGI<\/a><\/h3><\/div><\/div>\t\t\t\t<\/div>\n\t\t\t\t<\/div>\n\t\t\t\t<div class=\"elementor-element elementor-element-361fc19 elementor-widget elementor-widget-heading\" data-id=\"361fc19\" data-element_type=\"widget\" data-e-type=\"widget\" data-widget_type=\"heading.default\">\n\t\t\t\t<div class=\"elementor-widget-container\">\n\t\t\t\t\t<h4 class=\"elementor-heading-title elementor-size-default\"><a href=\"https:\/\/poderetrafonti.com\/sense\/making-sense-of-all-it\/\">Il senso di tutto questo\n\n<\/a><\/h4>\t\t\t\t<\/div>\n\t\t\t\t<\/div>\n\t\t\t\t<div class=\"elementor-element elementor-element-9cc5599 elementor-widget elementor-widget-text-editor\" data-id=\"9cc5599\" data-element_type=\"widget\" data-e-type=\"widget\" data-widget_type=\"text-editor.default\">\n\t\t\t\t<div class=\"elementor-widget-container\">\n\t\t\t\t\t\t\t\t\t<p>Sono Antonella, manager e proprietaria (insieme a mio marito Bernard) dell\u2019azienda agricola e dell\u2019agriturismo Podere Trafonti\u2026<\/p>\t\t\t\t\t\t\t\t<\/div>\n\t\t\t\t<\/div>\n\t\t\t\t<\/div>\n\t\t<div class=\"elementor-element elementor-element-3c5cb92 e-con-full e-flex e-con e-child\" data-id=\"3c5cb92\" data-element_type=\"container\" data-e-type=\"container\">\n\t\t\t\t<div class=\"elementor-element elementor-element-71b399a boxinfo elementor-position-top elementor-widget elementor-widget-image-box\" data-id=\"71b399a\" data-element_type=\"widget\" data-e-type=\"widget\" data-widget_type=\"image-box.default\">\n\t\t\t\t<div class=\"elementor-widget-container\">\n\t\t\t\t\t<div class=\"elementor-image-box-wrapper\"><figure class=\"elementor-image-box-img\"><a href=\"https:\/\/www.poderetrafonti.com\/it\/sentire\/accoglienza-consapevole\/\" tabindex=\"-1\"><img decoding=\"async\" width=\"1712\" height=\"1368\" src=\"https:\/\/www.poderetrafonti.com\/wp-content\/uploads\/2024\/02\/leccio-trafonti-c2083339-1.webp\" class=\"attachment-full size-full wp-image-4723\" alt=\"\" srcset=\"https:\/\/www.poderetrafonti.com\/wp-content\/uploads\/2024\/02\/leccio-trafonti-c2083339-1.webp 1712w, https:\/\/www.poderetrafonti.com\/wp-content\/uploads\/2024\/02\/leccio-trafonti-c2083339-1-300x240.webp 300w, https:\/\/www.poderetrafonti.com\/wp-content\/uploads\/2024\/02\/leccio-trafonti-c2083339-1-1024x818.webp 1024w, https:\/\/www.poderetrafonti.com\/wp-content\/uploads\/2024\/02\/leccio-trafonti-c2083339-1-768x614.webp 768w, https:\/\/www.poderetrafonti.com\/wp-content\/uploads\/2024\/02\/leccio-trafonti-c2083339-1-1536x1227.webp 1536w\" sizes=\"(max-width: 1712px) 100vw, 1712px\" \/><\/a><\/figure><div class=\"elementor-image-box-content\"><h3 class=\"elementor-image-box-title\"><a href=\"https:\/\/www.poderetrafonti.com\/it\/sentire\/accoglienza-consapevole\/\">LEGGI<\/a><\/h3><\/div><\/div>\t\t\t\t<\/div>\n\t\t\t\t<\/div>\n\t\t\t\t<div class=\"elementor-element elementor-element-eb5af14 elementor-widget elementor-widget-heading\" data-id=\"eb5af14\" data-element_type=\"widget\" data-e-type=\"widget\" data-widget_type=\"heading.default\">\n\t\t\t\t<div class=\"elementor-widget-container\">\n\t\t\t\t\t<h4 class=\"elementor-heading-title elementor-size-default\"><a href=\"https:\/\/www.poderetrafonti.com\/sense\/believe-me\/\">Accoglienza consapevole\n\n<\/a><\/h4>\t\t\t\t<\/div>\n\t\t\t\t<\/div>\n\t\t\t\t<div class=\"elementor-element elementor-element-4bd0cda elementor-widget elementor-widget-text-editor\" data-id=\"4bd0cda\" data-element_type=\"widget\" data-e-type=\"widget\" data-widget_type=\"text-editor.default\">\n\t\t\t\t<div class=\"elementor-widget-container\">\n\t\t\t\t\t\t\t\t\t<p class=\"p1\">Esplorare nuovi territori e dedicarsi a stili di vita diversi sono modi divertenti per ampliare il nostro orizzonte e costruire legami con gli altri.<\/p>\t\t\t\t\t\t\t\t<\/div>\n\t\t\t\t<\/div>\n\t\t\t\t<\/div>\n\t\t\t\t\t<\/div>\n\t\t\t\t<\/div>\n\t\t<div class=\"elementor-element elementor-element-9a36e29 e-con-full e-flex e-con e-parent\" data-id=\"9a36e29\" data-element_type=\"container\" data-e-type=\"container\">\n\t\t\t\t<\/div>\n\t\t\t\t<\/div>\n\t\t","protected":false},"excerpt":{"rendered":"<p>Sentire Podere Trafonti \u00e8 il posto in cui appagare i sensi, calmare la mente e rivitalizzare il corpo. La natura rigogliosa, l\u2019armonia dei paesi e delle citt\u00e0, la cordialit\u00e0 della popolazione locale, nutrono il cuore e la mente. La vita qui sembra pi\u00f9 facile e, allo stesso tempo, pi\u00f9 ricca di significato, pi\u00f9 naturalmente umana. [&hellip;]<\/p>\n","protected":false},"author":4,"featured_media":0,"parent":0,"menu_order":0,"comment_status":"closed","ping_status":"closed","template":"","meta":{"_acf_changed":false,"footnotes":""},"class_list":["post-2132","page","type-page","status-publish","hentry"],"acf":[],"yoast_head":"<!-- This site is optimized with the Yoast SEO Premium plugin v22.7 (Yoast SEO v27.5) - https:\/\/yoast.com\/product\/yoast-seo-premium-wordpress\/ -->\n<title>Podere Trafonti - accoglienza consapevole in campagna<\/title>\n<meta name=\"description\" content=\"In campagna l&#039;accoglienza \u00e8 genuina, consapevole e naturalmente umana. Scopri la vera cordialit\u00e0 e condividi con noi esperienze di cuore\" \/>\n<meta name=\"robots\" content=\"index, follow, max-snippet:-1, max-image-preview:large, max-video-preview:-1\" \/>\n<link rel=\"canonical\" href=\"https:\/\/www.poderetrafonti.com\/it\/sentire\/\" \/>\n<meta property=\"og:locale\" content=\"it_IT\" \/>\n<meta property=\"og:type\" content=\"article\" \/>\n<meta property=\"og:title\" content=\"Sentire\" \/>\n<meta property=\"og:description\" content=\"In campagna l&#039;accoglienza \u00e8 genuina, consapevole e naturalmente umana. Scopri la vera cordialit\u00e0 e condividi con noi esperienze di cuore\" \/>\n<meta property=\"og:url\" content=\"https:\/\/www.poderetrafonti.com\/it\/sentire\/\" \/>\n<meta property=\"og:site_name\" content=\"Podere Trafonti\" \/>\n<meta property=\"article:publisher\" content=\"https:\/\/www.facebook.com\/PodereTrafonti\" \/>\n<meta property=\"article:modified_time\" content=\"2025-02-16T15:45:18+00:00\" \/>\n<meta property=\"og:image\" content=\"https:\/\/www.poderetrafonti.com\/wp-content\/uploads\/2024\/02\/panorama-max-trafonti-3e729bc8-1.webp\" \/>\n<meta name=\"twitter:card\" content=\"summary_large_image\" \/>\n<meta name=\"twitter:label1\" content=\"Tempo di lettura stimato\" \/>\n\t<meta name=\"twitter:data1\" content=\"2 minuti\" \/>\n<script type=\"application\/ld+json\" class=\"yoast-schema-graph\">{\"@context\":\"https:\\\/\\\/schema.org\",\"@graph\":[{\"@type\":\"WebPage\",\"@id\":\"https:\\\/\\\/www.poderetrafonti.com\\\/it\\\/sentire\\\/\",\"url\":\"https:\\\/\\\/www.poderetrafonti.com\\\/it\\\/sentire\\\/\",\"name\":\"Podere Trafonti - accoglienza consapevole in campagna\",\"isPartOf\":{\"@id\":\"https:\\\/\\\/www.poderetrafonti.com\\\/#website\"},\"primaryImageOfPage\":{\"@id\":\"https:\\\/\\\/www.poderetrafonti.com\\\/it\\\/sentire\\\/#primaryimage\"},\"image\":{\"@id\":\"https:\\\/\\\/www.poderetrafonti.com\\\/it\\\/sentire\\\/#primaryimage\"},\"thumbnailUrl\":\"https:\\\/\\\/www.poderetrafonti.com\\\/wp-content\\\/uploads\\\/2024\\\/02\\\/panorama-max-trafonti-3e729bc8-1.webp\",\"datePublished\":\"2020-07-30T07:29:22+00:00\",\"dateModified\":\"2025-02-16T15:45:18+00:00\",\"description\":\"In campagna l'accoglienza \u00e8 genuina, consapevole e naturalmente umana. Scopri la vera cordialit\u00e0 e condividi con noi esperienze di cuore\",\"breadcrumb\":{\"@id\":\"https:\\\/\\\/www.poderetrafonti.com\\\/it\\\/sentire\\\/#breadcrumb\"},\"inLanguage\":\"it-IT\",\"potentialAction\":[{\"@type\":\"ReadAction\",\"target\":[\"https:\\\/\\\/www.poderetrafonti.com\\\/it\\\/sentire\\\/\"]}]},{\"@type\":\"ImageObject\",\"inLanguage\":\"it-IT\",\"@id\":\"https:\\\/\\\/www.poderetrafonti.com\\\/it\\\/sentire\\\/#primaryimage\",\"url\":\"https:\\\/\\\/www.poderetrafonti.com\\\/wp-content\\\/uploads\\\/2024\\\/02\\\/panorama-max-trafonti-3e729bc8-1.webp\",\"contentUrl\":\"https:\\\/\\\/www.poderetrafonti.com\\\/wp-content\\\/uploads\\\/2024\\\/02\\\/panorama-max-trafonti-3e729bc8-1.webp\"},{\"@type\":\"BreadcrumbList\",\"@id\":\"https:\\\/\\\/www.poderetrafonti.com\\\/it\\\/sentire\\\/#breadcrumb\",\"itemListElement\":[{\"@type\":\"ListItem\",\"position\":1,\"name\":\"Home\",\"item\":\"https:\\\/\\\/www.poderetrafonti.com\\\/it\\\/\"},{\"@type\":\"ListItem\",\"position\":2,\"name\":\"Sentire\"}]},{\"@type\":\"WebSite\",\"@id\":\"https:\\\/\\\/www.poderetrafonti.com\\\/#website\",\"url\":\"https:\\\/\\\/www.poderetrafonti.com\\\/\",\"name\":\"Podere Trafonti\",\"description\":\"Trafonti website\",\"publisher\":{\"@id\":\"https:\\\/\\\/www.poderetrafonti.com\\\/#organization\"},\"potentialAction\":[{\"@type\":\"SearchAction\",\"target\":{\"@type\":\"EntryPoint\",\"urlTemplate\":\"https:\\\/\\\/www.poderetrafonti.com\\\/?s={search_term_string}\"},\"query-input\":{\"@type\":\"PropertyValueSpecification\",\"valueRequired\":true,\"valueName\":\"search_term_string\"}}],\"inLanguage\":\"it-IT\"},{\"@type\":\"Organization\",\"@id\":\"https:\\\/\\\/www.poderetrafonti.com\\\/#organization\",\"name\":\"Podere Trafonti\",\"url\":\"https:\\\/\\\/www.poderetrafonti.com\\\/\",\"logo\":{\"@type\":\"ImageObject\",\"inLanguage\":\"it-IT\",\"@id\":\"https:\\\/\\\/www.poderetrafonti.com\\\/#\\\/schema\\\/logo\\\/image\\\/\",\"url\":\"https:\\\/\\\/www.poderetrafonti.com\\\/wp-content\\\/uploads\\\/2019\\\/12\\\/logo-trafonti.png\",\"contentUrl\":\"https:\\\/\\\/www.poderetrafonti.com\\\/wp-content\\\/uploads\\\/2019\\\/12\\\/logo-trafonti.png\",\"width\":329,\"height\":377,\"caption\":\"Podere Trafonti\"},\"image\":{\"@id\":\"https:\\\/\\\/www.poderetrafonti.com\\\/#\\\/schema\\\/logo\\\/image\\\/\"},\"sameAs\":[\"https:\\\/\\\/www.facebook.com\\\/PodereTrafonti\",\"https:\\\/\\\/www.instagram.com\\\/antonella_poderetrafonti\\\/\",\"https:\\\/\\\/www.linkedin.com\\\/company\\\/18341221\\\/admin\\\/feed\\\/posts\\\/\"]}]}<\/script>\n<!-- \/ Yoast SEO Premium plugin. -->","yoast_head_json":{"title":"Podere Trafonti - accoglienza consapevole in campagna","description":"In campagna l'accoglienza \u00e8 genuina, consapevole e naturalmente umana. Scopri la vera cordialit\u00e0 e condividi con noi esperienze di cuore","robots":{"index":"index","follow":"follow","max-snippet":"max-snippet:-1","max-image-preview":"max-image-preview:large","max-video-preview":"max-video-preview:-1"},"canonical":"https:\/\/www.poderetrafonti.com\/it\/sentire\/","og_locale":"it_IT","og_type":"article","og_title":"Sentire","og_description":"In campagna l'accoglienza \u00e8 genuina, consapevole e naturalmente umana. Scopri la vera cordialit\u00e0 e condividi con noi esperienze di cuore","og_url":"https:\/\/www.poderetrafonti.com\/it\/sentire\/","og_site_name":"Podere Trafonti","article_publisher":"https:\/\/www.facebook.com\/PodereTrafonti","article_modified_time":"2025-02-16T15:45:18+00:00","og_image":[{"url":"https:\/\/www.poderetrafonti.com\/wp-content\/uploads\/2024\/02\/panorama-max-trafonti-3e729bc8-1.webp","type":"","width":"","height":""}],"twitter_card":"summary_large_image","twitter_misc":{"Tempo di lettura stimato":"2 minuti"},"schema":{"@context":"https:\/\/schema.org","@graph":[{"@type":"WebPage","@id":"https:\/\/www.poderetrafonti.com\/it\/sentire\/","url":"https:\/\/www.poderetrafonti.com\/it\/sentire\/","name":"Podere Trafonti - accoglienza consapevole in campagna","isPartOf":{"@id":"https:\/\/www.poderetrafonti.com\/#website"},"primaryImageOfPage":{"@id":"https:\/\/www.poderetrafonti.com\/it\/sentire\/#primaryimage"},"image":{"@id":"https:\/\/www.poderetrafonti.com\/it\/sentire\/#primaryimage"},"thumbnailUrl":"https:\/\/www.poderetrafonti.com\/wp-content\/uploads\/2024\/02\/panorama-max-trafonti-3e729bc8-1.webp","datePublished":"2020-07-30T07:29:22+00:00","dateModified":"2025-02-16T15:45:18+00:00","description":"In campagna l'accoglienza \u00e8 genuina, consapevole e naturalmente umana. Scopri la vera cordialit\u00e0 e condividi con noi esperienze di cuore","breadcrumb":{"@id":"https:\/\/www.poderetrafonti.com\/it\/sentire\/#breadcrumb"},"inLanguage":"it-IT","potentialAction":[{"@type":"ReadAction","target":["https:\/\/www.poderetrafonti.com\/it\/sentire\/"]}]},{"@type":"ImageObject","inLanguage":"it-IT","@id":"https:\/\/www.poderetrafonti.com\/it\/sentire\/#primaryimage","url":"https:\/\/www.poderetrafonti.com\/wp-content\/uploads\/2024\/02\/panorama-max-trafonti-3e729bc8-1.webp","contentUrl":"https:\/\/www.poderetrafonti.com\/wp-content\/uploads\/2024\/02\/panorama-max-trafonti-3e729bc8-1.webp"},{"@type":"BreadcrumbList","@id":"https:\/\/www.poderetrafonti.com\/it\/sentire\/#breadcrumb","itemListElement":[{"@type":"ListItem","position":1,"name":"Home","item":"https:\/\/www.poderetrafonti.com\/it\/"},{"@type":"ListItem","position":2,"name":"Sentire"}]},{"@type":"WebSite","@id":"https:\/\/www.poderetrafonti.com\/#website","url":"https:\/\/www.poderetrafonti.com\/","name":"Podere Trafonti","description":"Trafonti website","publisher":{"@id":"https:\/\/www.poderetrafonti.com\/#organization"},"potentialAction":[{"@type":"SearchAction","target":{"@type":"EntryPoint","urlTemplate":"https:\/\/www.poderetrafonti.com\/?s={search_term_string}"},"query-input":{"@type":"PropertyValueSpecification","valueRequired":true,"valueName":"search_term_string"}}],"inLanguage":"it-IT"},{"@type":"Organization","@id":"https:\/\/www.poderetrafonti.com\/#organization","name":"Podere Trafonti","url":"https:\/\/www.poderetrafonti.com\/","logo":{"@type":"ImageObject","inLanguage":"it-IT","@id":"https:\/\/www.poderetrafonti.com\/#\/schema\/logo\/image\/","url":"https:\/\/www.poderetrafonti.com\/wp-content\/uploads\/2019\/12\/logo-trafonti.png","contentUrl":"https:\/\/www.poderetrafonti.com\/wp-content\/uploads\/2019\/12\/logo-trafonti.png","width":329,"height":377,"caption":"Podere Trafonti"},"image":{"@id":"https:\/\/www.poderetrafonti.com\/#\/schema\/logo\/image\/"},"sameAs":["https:\/\/www.facebook.com\/PodereTrafonti","https:\/\/www.instagram.com\/antonella_poderetrafonti\/","https:\/\/www.linkedin.com\/company\/18341221\/admin\/feed\/posts\/"]}]}},"publishpress_future_action":{"enabled":false,"date":"2026-05-17 15:29:08","action":"change-status","newStatus":"draft","terms":[],"taxonomy":"translation_priority","extraData":[]},"publishpress_future_workflow_manual_trigger":{"enabledWorkflows":[]},"_links":{"self":[{"href":"https:\/\/www.poderetrafonti.com\/it\/wp-json\/wp\/v2\/pages\/2132","targetHints":{"allow":["GET"]}}],"collection":[{"href":"https:\/\/www.poderetrafonti.com\/it\/wp-json\/wp\/v2\/pages"}],"about":[{"href":"https:\/\/www.poderetrafonti.com\/it\/wp-json\/wp\/v2\/types\/page"}],"author":[{"embeddable":true,"href":"https:\/\/www.poderetrafonti.com\/it\/wp-json\/wp\/v2\/users\/4"}],"replies":[{"embeddable":true,"href":"https:\/\/www.poderetrafonti.com\/it\/wp-json\/wp\/v2\/comments?post=2132"}],"version-history":[{"count":33,"href":"https:\/\/www.poderetrafonti.com\/it\/wp-json\/wp\/v2\/pages\/2132\/revisions"}],"predecessor-version":[{"id":6518,"href":"https:\/\/www.poderetrafonti.com\/it\/wp-json\/wp\/v2\/pages\/2132\/revisions\/6518"}],"wp:attachment":[{"href":"https:\/\/www.poderetrafonti.com\/it\/wp-json\/wp\/v2\/media?parent=2132"}],"curies":[{"name":"wp","href":"https:\/\/api.w.org\/{rel}","templated":true}]}}