{"id":2199,"date":"2020-08-07T07:57:48","date_gmt":"2020-08-07T07:57:48","guid":{"rendered":"https:\/\/poderetrafonti.com\/?page_id=2199"},"modified":"2024-03-04T12:13:47","modified_gmt":"2024-03-04T11:13:47","slug":"il-senso-di-tutto-questo","status":"publish","type":"page","link":"https:\/\/www.poderetrafonti.com\/it\/sentire\/il-senso-di-tutto-questo\/","title":{"rendered":"Il senso di tutto questo"},"content":{"rendered":"\t\t<div data-elementor-type=\"wp-page\" data-elementor-id=\"2199\" class=\"elementor elementor-2199 elementor-727\" data-elementor-post-type=\"page\">\n\t\t\t\t<div class=\"elementor-element elementor-element-91ab6ee e-flex e-con-boxed e-con e-parent\" data-id=\"91ab6ee\" data-element_type=\"container\" data-e-type=\"container\">\n\t\t\t\t\t<div class=\"e-con-inner\">\n\t\t\t\t<div class=\"elementor-element elementor-element-fde0c93 elementor-widget elementor-widget-image\" data-id=\"fde0c93\" data-element_type=\"widget\" data-e-type=\"widget\" data-widget_type=\"image.default\">\n\t\t\t\t<div class=\"elementor-widget-container\">\n\t\t\t\t\t\t\t\t\t\t\t\t\t\t\t<img fetchpriority=\"high\" decoding=\"async\" width=\"1920\" height=\"850\" src=\"https:\/\/www.poderetrafonti.com\/wp-content\/uploads\/2024\/03\/bici-antonella-c599a8a9-1-1.webp\" class=\"attachment-full size-full wp-image-5596\" alt=\"\" srcset=\"https:\/\/www.poderetrafonti.com\/wp-content\/uploads\/2024\/03\/bici-antonella-c599a8a9-1-1.webp 1920w, https:\/\/www.poderetrafonti.com\/wp-content\/uploads\/2024\/03\/bici-antonella-c599a8a9-1-1-300x133.webp 300w, https:\/\/www.poderetrafonti.com\/wp-content\/uploads\/2024\/03\/bici-antonella-c599a8a9-1-1-1024x453.webp 1024w, https:\/\/www.poderetrafonti.com\/wp-content\/uploads\/2024\/03\/bici-antonella-c599a8a9-1-1-768x340.webp 768w, https:\/\/www.poderetrafonti.com\/wp-content\/uploads\/2024\/03\/bici-antonella-c599a8a9-1-1-1536x680.webp 1536w\" sizes=\"(max-width: 1920px) 100vw, 1920px\" \/>\t\t\t\t\t\t\t\t\t\t\t\t\t\t\t<\/div>\n\t\t\t\t<\/div>\n\t\t\t\t\t<\/div>\n\t\t\t\t<\/div>\n\t\t<div class=\"elementor-element elementor-element-820ef76 e-flex e-con-boxed e-con e-parent\" data-id=\"820ef76\" data-element_type=\"container\" data-e-type=\"container\">\n\t\t\t\t\t<div class=\"e-con-inner\">\n\t\t\t\t<div class=\"elementor-element elementor-element-d69dbd3 elementor-widget elementor-widget-heading\" data-id=\"d69dbd3\" data-element_type=\"widget\" data-e-type=\"widget\" data-widget_type=\"heading.default\">\n\t\t\t\t<div class=\"elementor-widget-container\">\n\t\t\t\t\t<h2 class=\"elementor-heading-title elementor-size-default\">Il senso di tutto questo\n\n<\/h2>\t\t\t\t<\/div>\n\t\t\t\t<\/div>\n\t\t\t\t\t<\/div>\n\t\t\t\t<\/div>\n\t\t<div class=\"elementor-element elementor-element-843884d e-flex e-con-boxed e-con e-parent\" data-id=\"843884d\" data-element_type=\"container\" data-e-type=\"container\">\n\t\t\t\t\t<div class=\"e-con-inner\">\n\t\t\t\t<div class=\"elementor-element elementor-element-b01d2a1 elementor-widget elementor-widget-text-editor\" data-id=\"b01d2a1\" data-element_type=\"widget\" data-e-type=\"widget\" data-widget_type=\"text-editor.default\">\n\t\t\t\t<div class=\"elementor-widget-container\">\n\t\t\t\t\t\t\t\t\t<div class=\"tm-grid-expand uk-child-width-1-1 uk-grid-margin uk-grid uk-grid-stack\" uk-grid=\"\"><div class=\"uk-width-1-1@m uk-first-column\"><div class=\"uk-panel uk-text-large uk-margin uk-text-left@m uk-text-center\"><div class=\"tm-grid-expand uk-child-width-1-1 uk-grid-margin uk-grid uk-grid-stack\" uk-grid=\"\"><div class=\"uk-width-1-1@m uk-first-column\"><div class=\"uk-panel uk-text-large uk-margin uk-text-left@m uk-text-center\"><div><p>\u201cSono Antonella, manager e proprietaria (insieme a mio marito Bernard) dell\u2019azienda agricola e dell\u2019agriturismo Podere Trafonti, immerso tra colline, uliveti, vigne e boschi del Sud della Toscana.<\/p><p>Io e Bernard abbiamo comprato una fattoria in rovina di 13.5 ettari di terreni coltivabili e bosco nel 2015 e abbiamo iniziato a restaurarla.<\/p><\/div><blockquote><p>\u201cCi sono volutiti due anni di duro e appassionato lavoro per farla risorgere dalle ceneri ma siamo sempre stati convinti che sarebbe tornata a brillare di una luce tutta nuova\u201d<\/p><\/blockquote><div><p>Abbiamo piantato 900 nuovi olivi che si sono affiancati ai 100 gi\u00e0 presenti nella tenuta e due dozzine di alberi da frutto. Abbiamo creato un orto biologico che produce i frutti che usiamo nella nostra cucina. Abbiamo sistemato intorno alla casa piante officinali e fiori che attirano gli insetti e che appagano i sensi degli ospiti. Nella primavera del 2019 abbiamo installato le nostre prime arnie che ci hanno donato la prima raccolta di miele alla fine della stessa estate.<\/p><\/div><blockquote><p>\u201cRiportare Trafonti in vita ha significato per noi aprirlo a persone che amino esplorare la natura e le sue meraviglie oltre che nutrire le loro menti e il loro spirito con le ricchezze artistiche, architettoniche e culturali della zona\u201d<\/p><\/blockquote><div><p>Abbiamo aperto l\u2019agriturismo nel 2018 e adesso ospitiamo ritiri di yoga, attivit\u00e0 legate al cibo biologico e alla cucina, settimane di trekking ed escursioni, attivit\u00e0 alla scoperta delle api (honeybee safari), attivit\u00e0 ed eventi per gruppi e famiglie.<\/p><p>Riportare Trafonti in vita ha significato per noi aprirlo a persone che amino esplorare la natura e le sue meraviglie oltre che nutrire le loro menti e il loro spirito con le ricchezze artistiche, architettoniche e culturali della zona.<\/p><\/div><div><p>Io e Bernard crediamo che dall\u2019incontro fortuito con le persone possa nascere condivisione, per questo amiamo fermarci con i nostri ospiti a colazione oppure bere un bicchiere di vino insieme la sera per avere il tempo di far maturare la conversazione nella cornice dell\u2019antico e saggio Trafonti in modo da aggiungere significato alla nostre vite\u201d<\/p><\/div><\/div><\/div><\/div><\/div><\/div><\/div>\t\t\t\t\t\t\t\t<\/div>\n\t\t\t\t<\/div>\n\t\t\t\t\t<\/div>\n\t\t\t\t<\/div>\n\t\t\t\t<\/div>\n\t\t","protected":false},"excerpt":{"rendered":"<p>Il senso di tutto questo \u201cSono Antonella, manager e proprietaria (insieme a mio marito Bernard) dell\u2019azienda agricola e dell\u2019agriturismo Podere Trafonti, immerso tra colline, uliveti, vigne e boschi del Sud della Toscana. Io e Bernard abbiamo comprato una fattoria in rovina di 13.5 ettari di terreni coltivabili e bosco nel 2015 e abbiamo iniziato a [&hellip;]<\/p>\n","protected":false},"author":4,"featured_media":0,"parent":2132,"menu_order":0,"comment_status":"closed","ping_status":"closed","template":"","meta":{"_acf_changed":false,"footnotes":""},"class_list":["post-2199","page","type-page","status-publish","hentry"],"acf":[],"yoast_head":"<!-- This site is optimized with the Yoast SEO Premium plugin v22.7 (Yoast SEO v27.2) - https:\/\/yoast.com\/product\/yoast-seo-premium-wordpress\/ -->\n<title>Podere Trafonti - esplorare la natura<\/title>\n<meta name=\"description\" content=\"Trafonti \u00e8 esplorare la natura, per nutrire mente e spirito grazie ai tesori artistici e culturali di questo territorio.\" \/>\n<meta name=\"robots\" content=\"index, follow, max-snippet:-1, max-image-preview:large, max-video-preview:-1\" \/>\n<link rel=\"canonical\" href=\"https:\/\/www.poderetrafonti.com\/it\/sentire\/il-senso-di-tutto-questo\/\" \/>\n<meta property=\"og:locale\" content=\"it_IT\" \/>\n<meta property=\"og:type\" content=\"article\" \/>\n<meta property=\"og:title\" content=\"Il senso di tutto questo\" \/>\n<meta property=\"og:description\" content=\"Trafonti \u00e8 esplorare la natura, per nutrire mente e spirito grazie ai tesori artistici e culturali di questo territorio.\" \/>\n<meta property=\"og:url\" content=\"https:\/\/www.poderetrafonti.com\/it\/sentire\/il-senso-di-tutto-questo\/\" \/>\n<meta property=\"og:site_name\" content=\"Podere Trafonti\" \/>\n<meta property=\"article:publisher\" content=\"https:\/\/www.facebook.com\/PodereTrafonti\" \/>\n<meta property=\"article:modified_time\" content=\"2024-03-04T11:13:47+00:00\" \/>\n<meta property=\"og:image\" content=\"https:\/\/www.poderetrafonti.com\/wp-content\/uploads\/2024\/03\/bici-antonella-c599a8a9-1-1.webp\" \/>\n<meta name=\"twitter:card\" content=\"summary_large_image\" \/>\n<meta name=\"twitter:label1\" content=\"Tempo di lettura stimato\" \/>\n\t<meta name=\"twitter:data1\" content=\"2 minuti\" \/>\n<script type=\"application\/ld+json\" class=\"yoast-schema-graph\">{\"@context\":\"https:\/\/schema.org\",\"@graph\":[{\"@type\":\"WebPage\",\"@id\":\"https:\/\/www.poderetrafonti.com\/it\/sentire\/il-senso-di-tutto-questo\/\",\"url\":\"https:\/\/www.poderetrafonti.com\/it\/sentire\/il-senso-di-tutto-questo\/\",\"name\":\"Podere Trafonti - esplorare la natura\",\"isPartOf\":{\"@id\":\"https:\/\/www.poderetrafonti.com\/#website\"},\"primaryImageOfPage\":{\"@id\":\"https:\/\/www.poderetrafonti.com\/it\/sentire\/il-senso-di-tutto-questo\/#primaryimage\"},\"image\":{\"@id\":\"https:\/\/www.poderetrafonti.com\/it\/sentire\/il-senso-di-tutto-questo\/#primaryimage\"},\"thumbnailUrl\":\"https:\/\/www.poderetrafonti.com\/wp-content\/uploads\/2024\/03\/bici-antonella-c599a8a9-1-1.webp\",\"datePublished\":\"2020-08-07T07:57:48+00:00\",\"dateModified\":\"2024-03-04T11:13:47+00:00\",\"description\":\"Trafonti \u00e8 esplorare la natura, per nutrire mente e spirito grazie ai tesori artistici e culturali di questo territorio.\",\"breadcrumb\":{\"@id\":\"https:\/\/www.poderetrafonti.com\/it\/sentire\/il-senso-di-tutto-questo\/#breadcrumb\"},\"inLanguage\":\"it-IT\",\"potentialAction\":[{\"@type\":\"ReadAction\",\"target\":[\"https:\/\/www.poderetrafonti.com\/it\/sentire\/il-senso-di-tutto-questo\/\"]}]},{\"@type\":\"ImageObject\",\"inLanguage\":\"it-IT\",\"@id\":\"https:\/\/www.poderetrafonti.com\/it\/sentire\/il-senso-di-tutto-questo\/#primaryimage\",\"url\":\"https:\/\/www.poderetrafonti.com\/wp-content\/uploads\/2024\/03\/bici-antonella-c599a8a9-1-1.webp\",\"contentUrl\":\"https:\/\/www.poderetrafonti.com\/wp-content\/uploads\/2024\/03\/bici-antonella-c599a8a9-1-1.webp\"},{\"@type\":\"BreadcrumbList\",\"@id\":\"https:\/\/www.poderetrafonti.com\/it\/sentire\/il-senso-di-tutto-questo\/#breadcrumb\",\"itemListElement\":[{\"@type\":\"ListItem\",\"position\":1,\"name\":\"Home\",\"item\":\"https:\/\/www.poderetrafonti.com\/it\/\"},{\"@type\":\"ListItem\",\"position\":2,\"name\":\"Sentire\",\"item\":\"https:\/\/www.poderetrafonti.com\/it\/sentire\/\"},{\"@type\":\"ListItem\",\"position\":3,\"name\":\"Il senso di tutto questo\"}]},{\"@type\":\"WebSite\",\"@id\":\"https:\/\/www.poderetrafonti.com\/#website\",\"url\":\"https:\/\/www.poderetrafonti.com\/\",\"name\":\"Podere Trafonti\",\"description\":\"Trafonti website\",\"publisher\":{\"@id\":\"https:\/\/www.poderetrafonti.com\/#organization\"},\"potentialAction\":[{\"@type\":\"SearchAction\",\"target\":{\"@type\":\"EntryPoint\",\"urlTemplate\":\"https:\/\/www.poderetrafonti.com\/?s={search_term_string}\"},\"query-input\":{\"@type\":\"PropertyValueSpecification\",\"valueRequired\":true,\"valueName\":\"search_term_string\"}}],\"inLanguage\":\"it-IT\"},{\"@type\":\"Organization\",\"@id\":\"https:\/\/www.poderetrafonti.com\/#organization\",\"name\":\"Podere Trafonti\",\"url\":\"https:\/\/www.poderetrafonti.com\/\",\"logo\":{\"@type\":\"ImageObject\",\"inLanguage\":\"it-IT\",\"@id\":\"https:\/\/www.poderetrafonti.com\/#\/schema\/logo\/image\/\",\"url\":\"https:\/\/www.poderetrafonti.com\/wp-content\/uploads\/2019\/12\/logo-trafonti.png\",\"contentUrl\":\"https:\/\/www.poderetrafonti.com\/wp-content\/uploads\/2019\/12\/logo-trafonti.png\",\"width\":329,\"height\":377,\"caption\":\"Podere Trafonti\"},\"image\":{\"@id\":\"https:\/\/www.poderetrafonti.com\/#\/schema\/logo\/image\/\"},\"sameAs\":[\"https:\/\/www.facebook.com\/PodereTrafonti\",\"https:\/\/www.instagram.com\/antonella_poderetrafonti\/\",\"https:\/\/www.linkedin.com\/company\/18341221\/admin\/feed\/posts\/\"]}]}<\/script>\n<!-- \/ Yoast SEO Premium plugin. -->","yoast_head_json":{"title":"Podere Trafonti - esplorare la natura","description":"Trafonti \u00e8 esplorare la natura, per nutrire mente e spirito grazie ai tesori artistici e culturali di questo territorio.","robots":{"index":"index","follow":"follow","max-snippet":"max-snippet:-1","max-image-preview":"max-image-preview:large","max-video-preview":"max-video-preview:-1"},"canonical":"https:\/\/www.poderetrafonti.com\/it\/sentire\/il-senso-di-tutto-questo\/","og_locale":"it_IT","og_type":"article","og_title":"Il senso di tutto questo","og_description":"Trafonti \u00e8 esplorare la natura, per nutrire mente e spirito grazie ai tesori artistici e culturali di questo territorio.","og_url":"https:\/\/www.poderetrafonti.com\/it\/sentire\/il-senso-di-tutto-questo\/","og_site_name":"Podere Trafonti","article_publisher":"https:\/\/www.facebook.com\/PodereTrafonti","article_modified_time":"2024-03-04T11:13:47+00:00","og_image":[{"url":"https:\/\/www.poderetrafonti.com\/wp-content\/uploads\/2024\/03\/bici-antonella-c599a8a9-1-1.webp","type":"","width":"","height":""}],"twitter_card":"summary_large_image","twitter_misc":{"Tempo di lettura stimato":"2 minuti"},"schema":{"@context":"https:\/\/schema.org","@graph":[{"@type":"WebPage","@id":"https:\/\/www.poderetrafonti.com\/it\/sentire\/il-senso-di-tutto-questo\/","url":"https:\/\/www.poderetrafonti.com\/it\/sentire\/il-senso-di-tutto-questo\/","name":"Podere Trafonti - esplorare la natura","isPartOf":{"@id":"https:\/\/www.poderetrafonti.com\/#website"},"primaryImageOfPage":{"@id":"https:\/\/www.poderetrafonti.com\/it\/sentire\/il-senso-di-tutto-questo\/#primaryimage"},"image":{"@id":"https:\/\/www.poderetrafonti.com\/it\/sentire\/il-senso-di-tutto-questo\/#primaryimage"},"thumbnailUrl":"https:\/\/www.poderetrafonti.com\/wp-content\/uploads\/2024\/03\/bici-antonella-c599a8a9-1-1.webp","datePublished":"2020-08-07T07:57:48+00:00","dateModified":"2024-03-04T11:13:47+00:00","description":"Trafonti \u00e8 esplorare la natura, per nutrire mente e spirito grazie ai tesori artistici e culturali di questo territorio.","breadcrumb":{"@id":"https:\/\/www.poderetrafonti.com\/it\/sentire\/il-senso-di-tutto-questo\/#breadcrumb"},"inLanguage":"it-IT","potentialAction":[{"@type":"ReadAction","target":["https:\/\/www.poderetrafonti.com\/it\/sentire\/il-senso-di-tutto-questo\/"]}]},{"@type":"ImageObject","inLanguage":"it-IT","@id":"https:\/\/www.poderetrafonti.com\/it\/sentire\/il-senso-di-tutto-questo\/#primaryimage","url":"https:\/\/www.poderetrafonti.com\/wp-content\/uploads\/2024\/03\/bici-antonella-c599a8a9-1-1.webp","contentUrl":"https:\/\/www.poderetrafonti.com\/wp-content\/uploads\/2024\/03\/bici-antonella-c599a8a9-1-1.webp"},{"@type":"BreadcrumbList","@id":"https:\/\/www.poderetrafonti.com\/it\/sentire\/il-senso-di-tutto-questo\/#breadcrumb","itemListElement":[{"@type":"ListItem","position":1,"name":"Home","item":"https:\/\/www.poderetrafonti.com\/it\/"},{"@type":"ListItem","position":2,"name":"Sentire","item":"https:\/\/www.poderetrafonti.com\/it\/sentire\/"},{"@type":"ListItem","position":3,"name":"Il senso di tutto questo"}]},{"@type":"WebSite","@id":"https:\/\/www.poderetrafonti.com\/#website","url":"https:\/\/www.poderetrafonti.com\/","name":"Podere Trafonti","description":"Trafonti website","publisher":{"@id":"https:\/\/www.poderetrafonti.com\/#organization"},"potentialAction":[{"@type":"SearchAction","target":{"@type":"EntryPoint","urlTemplate":"https:\/\/www.poderetrafonti.com\/?s={search_term_string}"},"query-input":{"@type":"PropertyValueSpecification","valueRequired":true,"valueName":"search_term_string"}}],"inLanguage":"it-IT"},{"@type":"Organization","@id":"https:\/\/www.poderetrafonti.com\/#organization","name":"Podere Trafonti","url":"https:\/\/www.poderetrafonti.com\/","logo":{"@type":"ImageObject","inLanguage":"it-IT","@id":"https:\/\/www.poderetrafonti.com\/#\/schema\/logo\/image\/","url":"https:\/\/www.poderetrafonti.com\/wp-content\/uploads\/2019\/12\/logo-trafonti.png","contentUrl":"https:\/\/www.poderetrafonti.com\/wp-content\/uploads\/2019\/12\/logo-trafonti.png","width":329,"height":377,"caption":"Podere Trafonti"},"image":{"@id":"https:\/\/www.poderetrafonti.com\/#\/schema\/logo\/image\/"},"sameAs":["https:\/\/www.facebook.com\/PodereTrafonti","https:\/\/www.instagram.com\/antonella_poderetrafonti\/","https:\/\/www.linkedin.com\/company\/18341221\/admin\/feed\/posts\/"]}]}},"publishpress_future_action":{"enabled":false,"date":"2026-04-28 10:17:11","action":"change-status","newStatus":"draft","terms":[],"taxonomy":"translation_priority","extraData":[]},"publishpress_future_workflow_manual_trigger":{"enabledWorkflows":[]},"_links":{"self":[{"href":"https:\/\/www.poderetrafonti.com\/it\/wp-json\/wp\/v2\/pages\/2199","targetHints":{"allow":["GET"]}}],"collection":[{"href":"https:\/\/www.poderetrafonti.com\/it\/wp-json\/wp\/v2\/pages"}],"about":[{"href":"https:\/\/www.poderetrafonti.com\/it\/wp-json\/wp\/v2\/types\/page"}],"author":[{"embeddable":true,"href":"https:\/\/www.poderetrafonti.com\/it\/wp-json\/wp\/v2\/users\/4"}],"replies":[{"embeddable":true,"href":"https:\/\/www.poderetrafonti.com\/it\/wp-json\/wp\/v2\/comments?post=2199"}],"version-history":[{"count":20,"href":"https:\/\/www.poderetrafonti.com\/it\/wp-json\/wp\/v2\/pages\/2199\/revisions"}],"predecessor-version":[{"id":5604,"href":"https:\/\/www.poderetrafonti.com\/it\/wp-json\/wp\/v2\/pages\/2199\/revisions\/5604"}],"up":[{"embeddable":true,"href":"https:\/\/www.poderetrafonti.com\/it\/wp-json\/wp\/v2\/pages\/2132"}],"wp:attachment":[{"href":"https:\/\/www.poderetrafonti.com\/it\/wp-json\/wp\/v2\/media?parent=2199"}],"curies":[{"name":"wp","href":"https:\/\/api.w.org\/{rel}","templated":true}]}}