{"id":2205,"date":"2020-08-07T08:00:06","date_gmt":"2020-08-07T08:00:06","guid":{"rendered":"https:\/\/poderetrafonti.com\/?page_id=2205"},"modified":"2025-02-16T16:38:40","modified_gmt":"2025-02-16T15:38:40","slug":"accoglienza-consapevole","status":"publish","type":"page","link":"https:\/\/www.poderetrafonti.com\/it\/sentire\/accoglienza-consapevole\/","title":{"rendered":"Accoglienza consapevole"},"content":{"rendered":"\t\t<div data-elementor-type=\"wp-page\" data-elementor-id=\"2205\" class=\"elementor elementor-2205 elementor-721\" data-elementor-post-type=\"page\">\n\t\t\t\t<div class=\"elementor-element elementor-element-d5476af e-flex e-con-boxed e-con e-parent\" data-id=\"d5476af\" data-element_type=\"container\" data-e-type=\"container\">\n\t\t\t\t\t<div class=\"e-con-inner\">\n\t\t\t\t<div class=\"elementor-element elementor-element-6f20172 elementor-widget elementor-widget-image\" data-id=\"6f20172\" data-element_type=\"widget\" data-e-type=\"widget\" data-widget_type=\"image.default\">\n\t\t\t\t<div class=\"elementor-widget-container\">\n\t\t\t\t\t\t\t\t\t\t\t\t\t\t\t<img fetchpriority=\"high\" decoding=\"async\" width=\"1920\" height=\"850\" src=\"https:\/\/www.poderetrafonti.com\/wp-content\/uploads\/2024\/03\/leccio-yoga-5925b9a7.webp\" class=\"attachment-full size-full wp-image-5607\" alt=\"\" srcset=\"https:\/\/www.poderetrafonti.com\/wp-content\/uploads\/2024\/03\/leccio-yoga-5925b9a7.webp 1920w, https:\/\/www.poderetrafonti.com\/wp-content\/uploads\/2024\/03\/leccio-yoga-5925b9a7-300x133.webp 300w, https:\/\/www.poderetrafonti.com\/wp-content\/uploads\/2024\/03\/leccio-yoga-5925b9a7-1024x453.webp 1024w, https:\/\/www.poderetrafonti.com\/wp-content\/uploads\/2024\/03\/leccio-yoga-5925b9a7-768x340.webp 768w, https:\/\/www.poderetrafonti.com\/wp-content\/uploads\/2024\/03\/leccio-yoga-5925b9a7-1536x680.webp 1536w\" sizes=\"(max-width: 1920px) 100vw, 1920px\" \/>\t\t\t\t\t\t\t\t\t\t\t\t\t\t\t<\/div>\n\t\t\t\t<\/div>\n\t\t\t\t\t<\/div>\n\t\t\t\t<\/div>\n\t\t<div class=\"elementor-element elementor-element-c2cb536 e-flex e-con-boxed e-con e-parent\" data-id=\"c2cb536\" data-element_type=\"container\" data-e-type=\"container\">\n\t\t\t\t\t<div class=\"e-con-inner\">\n\t\t\t\t<div class=\"elementor-element elementor-element-1b2fd38 elementor-widget elementor-widget-heading\" data-id=\"1b2fd38\" data-element_type=\"widget\" data-e-type=\"widget\" data-widget_type=\"heading.default\">\n\t\t\t\t<div class=\"elementor-widget-container\">\n\t\t\t\t\t<h2 class=\"elementor-heading-title elementor-size-default\">Accoglienza consapevole\n<\/h2>\t\t\t\t<\/div>\n\t\t\t\t<\/div>\n\t\t\t\t\t<\/div>\n\t\t\t\t<\/div>\n\t\t<div class=\"elementor-element elementor-element-a2b39be e-flex e-con-boxed e-con e-parent\" data-id=\"a2b39be\" data-element_type=\"container\" data-e-type=\"container\">\n\t\t\t\t\t<div class=\"e-con-inner\">\n\t\t\t\t<div class=\"elementor-element elementor-element-680e790 elementor-widget elementor-widget-text-editor\" data-id=\"680e790\" data-element_type=\"widget\" data-e-type=\"widget\" data-widget_type=\"text-editor.default\">\n\t\t\t\t<div class=\"elementor-widget-container\">\n\t\t\t\t\t\t\t\t\t<div class=\"tm-grid-expand uk-child-width-1-1 uk-grid-margin uk-grid uk-grid-stack\" uk-grid=\"\">\n<div class=\"uk-width-1-1@m uk-first-column\">\n<div class=\"uk-panel uk-text-large uk-margin uk-text-left@m uk-text-center\">\n<div class=\"tm-grid-expand uk-child-width-1-1 uk-grid-margin uk-grid uk-grid-stack\" uk-grid=\"\">\n<div class=\"uk-width-1-1@m uk-first-column\">\n<div class=\"uk-panel uk-text-large uk-margin uk-text-left@m uk-text-center\">\n<div>\n\nNon \u00e8 facile ospitare amici e ospiti in un\u2019area cos\u00ec famosa come la Val d\u2019Orcia, nella Toscana meridionale, senza recare danno all\u2019ambiente e turbare la vita della comunit\u00e0.\n\nD\u2019altro canto, esplorare nuovi territori, incontrare persone con stili di vita differenti, scoprire i tesori artistici e architettonici del territorio, ammirare i lavori artigianali, approfittare delle qualit\u00e0 culinarie e dell\u2019abbondanza dei prodotti della terra, sono modi piacevoli per allargare i nostri orizzonti e creare legami.\n\n<\/div>\n<blockquote>\u201c\u2026conoscere di persona luoghi che hanno un alto valore culturale e naturale \u00e8 un prerequisito fondamentale per preservarli e proteggerli.\u201d<\/blockquote>\n<div>\n\nQuando si viaggia con curiosit\u00e0 e sincerit\u00e0, si impara a conoscere il mondo, le persone e noi stessi. Inoltre, conoscere di persona luoghi che hanno un alto e valore culturale e naturale \u00e8 un prerequisito fondamentale per preservarli e proteggerli.\n\n\u00c8 proprio per questo motivo che a Podere Trafonti abbiamo deciso di praticare l\u2019ospitalit\u00e0 e l\u2019agricoltura sostenibile in maniera etica e virtuosa: con rispetto verso l\u2019ambiente, il territorio, gli animali domestici e selvatici, gli abitanti e la loro cultura.\n\n<\/div>\n<blockquote>\u201cVi invitiamo a viaggiare con noi e a farci partecipi del vostro sapere e delle vostre esperienze.\u201d<\/blockquote>\n<div>\n\nCi impegniamo ogni giorno a utilizzare le risorse in maniera responsabile ed efficiente, a rigenerare la terra e ad apportare valore alla comunit\u00e0 nella quale viviamo. Speriamo di creare un ambiente in cui noi, i nostri ospiti e le persone che lavorano con noi e vicino a noi possano godere della reciproca compagnia e si sentano arricchite da esperienze condivise.\n\n\u00c8 un viaggio, e siamo ancora lontani dal traguardo finale. Vi invitiamo a viaggiare con noi e a farci partecipi del vostro sapere e delle vostre esperienze.\n\n<\/div>\n<blockquote>Il nostro impegno<\/blockquote>\n<div>\n<div>\n\nNel cammino verso la sostenibilit\u00e0, queste sono alcune azioni nelle quali ci impegniamo per agire con responsabilit\u00e0 e rispetto verso l\u2019ambiente.\n\nNon \u00e8 una lista esaustiva ma speriamo che vi possa dare un\u2019idea di come cerchiamo di vivere e lavorare in armonia con l\u2019ambiente.\n\nAttendiamo i vostri commenti e accoglieremo con attenzione i vostri suggerimenti creativi che ci aiuteranno a migliorare il nostro modo di essere e di fare.\n\n<\/div>\n<div>\n\nSiamo appassionati ed interessati alla <strong>scoperta del territorio<\/strong>, della sua storia, cultura arte e architettura, delle bellezze naturali e del talento degli artigiani e dei produttori.\n\nPartecipiamo attivamente alla vita culturale e sociale; ad esempio siamo sponsor di alcuni eventi culturali e facciamo volontariato nella attivit\u00e0 organizzate dalla comunit\u00e0. Saremo felici di condividere con i nostri ospiti la conoscenza e la comprensione del territorio che abbiamo acquisito.\n\n<\/div>\n<div>\n\n<strong>Sosteniamo l\u2019economia locale <\/strong>facendo appello ad artigiani locali, professionisti e promotori di servizi nonch\u00e9 comprando i beni da piccoli negozi ed aziende a conduzione familiare.\n\nCi siamo accorti che molti professionisti locali sono pronti a fare di tutto per fornire servizi di qualit\u00e0, capire ci\u00f2 che chiediamo ed eseguire il follow-up post vendita con gentilezza e generosit\u00e0. Quando \u00e8 possibile pratichiamo il baratto per le prestazioni pi\u00f9 semplici.\n\n<\/div>\n<blockquote>\u201c&#8230;quando si viaggia con curiosit\u00e0 e sincerit\u00e0, si impara a conoscere il mondo, le persone e noi stessi.&#8221;<\/blockquote>\n<div>\n\n<strong>Prediligiamo <\/strong>i prodotti locali e biologici per il cibo e le bevande che serviamo ai nostri ospiti.\n\nVisto che si dice che l\u2019amore passa per lo stomaco per poi arrivare al cuore, preferiamo scegliere e supportare l\u2019economia locale che si basa sulla buona qualit\u00e0 e sulla produzione sana e sostenibile per la quale facciamo la nostra piccola parte con orto, uliveto e apiario.\n\n<\/div>\n<div>\n\nAnche se non \u00e8 facile raggiungere Trafonti con i mezzi pubblici e quasi non si pu\u00f2 fare a meno di avere una macchina sul posto per visitare la zona, proponiamo ai nostri ospiti di arrivare in treno e di noleggiare una macchina sul posto.\n\n<strong>Possiamo poi organizzare noleggio di bici ed e-bikes <\/strong>e saremo felici di consigliarvi passeggiate ed escursioni da fare da soli o con la guida di esperti ambientali. A Trafonti organizziamo anche altre attivit\u00e0 che non richiedano l\u2019utilizzo di un veicolo come la caccia ai tartufi o la passeggiata alla ricerca di erbe spontanee.\n\n<\/div>\n<blockquote>&#8220;La meta di chi viaggia non \u00e8 mai un luogo ma un nuovo modo di vivere le cose.&#8221; &#8211; H. Miller<\/blockquote>\n<div>\n\n<strong>Facciamo il possibile per usare i combustibili in maniera efficiente <\/strong>e per risparmiare acqua. Abbiamo installato pannelli solari per integrare la copertura elettrica e abbiamo investito molto nell\u2019isolamento termico della casa affinch\u00e9 mantenga la temperatura sia in estate che in inverno.\n\nRaccogliamo la pioggia in cisterne per l\u2019irrigazione del giardino che \u00e8 stato pensato per usare soltanto l\u2019acqua strettamente necessaria. Lenzuola e asciugamani vengono cambiati soltanto su richiesta o quando necessario per evitare sprechi.\n\n<\/div>\n<div>\n\n<strong>Ricicliamo tutto ci\u00f2 che pu\u00f2 essere riciclato <\/strong>e mettiamo nel compost tutto ci\u00f2 che pu\u00f2 diventare concime naturale.\n\nPer quanto riguarda le bevande usiamo per lo pi\u00f9 bottiglie in vetro e cerchiamo di minimizzare l\u2019utilizzo della plastica ove possibile, anche nel caso dei kit di cortesia che forniamo ai nostri clienti. Per le pulizie usiamo solitamente prodotti ecologici. La piscina \u00e8 calibrata per consumare il minimo apporto di agenti chimici, nel rispetto delle norme vigenti.\n\n<\/div>\n<blockquote>&#8220;Qui la vita sembra pi\u00f9 semplice e, allo stesso tempo, pi\u00f9 piena di significato, pi\u00f9 naturalmente umana.&#8221;<\/blockquote>\n<div>\n\n<strong>Abbiamo creato il nostro orto <\/strong>seguendo i principi della permacultura e del biologico; richiede quindi un intervento umano poco invasivo e meno irrigazione.\n\nAnalogamente, lasciamo crescere tra le file di ulivi un mix di fiori che fornisce sostanze nutritive agli alberi in maniera naturale.\n\n<\/div>\n<div>\n\n<strong>Diamo molto valore alla biodiversit\u00e0 e rispettiamo gli animali domestici e selvatici <\/strong>che vivono con noi, trattandoli con amore e rispetto.\n\n\u00c8 proprio questo il motivo per il quale abbiamo scelto di praticare l\u2019apicoltura biologica, sostenibile e <em>bee-friendly <\/em>e abbiamo deciso di ridurre al minimo l\u2019utilizzo di repellenti contro gli insetti ed altre sostanze potenzialmente dannose.\n\n<\/div>\n<blockquote>&#8220;Riduciamo. Riusiamo. Ricicliamo. Recuperiamo. Riflettiamo.&#8221; <\/blockquote>\n<div>\n\n<\/div>\n<\/div>\n<\/div>\n<\/div>\n<\/div>\n<\/div>\n<\/div>\n<\/div>\t\t\t\t\t\t\t\t<\/div>\n\t\t\t\t<\/div>\n\t\t\t\t\t<\/div>\n\t\t\t\t<\/div>\n\t\t\t\t<\/div>\n\t\t","protected":false},"excerpt":{"rendered":"<p>Accoglienza consapevole Non \u00e8 facile ospitare amici e ospiti in un\u2019area cos\u00ec famosa come la Val d\u2019Orcia, nella Toscana meridionale, senza recare danno all\u2019ambiente e turbare la vita della comunit\u00e0. D\u2019altro canto, esplorare nuovi territori, incontrare persone con stili di vita differenti, scoprire i tesori artistici e architettonici del territorio, ammirare i lavori artigianali, approfittare [&hellip;]<\/p>\n","protected":false},"author":4,"featured_media":0,"parent":2132,"menu_order":0,"comment_status":"closed","ping_status":"closed","template":"","meta":{"_acf_changed":false,"footnotes":""},"class_list":["post-2205","page","type-page","status-publish","hentry"],"acf":[],"yoast_head":"<!-- This site is optimized with the Yoast SEO Premium plugin v22.7 (Yoast SEO v27.2) - https:\/\/yoast.com\/product\/yoast-seo-premium-wordpress\/ -->\n<title>Accoglienza consapevole - Podere Trafonti<\/title>\n<meta name=\"robots\" content=\"index, follow, max-snippet:-1, max-image-preview:large, max-video-preview:-1\" \/>\n<link rel=\"canonical\" href=\"https:\/\/www.poderetrafonti.com\/it\/sentire\/accoglienza-consapevole\/\" \/>\n<meta property=\"og:locale\" content=\"it_IT\" \/>\n<meta property=\"og:type\" content=\"article\" \/>\n<meta property=\"og:title\" content=\"Accoglienza consapevole\" \/>\n<meta property=\"og:description\" content=\"Accoglienza consapevole Non \u00e8 facile ospitare amici e ospiti in un\u2019area cos\u00ec famosa come la Val d\u2019Orcia, nella Toscana meridionale, senza recare danno all\u2019ambiente e turbare la vita della comunit\u00e0. D\u2019altro canto, esplorare nuovi territori, incontrare persone con stili di vita differenti, scoprire i tesori artistici e architettonici del territorio, ammirare i lavori artigianali, approfittare [&hellip;]\" \/>\n<meta property=\"og:url\" content=\"https:\/\/www.poderetrafonti.com\/it\/sentire\/accoglienza-consapevole\/\" \/>\n<meta property=\"og:site_name\" content=\"Podere Trafonti\" \/>\n<meta property=\"article:publisher\" content=\"https:\/\/www.facebook.com\/PodereTrafonti\" \/>\n<meta property=\"article:modified_time\" content=\"2025-02-16T15:38:40+00:00\" \/>\n<meta property=\"og:image\" content=\"https:\/\/www.poderetrafonti.com\/wp-content\/uploads\/2024\/03\/leccio-yoga-5925b9a7.webp\" \/>\n<meta name=\"twitter:card\" content=\"summary_large_image\" \/>\n<meta name=\"twitter:label1\" content=\"Tempo di lettura stimato\" \/>\n\t<meta name=\"twitter:data1\" content=\"5 minuti\" \/>\n<script type=\"application\/ld+json\" class=\"yoast-schema-graph\">{\"@context\":\"https:\/\/schema.org\",\"@graph\":[{\"@type\":\"WebPage\",\"@id\":\"https:\/\/www.poderetrafonti.com\/it\/sentire\/accoglienza-consapevole\/\",\"url\":\"https:\/\/www.poderetrafonti.com\/it\/sentire\/accoglienza-consapevole\/\",\"name\":\"Accoglienza consapevole - Podere Trafonti\",\"isPartOf\":{\"@id\":\"http:\/\/www.poderetrafonti.com\/#website\"},\"primaryImageOfPage\":{\"@id\":\"https:\/\/www.poderetrafonti.com\/it\/sentire\/accoglienza-consapevole\/#primaryimage\"},\"image\":{\"@id\":\"https:\/\/www.poderetrafonti.com\/it\/sentire\/accoglienza-consapevole\/#primaryimage\"},\"thumbnailUrl\":\"https:\/\/www.poderetrafonti.com\/wp-content\/uploads\/2024\/03\/leccio-yoga-5925b9a7.webp\",\"datePublished\":\"2020-08-07T08:00:06+00:00\",\"dateModified\":\"2025-02-16T15:38:40+00:00\",\"breadcrumb\":{\"@id\":\"https:\/\/www.poderetrafonti.com\/it\/sentire\/accoglienza-consapevole\/#breadcrumb\"},\"inLanguage\":\"it-IT\",\"potentialAction\":[{\"@type\":\"ReadAction\",\"target\":[\"https:\/\/www.poderetrafonti.com\/it\/sentire\/accoglienza-consapevole\/\"]}]},{\"@type\":\"ImageObject\",\"inLanguage\":\"it-IT\",\"@id\":\"https:\/\/www.poderetrafonti.com\/it\/sentire\/accoglienza-consapevole\/#primaryimage\",\"url\":\"https:\/\/www.poderetrafonti.com\/wp-content\/uploads\/2024\/03\/leccio-yoga-5925b9a7.webp\",\"contentUrl\":\"https:\/\/www.poderetrafonti.com\/wp-content\/uploads\/2024\/03\/leccio-yoga-5925b9a7.webp\"},{\"@type\":\"BreadcrumbList\",\"@id\":\"https:\/\/www.poderetrafonti.com\/it\/sentire\/accoglienza-consapevole\/#breadcrumb\",\"itemListElement\":[{\"@type\":\"ListItem\",\"position\":1,\"name\":\"Home\",\"item\":\"http:\/\/www.poderetrafonti.com\/it\/\"},{\"@type\":\"ListItem\",\"position\":2,\"name\":\"Sentire\",\"item\":\"https:\/\/www.poderetrafonti.com\/it\/sentire\/\"},{\"@type\":\"ListItem\",\"position\":3,\"name\":\"Accoglienza consapevole\"}]},{\"@type\":\"WebSite\",\"@id\":\"http:\/\/www.poderetrafonti.com\/#website\",\"url\":\"http:\/\/www.poderetrafonti.com\/\",\"name\":\"Podere Trafonti\",\"description\":\"Trafonti website\",\"publisher\":{\"@id\":\"http:\/\/www.poderetrafonti.com\/#organization\"},\"potentialAction\":[{\"@type\":\"SearchAction\",\"target\":{\"@type\":\"EntryPoint\",\"urlTemplate\":\"http:\/\/www.poderetrafonti.com\/?s={search_term_string}\"},\"query-input\":{\"@type\":\"PropertyValueSpecification\",\"valueRequired\":true,\"valueName\":\"search_term_string\"}}],\"inLanguage\":\"it-IT\"},{\"@type\":\"Organization\",\"@id\":\"http:\/\/www.poderetrafonti.com\/#organization\",\"name\":\"Podere Trafonti\",\"url\":\"http:\/\/www.poderetrafonti.com\/\",\"logo\":{\"@type\":\"ImageObject\",\"inLanguage\":\"it-IT\",\"@id\":\"http:\/\/www.poderetrafonti.com\/#\/schema\/logo\/image\/\",\"url\":\"https:\/\/www.poderetrafonti.com\/wp-content\/uploads\/2019\/12\/logo-trafonti.png\",\"contentUrl\":\"https:\/\/www.poderetrafonti.com\/wp-content\/uploads\/2019\/12\/logo-trafonti.png\",\"width\":329,\"height\":377,\"caption\":\"Podere Trafonti\"},\"image\":{\"@id\":\"http:\/\/www.poderetrafonti.com\/#\/schema\/logo\/image\/\"},\"sameAs\":[\"https:\/\/www.facebook.com\/PodereTrafonti\",\"https:\/\/www.instagram.com\/antonella_poderetrafonti\/\",\"https:\/\/www.linkedin.com\/company\/18341221\/admin\/feed\/posts\/\"]}]}<\/script>\n<!-- \/ Yoast SEO Premium plugin. -->","yoast_head_json":{"title":"Accoglienza consapevole - Podere Trafonti","robots":{"index":"index","follow":"follow","max-snippet":"max-snippet:-1","max-image-preview":"max-image-preview:large","max-video-preview":"max-video-preview:-1"},"canonical":"https:\/\/www.poderetrafonti.com\/it\/sentire\/accoglienza-consapevole\/","og_locale":"it_IT","og_type":"article","og_title":"Accoglienza consapevole","og_description":"Accoglienza consapevole Non \u00e8 facile ospitare amici e ospiti in un\u2019area cos\u00ec famosa come la Val d\u2019Orcia, nella Toscana meridionale, senza recare danno all\u2019ambiente e turbare la vita della comunit\u00e0. D\u2019altro canto, esplorare nuovi territori, incontrare persone con stili di vita differenti, scoprire i tesori artistici e architettonici del territorio, ammirare i lavori artigianali, approfittare [&hellip;]","og_url":"https:\/\/www.poderetrafonti.com\/it\/sentire\/accoglienza-consapevole\/","og_site_name":"Podere Trafonti","article_publisher":"https:\/\/www.facebook.com\/PodereTrafonti","article_modified_time":"2025-02-16T15:38:40+00:00","og_image":[{"url":"https:\/\/www.poderetrafonti.com\/wp-content\/uploads\/2024\/03\/leccio-yoga-5925b9a7.webp","type":"","width":"","height":""}],"twitter_card":"summary_large_image","twitter_misc":{"Tempo di lettura stimato":"5 minuti"},"schema":{"@context":"https:\/\/schema.org","@graph":[{"@type":"WebPage","@id":"https:\/\/www.poderetrafonti.com\/it\/sentire\/accoglienza-consapevole\/","url":"https:\/\/www.poderetrafonti.com\/it\/sentire\/accoglienza-consapevole\/","name":"Accoglienza consapevole - Podere Trafonti","isPartOf":{"@id":"http:\/\/www.poderetrafonti.com\/#website"},"primaryImageOfPage":{"@id":"https:\/\/www.poderetrafonti.com\/it\/sentire\/accoglienza-consapevole\/#primaryimage"},"image":{"@id":"https:\/\/www.poderetrafonti.com\/it\/sentire\/accoglienza-consapevole\/#primaryimage"},"thumbnailUrl":"https:\/\/www.poderetrafonti.com\/wp-content\/uploads\/2024\/03\/leccio-yoga-5925b9a7.webp","datePublished":"2020-08-07T08:00:06+00:00","dateModified":"2025-02-16T15:38:40+00:00","breadcrumb":{"@id":"https:\/\/www.poderetrafonti.com\/it\/sentire\/accoglienza-consapevole\/#breadcrumb"},"inLanguage":"it-IT","potentialAction":[{"@type":"ReadAction","target":["https:\/\/www.poderetrafonti.com\/it\/sentire\/accoglienza-consapevole\/"]}]},{"@type":"ImageObject","inLanguage":"it-IT","@id":"https:\/\/www.poderetrafonti.com\/it\/sentire\/accoglienza-consapevole\/#primaryimage","url":"https:\/\/www.poderetrafonti.com\/wp-content\/uploads\/2024\/03\/leccio-yoga-5925b9a7.webp","contentUrl":"https:\/\/www.poderetrafonti.com\/wp-content\/uploads\/2024\/03\/leccio-yoga-5925b9a7.webp"},{"@type":"BreadcrumbList","@id":"https:\/\/www.poderetrafonti.com\/it\/sentire\/accoglienza-consapevole\/#breadcrumb","itemListElement":[{"@type":"ListItem","position":1,"name":"Home","item":"http:\/\/www.poderetrafonti.com\/it\/"},{"@type":"ListItem","position":2,"name":"Sentire","item":"https:\/\/www.poderetrafonti.com\/it\/sentire\/"},{"@type":"ListItem","position":3,"name":"Accoglienza consapevole"}]},{"@type":"WebSite","@id":"http:\/\/www.poderetrafonti.com\/#website","url":"http:\/\/www.poderetrafonti.com\/","name":"Podere Trafonti","description":"Trafonti website","publisher":{"@id":"http:\/\/www.poderetrafonti.com\/#organization"},"potentialAction":[{"@type":"SearchAction","target":{"@type":"EntryPoint","urlTemplate":"http:\/\/www.poderetrafonti.com\/?s={search_term_string}"},"query-input":{"@type":"PropertyValueSpecification","valueRequired":true,"valueName":"search_term_string"}}],"inLanguage":"it-IT"},{"@type":"Organization","@id":"http:\/\/www.poderetrafonti.com\/#organization","name":"Podere Trafonti","url":"http:\/\/www.poderetrafonti.com\/","logo":{"@type":"ImageObject","inLanguage":"it-IT","@id":"http:\/\/www.poderetrafonti.com\/#\/schema\/logo\/image\/","url":"https:\/\/www.poderetrafonti.com\/wp-content\/uploads\/2019\/12\/logo-trafonti.png","contentUrl":"https:\/\/www.poderetrafonti.com\/wp-content\/uploads\/2019\/12\/logo-trafonti.png","width":329,"height":377,"caption":"Podere Trafonti"},"image":{"@id":"http:\/\/www.poderetrafonti.com\/#\/schema\/logo\/image\/"},"sameAs":["https:\/\/www.facebook.com\/PodereTrafonti","https:\/\/www.instagram.com\/antonella_poderetrafonti\/","https:\/\/www.linkedin.com\/company\/18341221\/admin\/feed\/posts\/"]}]}},"publishpress_future_action":{"enabled":false,"date":"2026-04-24 06:34:49","action":"change-status","newStatus":"draft","terms":[],"taxonomy":"translation_priority","extraData":[]},"publishpress_future_workflow_manual_trigger":{"enabledWorkflows":[]},"_links":{"self":[{"href":"https:\/\/www.poderetrafonti.com\/it\/wp-json\/wp\/v2\/pages\/2205","targetHints":{"allow":["GET"]}}],"collection":[{"href":"https:\/\/www.poderetrafonti.com\/it\/wp-json\/wp\/v2\/pages"}],"about":[{"href":"https:\/\/www.poderetrafonti.com\/it\/wp-json\/wp\/v2\/types\/page"}],"author":[{"embeddable":true,"href":"https:\/\/www.poderetrafonti.com\/it\/wp-json\/wp\/v2\/users\/4"}],"replies":[{"embeddable":true,"href":"https:\/\/www.poderetrafonti.com\/it\/wp-json\/wp\/v2\/comments?post=2205"}],"version-history":[{"count":29,"href":"https:\/\/www.poderetrafonti.com\/it\/wp-json\/wp\/v2\/pages\/2205\/revisions"}],"predecessor-version":[{"id":6515,"href":"https:\/\/www.poderetrafonti.com\/it\/wp-json\/wp\/v2\/pages\/2205\/revisions\/6515"}],"up":[{"embeddable":true,"href":"https:\/\/www.poderetrafonti.com\/it\/wp-json\/wp\/v2\/pages\/2132"}],"wp:attachment":[{"href":"https:\/\/www.poderetrafonti.com\/it\/wp-json\/wp\/v2\/media?parent=2205"}],"curies":[{"name":"wp","href":"https:\/\/api.w.org\/{rel}","templated":true}]}}